{"id":12199,"date":"2023-10-11T14:54:28","date_gmt":"2023-10-11T19:54:28","guid":{"rendered":"https:\/\/www.mcclaca.org\/?page_id=12199"},"modified":"2023-10-19T13:10:08","modified_gmt":"2023-10-19T18:10:08","slug":"que-es-abuso-sexual","status":"publish","type":"page","link":"https:\/\/www.mcclaca.org\/es\/mexico\/que-es-abuso-sexual\/","title":{"rendered":"\u00bfQue es abuso sexual?"},"content":{"rendered":"\n<p><strong>\u00bfQue es el abuso sexual?<\/strong><\/p>\n\n\n\n<p>Para hablar de abuso sexual, primero hay que hablar de sexualidad y el lugar que ocupa en nuestra vida.<\/p>\n\n\n\n<p>Cuando Dios cre\u00f3 al ser humano a su imagen y semejanza, y le confiri\u00f3 un lugar importante en la creaci\u00f3n y delante de \u00e9l, la sexualidad iba incluida. Cuando Dios vio al ser humano y se alegr\u00f3 de su obra y vio que era buena, \u00a1tambi\u00e9n lo era la sexualidad!<\/p>\n\n\n\n<p>La sexualidad no solo son las relaciones sexuales. La sexualidad es algo mucho m\u00e1s profundo y fundamental en el ser humano, e incluye el sexo, el g\u00e9nero, el erotismo, la vinculaci\u00f3n afectiva, el amor y la reproducci\u00f3n. Y \u201cse experimenta o se expresa en forma de pensamientos, fantas\u00edas, deseos, creencias, actitudes, valores, actividades, pr\u00e1cticas, roles y relaciones\u201d (Amssac, 2023).<\/p>\n\n\n\n<p>Esto significa que la sexualidad no se reduce tan solo al uso que le damos a nuestros \u00f3rganos genitales, \u00bfverdad? Sino que tiene que ver con muchos otros aspectos de nuestra vida y que la expresamos todos los d\u00edas. Porque todos los d\u00edas la llevamos con nosotros a donde quiera que vayamos\u2026<\/p>\n\n\n\n<p>Lastimosamente, despu\u00e9s de que Dios bendijo al ser humano en todos sus aspectos, lleg\u00f3 el pecado. Y el pecado lo trastorn\u00f3 todo. \u00bfRecuerdas que despu\u00e9s de haber comido el fruto prohibido, la Biblia dice que Ad\u00e1n y Eva al darse cuenta de que estaban desnudos se cubrieron? Y luego, cuando Dios llam\u00f3 a Ad\u00e1n, este le dijo que \u201ctuvo miedo porque estaba desnudo\u201d (G\u00e9nesis 3: 7-10).<\/p>\n\n\n\n<p>A partir de ese momento, y luego dependiendo de cada lugar, cultura, y creencias religiosas, los seres humanos comenzamos a tratar con verg\u00fcenza nuestra sexualidad. La escondemos como si fuera mala o sucia. No hablamos de ella porque nos da pena. \u00a1Incluso usamos otros nombres para referirnos a los \u00f3rganos genitales y hemos creado insultos y malas palabras haciendo referencia a ellos! Pero la sexualidad sigue siendo creaci\u00f3n de Dios, y cuando Cristo muri\u00f3 en la cruz para salvarnos de nuestros pecados, tambi\u00e9n le ofrece redenci\u00f3n.<\/p>\n\n\n\n<p>El abuso sexual entonces, es consecuencia directa del pecado del ser humano, porque como ocurre con todo lo que el pecado provoca, el abuso es un mal uso de la influencia, posici\u00f3n, fuerza, poder, autoridad, rol, recursos, conocimiento, etc\u00e9tera que una persona tiene, con el fin de obtener algo para \u00e9l o ella, sin tomar en cuenta a la otra persona. El abuso sexual implica un desprecio no solo por el v\u00ednculo que el agresor tiene con su v\u00edctima, (por ejemplo, si es una hija (o), nieta (o), sobrina (o), hermana (o), etc\u00e9tera), sino que tambi\u00e9n desprecia sus sentimientos, necesidades, emociones y sexualidad. Quien abusa sexualmente de otra persona, ya sea ni\u00f1o o adulto, peca contra s\u00ed mismo, contra Dios y contra su v\u00edctima, porque el abuso sexual es una ofensa grave delante de Dios y la comunidad, que provoca un da\u00f1o profundo en las personas, no solo f\u00edsico, porque como hemos visto, la sexualidad est\u00e1 presente en todas las \u00e1reas de nuestra vida, y a veces, si no se trata adecuadamente en terapia, ese da\u00f1o es para toda la vida.<\/p>\n\n\n\n<p>Esto es as\u00ed, porque en general, el abuso sexual lo comete una persona en la que la v\u00edctima confiaba y cuya responsabilidad hacia ella era amar, cuidar, proteger y guiar en la vida. Estamos hablando, sobre todo, de adultos, j\u00f3venes o adolescentes, en su mayor\u00eda hombres, que eligen un momento, d\u00eda, lugar y forma para abusar de un ni\u00f1o, ni\u00f1a u otro adolescente de menor edad o con alg\u00fan tipo de discapacidad.<\/p>\n\n\n\n<p><strong>El abuso sexual puede darse de muchas formas.<\/strong><\/p>\n\n\n\n<p>A veces creemos que se comete solo en la forma de violaci\u00f3n. Pero recuerda que el abuso sexual no tiene que ver tanto con la forma en que se comete el delito, sino con la intenci\u00f3n con la que se lleva a cabo.<\/p>\n\n\n\n<p>Por eso, el abuso sexual puede incluir tocamientos en diversas partes del cuerpo con intenciones sexuales o de seducci\u00f3n de parte del agresor hacia la v\u00edctima. O hacer que la v\u00edctima toque los genitales del agresor.<\/p>\n\n\n\n<p>Incluye meter el pene, los dedos u otros objetos en la boca, ano o vagina de la v\u00edctima.<\/p>\n\n\n\n<p>O hacer que la v\u00edctima meta los dedos u otros objetos en la boca, ano o vagina del agresor.<\/p>\n\n\n\n<p>Tambi\u00e9n es abuso sexual cuando un ni\u00f1o, ni\u00f1a o adolescente es obligado por un adulto o persona de mayor edad a ver contenido er\u00f3tico o pornogr\u00e1fico mediante la fuerza, el enga\u00f1o o la presi\u00f3n. O cuando es convencido u obligado a desnudarse para que el agresor lo vea o para que lo fotograf\u00ede o grabe en video.<\/p>\n\n\n\n<p>Es abuso sexual cuando el agresor no toca a su v\u00edctima, pero lo obliga a verlo mientras se masturba o exhibe sus genitales.<\/p>\n\n\n\n<p>\u00a1Ninguna persona deber\u00eda ser sometida a estas formas de abuso sexual!<\/p>\n\n\n\n<p>Y recuerda, el abuso sexual no es una manera \u201cnormal\u201d o \u201cnatural\u201d de presentar la sexualidad a la infancia.<\/p>\n\n\n\n<p><strong>Lugares, momentos, oportunidades para el abuso sexual<\/strong><\/p>\n\n\n\n<p>Los agresores esperan el mejor momento para abusar de su v\u00edctima. Las estad\u00edsticas nos dicen que el 80% de los agresores tiene una relaci\u00f3n de parentesco con la v\u00edctima. Es decir, tiene acceso directo a \u00e9l o ella y adem\u00e1s, conocen los espacios de su casa, las rutinas, horarios y din\u00e1micas de la familia. Conocen las necesidades de las v\u00edctimas y se presentan como \u201csalvadores\u201d o se acercan como \u201camigos\u201d de la familia, cuyas intenciones responden, precisamente a lo que la familia requiere en ese momento, por ejemplo, cuidar a los ni\u00f1os cuando mam\u00e1 o pap\u00e1 se enferman o tienen que salir a trabajar, apoyar econ\u00f3micamente a la familia cuando hay desempleo o gastos m\u00e9dicos, o los ni\u00f1os van a regresar a la escuela.<\/p>\n\n\n\n<p>Debes saber que los agresores sexuales PLANEAN el abuso que van a cometer. Por eso nunca, el abuso sexual infantil, es un \u201cerror\u201d o \u201calgo que no va a volver a pasar\u201d. En cada caso hay una intenci\u00f3n detr\u00e1s, un c\u00e1lculo, una estrategia.<\/p>\n\n\n\n<p>Tambi\u00e9n debes saber que el otro 20% de agresores sexuales lo componen personas que tienen alguna relaci\u00f3n de confianza o autoridad sobre los ni\u00f1os y ni\u00f1as: maestros, entrenadores, l\u00edderes de grupos, l\u00edderes religiosos, y en menor medida, desconocidos.<\/p>\n\n\n\n<p>\u00a1Cuida a tus hijos e hijas y habla con ellos sobre cu\u00e1les deben ser los l\u00edmites que otros adultos deben respetar en torno a su cuerpo y su sexualidad!<\/p>\n\n\n\n<p>Para saber m\u00e1s te recomendamos ver los siguientes videos:<\/p>\n\n\n\n<p><strong>Di\u00e1logos en confianza. Consecuencias del abuso sexual infantil<\/strong>:<\/p>\n\n\n\n<figure class=\"wp-block-embed is-type-video is-provider-youtube wp-block-embed-youtube wp-embed-aspect-16-9 wp-has-aspect-ratio\"><div class=\"wp-block-embed__wrapper\">\n<span class=\"embed-youtube\" style=\"text-align:center; display: block;\"><iframe class=\"youtube-player\" width=\"750\" height=\"422\" src=\"https:\/\/www.youtube.com\/embed\/ACNToTO3VJc?version=3&#038;rel=1&#038;showsearch=0&#038;showinfo=1&#038;iv_load_policy=1&#038;fs=1&#038;hl=es-ES&#038;autohide=2&#038;wmode=transparent\" allowfullscreen=\"true\" style=\"border:0;\" sandbox=\"allow-scripts allow-same-origin allow-popups allow-presentation allow-popups-to-escape-sandbox\"><\/iframe><\/span>\n<\/div><\/figure>\n\n\n\n<p><strong>Sobreviviente de violencia sexual. Draw my life<\/strong>:<\/p>\n\n\n\n<figure class=\"wp-block-embed is-type-video is-provider-youtube wp-block-embed-youtube wp-embed-aspect-16-9 wp-has-aspect-ratio\"><div class=\"wp-block-embed__wrapper\">\n<span class=\"embed-youtube\" style=\"text-align:center; display: block;\"><iframe class=\"youtube-player\" width=\"750\" height=\"422\" src=\"https:\/\/www.youtube.com\/embed\/8AOt1M1qIrU?version=3&#038;rel=1&#038;showsearch=0&#038;showinfo=1&#038;iv_load_policy=1&#038;fs=1&#038;hl=es-ES&#038;autohide=2&#038;start=3&#038;wmode=transparent\" allowfullscreen=\"true\" style=\"border:0;\" sandbox=\"allow-scripts allow-same-origin allow-popups allow-presentation allow-popups-to-escape-sandbox\"><\/iframe><\/span>\n<\/div><\/figure>\n\n\n\n<p><strong>C\u00f3mo explicar a los ni\u00f1os el abuso infantil<\/strong>:<\/p>\n\n\n\n<figure class=\"wp-block-embed is-type-video is-provider-youtube wp-block-embed-youtube wp-embed-aspect-16-9 wp-has-aspect-ratio\"><div class=\"wp-block-embed__wrapper\">\n<span class=\"embed-youtube\" style=\"text-align:center; display: block;\"><iframe class=\"youtube-player\" width=\"750\" height=\"422\" src=\"https:\/\/www.youtube.com\/embed\/PiDG8Onaras?version=3&#038;rel=1&#038;showsearch=0&#038;showinfo=1&#038;iv_load_policy=1&#038;fs=1&#038;hl=es-ES&#038;autohide=2&#038;wmode=transparent\" allowfullscreen=\"true\" style=\"border:0;\" sandbox=\"allow-scripts allow-same-origin allow-popups allow-presentation allow-popups-to-escape-sandbox\"><\/iframe><\/span>\n<\/div><\/figure>\n\n\n\n<p><strong>Prevenci\u00f3n del abuso sexual a ni\u00f1os, ni\u00f1as y adolescentes. Gu\u00eda para madres, padres y adultos protectores.<\/strong><\/p>\n\n\n\n<p><a href=\"https:\/\/drive.google.com\/file\/d\/1hv4LCzmeeWyl08PZtR5svLSq61tA6WwR\/view?usp=drive_link\">https:\/\/drive.google.com\/file\/d\/1hv4LCzmeeWyl08PZtR5svLSq61tA6WwR\/view?usp=drive_link<\/a><\/p>\n","protected":false},"excerpt":{"rendered":"<p>\u00bfQue es el abuso sexual? Para hablar de abuso sexual, primero hay que hablar de sexualidad y el lugar que ocupa en nuestra vida. Cuando Dios cre\u00f3 al ser humano a su imagen y semejanza, y le confiri\u00f3 un lugar importante en la creaci\u00f3n y delante de \u00e9l, la sexualidad iba incluida. Cuando Dios vio [&hellip;]<\/p>\n","protected":false},"author":5,"featured_media":12204,"parent":5859,"menu_order":0,"comment_status":"closed","ping_status":"closed","template":"","meta":{"nf_dc_page":"","jetpack_post_was_ever_published":false,"footnotes":""},"class_list":["post-12199","page","type-page","status-publish","has-post-thumbnail","hentry"],"jetpack_sharing_enabled":true,"jetpack_shortlink":"https:\/\/wp.me\/P7pJjQ-3aL","jetpack-related-posts":[{"id":12210,"url":"https:\/\/www.mcclaca.org\/es\/mexico\/herramientas-de-prevencion\/","url_meta":{"origin":12199,"position":0},"title":"Herramientas de prevenci\u00f3n","author":"Admin","date":"11 de octubre de 2023","format":false,"excerpt":"\u00bfQu\u00e9 puedes hacer para prevenir el abuso sexual infantil? Rompe el silencio. Este es un tema tan terrible que no nos atrevemos a tocarlo con nuestros hijos e hijas y preferimos cerrar los ojos y desear con todas nuestras fuerzas, que nunca nos pase a nosotros. Pero \u00bfqu\u00e9 crees? Los\u2026","rel":"","context":"Entrada similar","block_context":{"text":"Entrada similar","link":""},"img":{"alt_text":"","src":"https:\/\/i0.wp.com\/www.mcclaca.org\/wp-content\/uploads\/2023\/10\/FOTO-3-PREVENCION-scaled.jpg?fit=1200%2C800&ssl=1&resize=350%2C200","width":350,"height":200,"srcset":"https:\/\/i0.wp.com\/www.mcclaca.org\/wp-content\/uploads\/2023\/10\/FOTO-3-PREVENCION-scaled.jpg?fit=1200%2C800&ssl=1&resize=350%2C200 1x, https:\/\/i0.wp.com\/www.mcclaca.org\/wp-content\/uploads\/2023\/10\/FOTO-3-PREVENCION-scaled.jpg?fit=1200%2C800&ssl=1&resize=525%2C300 1.5x, https:\/\/i0.wp.com\/www.mcclaca.org\/wp-content\/uploads\/2023\/10\/FOTO-3-PREVENCION-scaled.jpg?fit=1200%2C800&ssl=1&resize=700%2C400 2x, https:\/\/i0.wp.com\/www.mcclaca.org\/wp-content\/uploads\/2023\/10\/FOTO-3-PREVENCION-scaled.jpg?fit=1200%2C800&ssl=1&resize=1050%2C600 3x"},"classes":[]},{"id":12214,"url":"https:\/\/www.mcclaca.org\/es\/mexico\/que-nos-ensena-la-palabra-sobre-el-abuso-sexual\/","url_meta":{"origin":12199,"position":1},"title":"\u00bfQu\u00e9 nos ense\u00f1a la Palabra sobre el abuso sexual?","author":"Admin","date":"11 de octubre de 2023","format":false,"excerpt":"La palabra de Dios nos da un ejemplo de lo que no debemos hacer cuando se revela un caso de abuso sexual. Y es parte de la historia del rey David y sus hijos. 2 Samuel 13 nos cuenta el abuso sexual al que fue sometida Tamar, la \u00fanica hija\u2026","rel":"","context":"Entrada similar","block_context":{"text":"Entrada similar","link":""},"img":{"alt_text":"","src":"https:\/\/i0.wp.com\/www.mcclaca.org\/wp-content\/uploads\/2023\/10\/FOTO-4-PALABRA-Y-ABUSO-scaled.jpg?fit=1200%2C800&ssl=1&resize=350%2C200","width":350,"height":200,"srcset":"https:\/\/i0.wp.com\/www.mcclaca.org\/wp-content\/uploads\/2023\/10\/FOTO-4-PALABRA-Y-ABUSO-scaled.jpg?fit=1200%2C800&ssl=1&resize=350%2C200 1x, https:\/\/i0.wp.com\/www.mcclaca.org\/wp-content\/uploads\/2023\/10\/FOTO-4-PALABRA-Y-ABUSO-scaled.jpg?fit=1200%2C800&ssl=1&resize=525%2C300 1.5x, https:\/\/i0.wp.com\/www.mcclaca.org\/wp-content\/uploads\/2023\/10\/FOTO-4-PALABRA-Y-ABUSO-scaled.jpg?fit=1200%2C800&ssl=1&resize=700%2C400 2x, https:\/\/i0.wp.com\/www.mcclaca.org\/wp-content\/uploads\/2023\/10\/FOTO-4-PALABRA-Y-ABUSO-scaled.jpg?fit=1200%2C800&ssl=1&resize=1050%2C600 3x"},"classes":[]},{"id":12218,"url":"https:\/\/www.mcclaca.org\/es\/mexico\/que-podemos-hacer-al-enterarnos-de-un-caso-de-abuso-sexual-en-nuestra-familia\/","url_meta":{"origin":12199,"position":2},"title":"\u00bfQu\u00e9 podemos hacer al enterarnos de un caso de abuso sexual en nuestra familia?","author":"Admin","date":"11 de octubre de 2023","format":false,"excerpt":"Guarda la calma. Cuando te enteres, sospeches o seas testigo de un caso de abuso sexual en tu familia respira profundo y enf\u00f3cate no en c\u00f3mo te sientes t\u00fa, sino en la v\u00edctima, sobre todo si se trata de un ni\u00f1o, ni\u00f1a o adolescente. \u00c9l o ella se acercaron a\u2026","rel":"","context":"Entrada similar","block_context":{"text":"Entrada similar","link":""},"img":{"alt_text":"","src":"https:\/\/i0.wp.com\/www.mcclaca.org\/wp-content\/uploads\/2023\/10\/FOTO-5-QUE-HACER-rsz.jpg?fit=1200%2C800&ssl=1&resize=350%2C200","width":350,"height":200,"srcset":"https:\/\/i0.wp.com\/www.mcclaca.org\/wp-content\/uploads\/2023\/10\/FOTO-5-QUE-HACER-rsz.jpg?fit=1200%2C800&ssl=1&resize=350%2C200 1x, https:\/\/i0.wp.com\/www.mcclaca.org\/wp-content\/uploads\/2023\/10\/FOTO-5-QUE-HACER-rsz.jpg?fit=1200%2C800&ssl=1&resize=525%2C300 1.5x, https:\/\/i0.wp.com\/www.mcclaca.org\/wp-content\/uploads\/2023\/10\/FOTO-5-QUE-HACER-rsz.jpg?fit=1200%2C800&ssl=1&resize=700%2C400 2x, https:\/\/i0.wp.com\/www.mcclaca.org\/wp-content\/uploads\/2023\/10\/FOTO-5-QUE-HACER-rsz.jpg?fit=1200%2C800&ssl=1&resize=1050%2C600 3x"},"classes":[]},{"id":12229,"url":"https:\/\/www.mcclaca.org\/es\/mexico\/proteccion-contra-el-abuso-acoso-y-la-explotacion-sexual-en-mexico\/","url_meta":{"origin":12199,"position":3},"title":"Protecci\u00f3n contra el abuso, acoso y la explotaci\u00f3n sexual en M\u00e9xico","author":"Admin","date":"19 de octubre de 2023","format":false,"excerpt":"\u00a1Gracias por tu inter\u00e9s en la protecci\u00f3n de ni\u00f1as y ni\u00f1os! En esta p\u00e1gina encontrar\u00e1s una serie de art\u00edculos informativos y algunos recursos audiovisuales cuya intenci\u00f3n es ayudarte a profundizar en el tema y saber c\u00f3mo abordarlo con las ni\u00f1as, ni\u00f1os y otras personas a tu alrededor, as\u00ed como obtener\u2026","rel":"","context":"Entrada similar","block_context":{"text":"Entrada similar","link":""},"img":{"alt_text":"","src":"https:\/\/i0.wp.com\/www.mcclaca.org\/wp-content\/uploads\/2023\/10\/kelly-sikkema-hS_eGxLjozs-unsplash-rsz.jpg?fit=1200%2C800&ssl=1&resize=350%2C200","width":350,"height":200,"srcset":"https:\/\/i0.wp.com\/www.mcclaca.org\/wp-content\/uploads\/2023\/10\/kelly-sikkema-hS_eGxLjozs-unsplash-rsz.jpg?fit=1200%2C800&ssl=1&resize=350%2C200 1x, https:\/\/i0.wp.com\/www.mcclaca.org\/wp-content\/uploads\/2023\/10\/kelly-sikkema-hS_eGxLjozs-unsplash-rsz.jpg?fit=1200%2C800&ssl=1&resize=525%2C300 1.5x, https:\/\/i0.wp.com\/www.mcclaca.org\/wp-content\/uploads\/2023\/10\/kelly-sikkema-hS_eGxLjozs-unsplash-rsz.jpg?fit=1200%2C800&ssl=1&resize=700%2C400 2x, https:\/\/i0.wp.com\/www.mcclaca.org\/wp-content\/uploads\/2023\/10\/kelly-sikkema-hS_eGxLjozs-unsplash-rsz.jpg?fit=1200%2C800&ssl=1&resize=1050%2C600 3x"},"classes":[]},{"id":12206,"url":"https:\/\/www.mcclaca.org\/es\/mexico\/senales-de-abuso-sexual-en-ninos\/","url_meta":{"origin":12199,"position":4},"title":"Se\u00f1ales de abuso sexual en ni\u00f1os\u00a0\u00a0\u00a0\u00a0\u00a0\u00a0","author":"Admin","date":"11 de octubre de 2023","format":false,"excerpt":"No hay una sola se\u00f1al a la que debas estar atento, pero por lo general, los cambios dr\u00e1sticos en su humor, comportamiento, h\u00e1bitos de higiene o alimenticios, sus juegos, dibujos, posturas, lenguaje pueden revelar situaciones de este tipo. Pon especial atenci\u00f3n si el ni\u00f1o o ni\u00f1a con el que convives:\u2026","rel":"","context":"Entrada similar","block_context":{"text":"Entrada similar","link":""},"img":{"alt_text":"","src":"https:\/\/i0.wp.com\/www.mcclaca.org\/wp-content\/uploads\/2023\/10\/FOTO-2-SENALES-DE-ABUSO-rsz.jpg?fit=1200%2C800&ssl=1&resize=350%2C200","width":350,"height":200,"srcset":"https:\/\/i0.wp.com\/www.mcclaca.org\/wp-content\/uploads\/2023\/10\/FOTO-2-SENALES-DE-ABUSO-rsz.jpg?fit=1200%2C800&ssl=1&resize=350%2C200 1x, https:\/\/i0.wp.com\/www.mcclaca.org\/wp-content\/uploads\/2023\/10\/FOTO-2-SENALES-DE-ABUSO-rsz.jpg?fit=1200%2C800&ssl=1&resize=525%2C300 1.5x, https:\/\/i0.wp.com\/www.mcclaca.org\/wp-content\/uploads\/2023\/10\/FOTO-2-SENALES-DE-ABUSO-rsz.jpg?fit=1200%2C800&ssl=1&resize=700%2C400 2x, https:\/\/i0.wp.com\/www.mcclaca.org\/wp-content\/uploads\/2023\/10\/FOTO-2-SENALES-DE-ABUSO-rsz.jpg?fit=1200%2C800&ssl=1&resize=1050%2C600 3x"},"classes":[]},{"id":5859,"url":"https:\/\/www.mcclaca.org\/es\/mexico\/","url_meta":{"origin":12199,"position":5},"title":"Mexico","author":"Ted Oswald","date":"15 de abril de 2016","format":false,"excerpt":"CCM M\u00e9xico comenz\u00f3 su trabajo en 1985 despu\u00e9s del devastador terremoto del mismo a\u00f1o. Inicialmente el enfoque fue de ayuda humanitaria pero r\u00e1pidamente pas\u00f3 a ser de desarrollo ya que las comunidades afectadas necesitaban superar la crisis. Con el paso del tiempo el perfil de trabajo avanz\u00f3 al desarrollo, la\u2026","rel":"","context":"Entrada similar","block_context":{"text":"Entrada similar","link":""},"img":{"alt_text":"","src":"","width":0,"height":0},"classes":[]}],"_links":{"self":[{"href":"https:\/\/www.mcclaca.org\/es\/wp-json\/wp\/v2\/pages\/12199","targetHints":{"allow":["GET"]}}],"collection":[{"href":"https:\/\/www.mcclaca.org\/es\/wp-json\/wp\/v2\/pages"}],"about":[{"href":"https:\/\/www.mcclaca.org\/es\/wp-json\/wp\/v2\/types\/page"}],"author":[{"embeddable":true,"href":"https:\/\/www.mcclaca.org\/es\/wp-json\/wp\/v2\/users\/5"}],"replies":[{"embeddable":true,"href":"https:\/\/www.mcclaca.org\/es\/wp-json\/wp\/v2\/comments?post=12199"}],"version-history":[{"count":4,"href":"https:\/\/www.mcclaca.org\/es\/wp-json\/wp\/v2\/pages\/12199\/revisions"}],"predecessor-version":[{"id":12253,"href":"https:\/\/www.mcclaca.org\/es\/wp-json\/wp\/v2\/pages\/12199\/revisions\/12253"}],"up":[{"embeddable":true,"href":"https:\/\/www.mcclaca.org\/es\/wp-json\/wp\/v2\/pages\/5859"}],"wp:featuredmedia":[{"embeddable":true,"href":"https:\/\/www.mcclaca.org\/es\/wp-json\/wp\/v2\/media\/12204"}],"wp:attachment":[{"href":"https:\/\/www.mcclaca.org\/es\/wp-json\/wp\/v2\/media?parent=12199"}],"curies":[{"name":"wp","href":"https:\/\/api.w.org\/{rel}","templated":true}]}}