{"id":12206,"date":"2023-10-11T14:54:44","date_gmt":"2023-10-11T19:54:44","guid":{"rendered":"https:\/\/www.mcclaca.org\/?page_id=12206"},"modified":"2023-10-11T14:54:46","modified_gmt":"2023-10-11T19:54:46","slug":"senales-de-abuso-sexual-en-ninos","status":"publish","type":"page","link":"https:\/\/www.mcclaca.org\/es\/mexico\/senales-de-abuso-sexual-en-ninos\/","title":{"rendered":"Se\u00f1ales de abuso sexual en ni\u00f1os\u00a0\u00a0\u00a0\u00a0\u00a0\u00a0"},"content":{"rendered":"\n<p>No hay una sola se\u00f1al a la que debas estar atento, pero por lo general, los cambios dr\u00e1sticos en su humor, comportamiento, h\u00e1bitos de higiene o alimenticios, sus juegos, dibujos, posturas, lenguaje pueden revelar situaciones de este tipo. Pon especial atenci\u00f3n si el ni\u00f1o o ni\u00f1a con el que convives:<\/p>\n\n\n\n<p>-Presenta cambios de humor de la noche a la ma\u00f1ana, que no corresponden a un comportamiento usual, o que no tengan una causa aparente. Recuerda, los ni\u00f1os generalmente no tienen las herramientas verbales para explicar lo que les est\u00e1 pasando, pero pueden dibujar o representar en el juego lo que viven. S\u00e9 emp\u00e1tico.<\/p>\n\n\n\n<p>-Presenta alguna infecci\u00f3n en el \u00e1rea genital, fuegos labiales o sangrado anal.<\/p>\n\n\n\n<p>-Incorpora en su lenguaje, juegos o dibujos expresiones de tipo sexual que no corresponden a su edad, es decir, si comienza a usar palabras o expresiones que t\u00fa no le ense\u00f1aste sobre el sexo, si a trav\u00e9s de sus juguetes representa escenas sexuales como el coito o el sexo oral, si dibuja situaciones sexuales, o si comienza a incluir genitales en sus dibujos.<\/p>\n\n\n\n<p>-Si de la noche a la ma\u00f1ana ya no quiere ir a la escuela, gimnasio, alberca, iglesia, o no quiere quedarse solo a cargo de una persona en espec\u00edfico. Explora si su negativa se acompa\u00f1a de miedo, no pienses que su comportamiento es un capricho.<\/p>\n\n\n\n<p>Si identificas alguna de estas se\u00f1ales, toma en cuenta que necesitas la ayuda de un profesional especialista en estos temas. \u00a1Entre m\u00e1s pronto act\u00faes, m\u00e1s pronto podr\u00e1s parar el abuso!<\/p>\n\n\n\n<p>S\u00e9 sensible con tus hijos e hijas. Con\u00f3celos y no dudes de ellos. Los ni\u00f1os y ni\u00f1as generalmente no inventan este tipo de situaciones para llamar la atenci\u00f3n.<\/p>\n\n\n\n<p>Si quieres saber m\u00e1s, te recomendamos ver:<\/p>\n\n\n\n<p><strong>Abuso sexual infantil, se\u00f1ales de alerta<\/strong>:<\/p>\n\n\n\n<figure class=\"wp-block-embed is-type-video is-provider-youtube wp-block-embed-youtube wp-embed-aspect-16-9 wp-has-aspect-ratio\"><div class=\"wp-block-embed__wrapper\">\n<span class=\"embed-youtube\" style=\"text-align:center; display: block;\"><iframe class=\"youtube-player\" width=\"750\" height=\"422\" src=\"https:\/\/www.youtube.com\/embed\/HaqNqVgVWl4?version=3&#038;rel=1&#038;showsearch=0&#038;showinfo=1&#038;iv_load_policy=1&#038;fs=1&#038;hl=es-ES&#038;autohide=2&#038;wmode=transparent\" allowfullscreen=\"true\" style=\"border:0;\" sandbox=\"allow-scripts allow-same-origin allow-popups allow-presentation allow-popups-to-escape-sandbox\"><\/iframe><\/span>\n<\/div><\/figure>\n\n\n\n<p><strong>Video<\/strong>:<\/p>\n\n\n\n<p><a href=\"https:\/\/www.youtube.com\/watch?v=s9DY8l54thE\" data-type=\"link\" data-id=\"https:\/\/www.youtube.com\/watch?v=s9DY8l54thE\">C\u00f3mo detectar abuso sexual infantil<\/a><\/p>\n\n\n\n<p><strong>Prevenci\u00f3n del abuso sexual a ni\u00f1os, ni\u00f1as y adolescentes. Gu\u00eda para madres, padres y adultos protectores.<\/strong><\/p>\n\n\n\n<p><a href=\"https:\/\/drive.google.com\/file\/d\/1hv4LCzmeeWyl08PZtR5svLSq61tA6WwR\/view?usp=drive_link\">https:\/\/drive.google.com\/file\/d\/1hv4LCzmeeWyl08PZtR5svLSq61tA6WwR\/view?usp=drive_link<\/a><\/p>\n","protected":false},"excerpt":{"rendered":"<p>No hay una sola se\u00f1al a la que debas estar atento, pero por lo general, los cambios dr\u00e1sticos en su humor, comportamiento, h\u00e1bitos de higiene o alimenticios, sus juegos, dibujos, posturas, lenguaje pueden revelar situaciones de este tipo. Pon especial atenci\u00f3n si el ni\u00f1o o ni\u00f1a con el que convives: -Presenta cambios de humor de [&hellip;]<\/p>\n","protected":false},"author":5,"featured_media":12207,"parent":5859,"menu_order":0,"comment_status":"closed","ping_status":"closed","template":"","meta":{"nf_dc_page":"","jetpack_post_was_ever_published":false,"footnotes":""},"class_list":["post-12206","page","type-page","status-publish","has-post-thumbnail","hentry"],"jetpack_sharing_enabled":true,"jetpack_shortlink":"https:\/\/wp.me\/P7pJjQ-3aS","jetpack-related-posts":[{"id":12199,"url":"https:\/\/www.mcclaca.org\/es\/mexico\/que-es-abuso-sexual\/","url_meta":{"origin":12206,"position":0},"title":"\u00bfQue es abuso sexual?","author":"Admin","date":"11 de octubre de 2023","format":false,"excerpt":"\u00bfQue es el abuso sexual? Para hablar de abuso sexual, primero hay que hablar de sexualidad y el lugar que ocupa en nuestra vida. Cuando Dios cre\u00f3 al ser humano a su imagen y semejanza, y le confiri\u00f3 un lugar importante en la creaci\u00f3n y delante de \u00e9l, la sexualidad\u2026","rel":"","context":"Entrada similar","block_context":{"text":"Entrada similar","link":""},"img":{"alt_text":"","src":"https:\/\/i0.wp.com\/www.mcclaca.org\/wp-content\/uploads\/2023\/10\/FOTO-1-QUE-ES-ABUSO-rsz.jpg?fit=1200%2C748&ssl=1&resize=350%2C200","width":350,"height":200,"srcset":"https:\/\/i0.wp.com\/www.mcclaca.org\/wp-content\/uploads\/2023\/10\/FOTO-1-QUE-ES-ABUSO-rsz.jpg?fit=1200%2C748&ssl=1&resize=350%2C200 1x, https:\/\/i0.wp.com\/www.mcclaca.org\/wp-content\/uploads\/2023\/10\/FOTO-1-QUE-ES-ABUSO-rsz.jpg?fit=1200%2C748&ssl=1&resize=525%2C300 1.5x, https:\/\/i0.wp.com\/www.mcclaca.org\/wp-content\/uploads\/2023\/10\/FOTO-1-QUE-ES-ABUSO-rsz.jpg?fit=1200%2C748&ssl=1&resize=700%2C400 2x, https:\/\/i0.wp.com\/www.mcclaca.org\/wp-content\/uploads\/2023\/10\/FOTO-1-QUE-ES-ABUSO-rsz.jpg?fit=1200%2C748&ssl=1&resize=1050%2C600 3x"},"classes":[]},{"id":12218,"url":"https:\/\/www.mcclaca.org\/es\/mexico\/que-podemos-hacer-al-enterarnos-de-un-caso-de-abuso-sexual-en-nuestra-familia\/","url_meta":{"origin":12206,"position":1},"title":"\u00bfQu\u00e9 podemos hacer al enterarnos de un caso de abuso sexual en nuestra familia?","author":"Admin","date":"11 de octubre de 2023","format":false,"excerpt":"Guarda la calma. Cuando te enteres, sospeches o seas testigo de un caso de abuso sexual en tu familia respira profundo y enf\u00f3cate no en c\u00f3mo te sientes t\u00fa, sino en la v\u00edctima, sobre todo si se trata de un ni\u00f1o, ni\u00f1a o adolescente. \u00c9l o ella se acercaron a\u2026","rel":"","context":"Entrada similar","block_context":{"text":"Entrada similar","link":""},"img":{"alt_text":"","src":"https:\/\/i0.wp.com\/www.mcclaca.org\/wp-content\/uploads\/2023\/10\/FOTO-5-QUE-HACER-rsz.jpg?fit=1200%2C800&ssl=1&resize=350%2C200","width":350,"height":200,"srcset":"https:\/\/i0.wp.com\/www.mcclaca.org\/wp-content\/uploads\/2023\/10\/FOTO-5-QUE-HACER-rsz.jpg?fit=1200%2C800&ssl=1&resize=350%2C200 1x, https:\/\/i0.wp.com\/www.mcclaca.org\/wp-content\/uploads\/2023\/10\/FOTO-5-QUE-HACER-rsz.jpg?fit=1200%2C800&ssl=1&resize=525%2C300 1.5x, https:\/\/i0.wp.com\/www.mcclaca.org\/wp-content\/uploads\/2023\/10\/FOTO-5-QUE-HACER-rsz.jpg?fit=1200%2C800&ssl=1&resize=700%2C400 2x, https:\/\/i0.wp.com\/www.mcclaca.org\/wp-content\/uploads\/2023\/10\/FOTO-5-QUE-HACER-rsz.jpg?fit=1200%2C800&ssl=1&resize=1050%2C600 3x"},"classes":[]},{"id":12210,"url":"https:\/\/www.mcclaca.org\/es\/mexico\/herramientas-de-prevencion\/","url_meta":{"origin":12206,"position":2},"title":"Herramientas de prevenci\u00f3n","author":"Admin","date":"11 de octubre de 2023","format":false,"excerpt":"\u00bfQu\u00e9 puedes hacer para prevenir el abuso sexual infantil? Rompe el silencio. Este es un tema tan terrible que no nos atrevemos a tocarlo con nuestros hijos e hijas y preferimos cerrar los ojos y desear con todas nuestras fuerzas, que nunca nos pase a nosotros. Pero \u00bfqu\u00e9 crees? Los\u2026","rel":"","context":"Entrada similar","block_context":{"text":"Entrada similar","link":""},"img":{"alt_text":"","src":"https:\/\/i0.wp.com\/www.mcclaca.org\/wp-content\/uploads\/2023\/10\/FOTO-3-PREVENCION-scaled.jpg?fit=1200%2C800&ssl=1&resize=350%2C200","width":350,"height":200,"srcset":"https:\/\/i0.wp.com\/www.mcclaca.org\/wp-content\/uploads\/2023\/10\/FOTO-3-PREVENCION-scaled.jpg?fit=1200%2C800&ssl=1&resize=350%2C200 1x, https:\/\/i0.wp.com\/www.mcclaca.org\/wp-content\/uploads\/2023\/10\/FOTO-3-PREVENCION-scaled.jpg?fit=1200%2C800&ssl=1&resize=525%2C300 1.5x, https:\/\/i0.wp.com\/www.mcclaca.org\/wp-content\/uploads\/2023\/10\/FOTO-3-PREVENCION-scaled.jpg?fit=1200%2C800&ssl=1&resize=700%2C400 2x, https:\/\/i0.wp.com\/www.mcclaca.org\/wp-content\/uploads\/2023\/10\/FOTO-3-PREVENCION-scaled.jpg?fit=1200%2C800&ssl=1&resize=1050%2C600 3x"},"classes":[]},{"id":12229,"url":"https:\/\/www.mcclaca.org\/es\/mexico\/proteccion-contra-el-abuso-acoso-y-la-explotacion-sexual-en-mexico\/","url_meta":{"origin":12206,"position":3},"title":"Protecci\u00f3n contra el abuso, acoso y la explotaci\u00f3n sexual en M\u00e9xico","author":"Admin","date":"19 de octubre de 2023","format":false,"excerpt":"\u00a1Gracias por tu inter\u00e9s en la protecci\u00f3n de ni\u00f1as y ni\u00f1os! En esta p\u00e1gina encontrar\u00e1s una serie de art\u00edculos informativos y algunos recursos audiovisuales cuya intenci\u00f3n es ayudarte a profundizar en el tema y saber c\u00f3mo abordarlo con las ni\u00f1as, ni\u00f1os y otras personas a tu alrededor, as\u00ed como obtener\u2026","rel":"","context":"Entrada similar","block_context":{"text":"Entrada similar","link":""},"img":{"alt_text":"","src":"https:\/\/i0.wp.com\/www.mcclaca.org\/wp-content\/uploads\/2023\/10\/kelly-sikkema-hS_eGxLjozs-unsplash-rsz.jpg?fit=1200%2C800&ssl=1&resize=350%2C200","width":350,"height":200,"srcset":"https:\/\/i0.wp.com\/www.mcclaca.org\/wp-content\/uploads\/2023\/10\/kelly-sikkema-hS_eGxLjozs-unsplash-rsz.jpg?fit=1200%2C800&ssl=1&resize=350%2C200 1x, https:\/\/i0.wp.com\/www.mcclaca.org\/wp-content\/uploads\/2023\/10\/kelly-sikkema-hS_eGxLjozs-unsplash-rsz.jpg?fit=1200%2C800&ssl=1&resize=525%2C300 1.5x, https:\/\/i0.wp.com\/www.mcclaca.org\/wp-content\/uploads\/2023\/10\/kelly-sikkema-hS_eGxLjozs-unsplash-rsz.jpg?fit=1200%2C800&ssl=1&resize=700%2C400 2x, https:\/\/i0.wp.com\/www.mcclaca.org\/wp-content\/uploads\/2023\/10\/kelly-sikkema-hS_eGxLjozs-unsplash-rsz.jpg?fit=1200%2C800&ssl=1&resize=1050%2C600 3x"},"classes":[]},{"id":12214,"url":"https:\/\/www.mcclaca.org\/es\/mexico\/que-nos-ensena-la-palabra-sobre-el-abuso-sexual\/","url_meta":{"origin":12206,"position":4},"title":"\u00bfQu\u00e9 nos ense\u00f1a la Palabra sobre el abuso sexual?","author":"Admin","date":"11 de octubre de 2023","format":false,"excerpt":"La palabra de Dios nos da un ejemplo de lo que no debemos hacer cuando se revela un caso de abuso sexual. Y es parte de la historia del rey David y sus hijos. 2 Samuel 13 nos cuenta el abuso sexual al que fue sometida Tamar, la \u00fanica hija\u2026","rel":"","context":"Entrada similar","block_context":{"text":"Entrada similar","link":""},"img":{"alt_text":"","src":"https:\/\/i0.wp.com\/www.mcclaca.org\/wp-content\/uploads\/2023\/10\/FOTO-4-PALABRA-Y-ABUSO-scaled.jpg?fit=1200%2C800&ssl=1&resize=350%2C200","width":350,"height":200,"srcset":"https:\/\/i0.wp.com\/www.mcclaca.org\/wp-content\/uploads\/2023\/10\/FOTO-4-PALABRA-Y-ABUSO-scaled.jpg?fit=1200%2C800&ssl=1&resize=350%2C200 1x, https:\/\/i0.wp.com\/www.mcclaca.org\/wp-content\/uploads\/2023\/10\/FOTO-4-PALABRA-Y-ABUSO-scaled.jpg?fit=1200%2C800&ssl=1&resize=525%2C300 1.5x, https:\/\/i0.wp.com\/www.mcclaca.org\/wp-content\/uploads\/2023\/10\/FOTO-4-PALABRA-Y-ABUSO-scaled.jpg?fit=1200%2C800&ssl=1&resize=700%2C400 2x, https:\/\/i0.wp.com\/www.mcclaca.org\/wp-content\/uploads\/2023\/10\/FOTO-4-PALABRA-Y-ABUSO-scaled.jpg?fit=1200%2C800&ssl=1&resize=1050%2C600 3x"},"classes":[]},{"id":1962,"url":"https:\/\/www.mcclaca.org\/espanol\/paz-en-medio-de-la-guerra\/","url_meta":{"origin":12206,"position":5},"title":"Paz en medio de la guerra","author":"Anna Vogt","date":"24 de octubre de 2013","format":false,"excerpt":"Por Ilich Aviles, un YAMENero de Nicaragua, que vive en Honduras.\u00a0 Hoy amanec\u00ed renovado luego de un fin de semana\u00a0 de mucho compartir con mis comunidades, disfrutando de di\u00e1logos, caminatas, mudanzas y juegos que me llenaron la vida y me hicieron vivir el amor en su plenitud. Me recordaron c\u00f3mo\u2026","rel":"","context":"Entrada similar","block_context":{"text":"Entrada similar","link":""},"img":{"alt_text":"Honuras fence","src":"https:\/\/lacaadvocacy.files.wordpress.com\/2013\/10\/honuras-fence.jpg?w=350&h=200&crop=1","width":350,"height":200,"srcset":"https:\/\/lacaadvocacy.files.wordpress.com\/2013\/10\/honuras-fence.jpg?w=350&h=200&crop=1 1x, https:\/\/lacaadvocacy.files.wordpress.com\/2013\/10\/honuras-fence.jpg?w=525&h=300&crop=1 1.5x"},"classes":[]}],"_links":{"self":[{"href":"https:\/\/www.mcclaca.org\/es\/wp-json\/wp\/v2\/pages\/12206","targetHints":{"allow":["GET"]}}],"collection":[{"href":"https:\/\/www.mcclaca.org\/es\/wp-json\/wp\/v2\/pages"}],"about":[{"href":"https:\/\/www.mcclaca.org\/es\/wp-json\/wp\/v2\/types\/page"}],"author":[{"embeddable":true,"href":"https:\/\/www.mcclaca.org\/es\/wp-json\/wp\/v2\/users\/5"}],"replies":[{"embeddable":true,"href":"https:\/\/www.mcclaca.org\/es\/wp-json\/wp\/v2\/comments?post=12206"}],"version-history":[{"count":1,"href":"https:\/\/www.mcclaca.org\/es\/wp-json\/wp\/v2\/pages\/12206\/revisions"}],"predecessor-version":[{"id":12209,"href":"https:\/\/www.mcclaca.org\/es\/wp-json\/wp\/v2\/pages\/12206\/revisions\/12209"}],"up":[{"embeddable":true,"href":"https:\/\/www.mcclaca.org\/es\/wp-json\/wp\/v2\/pages\/5859"}],"wp:featuredmedia":[{"embeddable":true,"href":"https:\/\/www.mcclaca.org\/es\/wp-json\/wp\/v2\/media\/12207"}],"wp:attachment":[{"href":"https:\/\/www.mcclaca.org\/es\/wp-json\/wp\/v2\/media?parent=12206"}],"curies":[{"name":"wp","href":"https:\/\/api.w.org\/{rel}","templated":true}]}}