{"id":12210,"date":"2023-10-11T14:54:17","date_gmt":"2023-10-11T19:54:17","guid":{"rendered":"https:\/\/www.mcclaca.org\/?page_id=12210"},"modified":"2023-10-11T14:54:19","modified_gmt":"2023-10-11T19:54:19","slug":"herramientas-de-prevencion","status":"publish","type":"page","link":"https:\/\/www.mcclaca.org\/es\/mexico\/herramientas-de-prevencion\/","title":{"rendered":"Herramientas de prevenci\u00f3n"},"content":{"rendered":"\n<p>\u00bfQu\u00e9 puedes hacer para prevenir el abuso sexual infantil?<\/p>\n\n\n\n<h2 class=\"wp-block-heading\"><strong>Rompe el silencio<\/strong>. <\/h2>\n\n\n\n<p>Este es un tema tan terrible que no nos atrevemos a tocarlo con nuestros hijos e hijas y preferimos cerrar los ojos y desear con todas nuestras fuerzas, que nunca nos pase a nosotros. Pero \u00bfqu\u00e9 crees? Los agresores aprovechan este silencio, el tab\u00fa que rodea al tema para cometer impunemente el delito. Una de las estrategias que ellos usan para hacer que los ni\u00f1os y ni\u00f1as no hablen al respecto con nadie es amenazarlos o asustarlos con cosas horribles que podr\u00edan pasar en la familia si es que ellos se atreven a decir lo que les est\u00e1 pasando.<\/p>\n\n\n\n<p>Por eso es crucial que t\u00fa como pap\u00e1, mam\u00e1, t\u00eda, t\u00edo, abuela, abuelo, maestro, l\u00edder te atrevas a romper el silencio en torno al abuso sexual. Habla con tus hijos e hijas, con tu pareja, con tu familia. Ed\u00facate en una sexualidad sana y redimida, busca orientaci\u00f3n, sana tu propia historia en caso de haber sido abusado (a) sexualmente.<\/p>\n\n\n\n<h2 class=\"wp-block-heading\"><strong>Reorganiza tu rutina<\/strong>. <\/h2>\n\n\n\n<p>S\u00e9 que la situaci\u00f3n econ\u00f3mica de la mayor\u00eda es muy dif\u00edcil en nuestros tiempos, o que tener familia no significa tener que abandonar los proyectos profesionales o laborales. Pero mientras tus hijas e hijos sean tu responsabilidad directa, por favor, organ\u00edzate para poder estar con ellos, llevarlos, traerlos, convertir tu propia casa en un lugar seguro incluso para sus amigas y amigos. Y cuando tengas que dejarlos con alguien m\u00e1s, haz caso a tu intuici\u00f3n. Si esa persona no te da \u201cbuena espina\u201d, entonces \u00a1busca otra! Platica con tus hijos, preg\u00fantales c\u00f3mo se sienten con la persona que los cuida cuando t\u00fa no est\u00e1s, mantente en constante comunicaci\u00f3n, ens\u00e9nales a poner l\u00edmites y sobre todo, habla con la persona que los cuida sobre el tema, para que est\u00e9 consciente de que en tu casa y en tu familia, ya no se guardan ni silencio ni secretos.<\/p>\n\n\n\n<h2 class=\"wp-block-heading\"><strong>Pide a las distintas instituciones o lugares a donde llevas a tus hijas e hijos que te muestren su pol\u00edtica de protecci\u00f3n hacia la infancia<\/strong>. <\/h2>\n\n\n\n<p>S\u00ed, suena exagerado, pero la verdad es que no podemos confiar ciegamente en la gente, y menos en un mundo ca\u00eddo como el nuestro. Quiz\u00e1s la alberca a la que llevas a tus hijos, o la escuela no tengan una pol\u00edtica, pero al hacerlo, est\u00e1s poniendo sobre aviso al personal que ah\u00ed labora de que hay una mam\u00e1 o un pap\u00e1 que est\u00e1 rompiendo el silencio y que est\u00e1 informado sobre el tema y eso podr\u00eda disuadir a los agresores y animar a la instituci\u00f3n a dise\u00f1ar su protocolo de protecci\u00f3n.<\/p>\n\n\n\n<h2 class=\"wp-block-heading\"><strong>Genera redes de protecci\u00f3n con tus vecinos, amigos, familia, hermanos de la iglesia. <\/strong><\/h2>\n\n\n\n<p>Aunque no podemos confiar ciegamente en toda la gente, s\u00ed hay personas en quienes podemos confiar y unir fuerzas para proteger no solo a nuestros ni\u00f1os, sino a los de una comunidad m\u00e1s amplia. Re\u00fane a un grupo de personas en las que conf\u00edes y hablen del tema. Hagan un plan de rotaci\u00f3n en caso de que deban cuidar a las ni\u00f1as y ni\u00f1os de unos y otros, establezcan reglas de conducta, l\u00edmites, consecuencias. Si tienes un grupo de whatsapp, comparte contenido informativo \u00fatil al respecto, recuerda, romper el silencio podr\u00eda ser molesto para algunos, inc\u00f3modo para otros, y, \u00a1amenazante para los posibles agresores! Pero alguien tiene que empezar a hacerlo. Re\u00fanan a las ni\u00f1as y ni\u00f1os que van a estar en esta red y hablen con ellos sobre el tema. Denles la confianza de ser adultos responsables y cuidadores.<\/p>\n\n\n\n<p>Estas son solo algunas ideas, seguramente en tu familia pueden surgir m\u00e1s, \u00a1ponlas en pr\u00e1ctica! Nunca habr\u00e1 demasiada prevenci\u00f3n cuando se trata del abuso sexual infantil.<\/p>\n\n\n\n<p>Si quieres saber m\u00e1s, te recomendamos ver:<\/p>\n\n\n\n<p><strong>Prevenir abuso sexual infantil<\/strong><\/p>\n\n\n\n<figure class=\"wp-block-embed is-type-video is-provider-youtube wp-block-embed-youtube wp-embed-aspect-16-9 wp-has-aspect-ratio\"><div class=\"wp-block-embed__wrapper\">\n<span class=\"embed-youtube\" style=\"text-align:center; display: block;\"><iframe class=\"youtube-player\" width=\"750\" height=\"422\" src=\"https:\/\/www.youtube.com\/embed\/-ne3u0aTQOw?version=3&#038;rel=1&#038;showsearch=0&#038;showinfo=1&#038;iv_load_policy=1&#038;fs=1&#038;hl=es-ES&#038;autohide=2&#038;wmode=transparent\" allowfullscreen=\"true\" style=\"border:0;\" sandbox=\"allow-scripts allow-same-origin allow-popups allow-presentation allow-popups-to-escape-sandbox\"><\/iframe><\/span>\n<\/div><\/figure>\n\n\n\n<p><strong>Un cuento para prevenir el abuso sexual infantil<\/strong><\/p>\n\n\n\n<figure class=\"wp-block-embed is-type-video is-provider-youtube wp-block-embed-youtube wp-embed-aspect-16-9 wp-has-aspect-ratio\"><div class=\"wp-block-embed__wrapper\">\n<span class=\"embed-youtube\" style=\"text-align:center; display: block;\"><iframe class=\"youtube-player\" width=\"750\" height=\"422\" src=\"https:\/\/www.youtube.com\/embed\/vDdT7zGfkrE?version=3&#038;rel=1&#038;showsearch=0&#038;showinfo=1&#038;iv_load_policy=1&#038;fs=1&#038;hl=es-ES&#038;autohide=2&#038;wmode=transparent\" allowfullscreen=\"true\" style=\"border:0;\" sandbox=\"allow-scripts allow-same-origin allow-popups allow-presentation allow-popups-to-escape-sandbox\"><\/iframe><\/span>\n<\/div><\/figure>\n\n\n\n<p><strong>Estela grita muy fuerte<\/strong><\/p>\n\n\n\n<figure class=\"wp-block-embed is-type-video is-provider-youtube wp-block-embed-youtube wp-embed-aspect-16-9 wp-has-aspect-ratio\"><div class=\"wp-block-embed__wrapper\">\n<span class=\"embed-youtube\" style=\"text-align:center; display: block;\"><iframe class=\"youtube-player\" width=\"750\" height=\"422\" src=\"https:\/\/www.youtube.com\/embed\/Yavi4bZa3mA?version=3&#038;rel=1&#038;showsearch=0&#038;showinfo=1&#038;iv_load_policy=1&#038;fs=1&#038;hl=es-ES&#038;autohide=2&#038;wmode=transparent\" allowfullscreen=\"true\" style=\"border:0;\" sandbox=\"allow-scripts allow-same-origin allow-popups allow-presentation allow-popups-to-escape-sandbox\"><\/iframe><\/span>\n<\/div><\/figure>\n\n\n\n<p><strong>Prevenci\u00f3n del abuso sexual a ni\u00f1os, ni\u00f1as y adolescentes. Gu\u00eda para madres, padres y adultos protectores.<\/strong><\/p>\n\n\n\n<p><a href=\"https:\/\/drive.google.com\/file\/d\/1hv4LCzmeeWyl08PZtR5svLSq61tA6WwR\/view?usp=drive_link\">https:\/\/drive.google.com\/file\/d\/1hv4LCzmeeWyl08PZtR5svLSq61tA6WwR\/view?usp=drive_link<\/a><\/p>\n","protected":false},"excerpt":{"rendered":"<p>\u00bfQu\u00e9 puedes hacer para prevenir el abuso sexual infantil? Rompe el silencio. Este es un tema tan terrible que no nos atrevemos a tocarlo con nuestros hijos e hijas y preferimos cerrar los ojos y desear con todas nuestras fuerzas, que nunca nos pase a nosotros. Pero \u00bfqu\u00e9 crees? Los agresores aprovechan este silencio, el [&hellip;]<\/p>\n","protected":false},"author":5,"featured_media":12211,"parent":5859,"menu_order":0,"comment_status":"closed","ping_status":"closed","template":"","meta":{"nf_dc_page":"","jetpack_post_was_ever_published":false,"footnotes":""},"class_list":["post-12210","page","type-page","status-publish","has-post-thumbnail","hentry"],"jetpack_sharing_enabled":true,"jetpack_shortlink":"https:\/\/wp.me\/P7pJjQ-3aW","jetpack-related-posts":[{"id":12214,"url":"https:\/\/www.mcclaca.org\/es\/mexico\/que-nos-ensena-la-palabra-sobre-el-abuso-sexual\/","url_meta":{"origin":12210,"position":0},"title":"\u00bfQu\u00e9 nos ense\u00f1a la Palabra sobre el abuso sexual?","author":"Admin","date":"11 de octubre de 2023","format":false,"excerpt":"La palabra de Dios nos da un ejemplo de lo que no debemos hacer cuando se revela un caso de abuso sexual. Y es parte de la historia del rey David y sus hijos. 2 Samuel 13 nos cuenta el abuso sexual al que fue sometida Tamar, la \u00fanica hija\u2026","rel":"","context":"Entrada similar","block_context":{"text":"Entrada similar","link":""},"img":{"alt_text":"","src":"https:\/\/i0.wp.com\/www.mcclaca.org\/wp-content\/uploads\/2023\/10\/FOTO-4-PALABRA-Y-ABUSO-scaled.jpg?fit=1200%2C800&ssl=1&resize=350%2C200","width":350,"height":200,"srcset":"https:\/\/i0.wp.com\/www.mcclaca.org\/wp-content\/uploads\/2023\/10\/FOTO-4-PALABRA-Y-ABUSO-scaled.jpg?fit=1200%2C800&ssl=1&resize=350%2C200 1x, https:\/\/i0.wp.com\/www.mcclaca.org\/wp-content\/uploads\/2023\/10\/FOTO-4-PALABRA-Y-ABUSO-scaled.jpg?fit=1200%2C800&ssl=1&resize=525%2C300 1.5x, https:\/\/i0.wp.com\/www.mcclaca.org\/wp-content\/uploads\/2023\/10\/FOTO-4-PALABRA-Y-ABUSO-scaled.jpg?fit=1200%2C800&ssl=1&resize=700%2C400 2x, https:\/\/i0.wp.com\/www.mcclaca.org\/wp-content\/uploads\/2023\/10\/FOTO-4-PALABRA-Y-ABUSO-scaled.jpg?fit=1200%2C800&ssl=1&resize=1050%2C600 3x"},"classes":[]},{"id":12229,"url":"https:\/\/www.mcclaca.org\/es\/mexico\/proteccion-contra-el-abuso-acoso-y-la-explotacion-sexual-en-mexico\/","url_meta":{"origin":12210,"position":1},"title":"Protecci\u00f3n contra el abuso, acoso y la explotaci\u00f3n sexual en M\u00e9xico","author":"Admin","date":"19 de octubre de 2023","format":false,"excerpt":"\u00a1Gracias por tu inter\u00e9s en la protecci\u00f3n de ni\u00f1as y ni\u00f1os! En esta p\u00e1gina encontrar\u00e1s una serie de art\u00edculos informativos y algunos recursos audiovisuales cuya intenci\u00f3n es ayudarte a profundizar en el tema y saber c\u00f3mo abordarlo con las ni\u00f1as, ni\u00f1os y otras personas a tu alrededor, as\u00ed como obtener\u2026","rel":"","context":"Entrada similar","block_context":{"text":"Entrada similar","link":""},"img":{"alt_text":"","src":"https:\/\/i0.wp.com\/www.mcclaca.org\/wp-content\/uploads\/2023\/10\/kelly-sikkema-hS_eGxLjozs-unsplash-rsz.jpg?fit=1200%2C800&ssl=1&resize=350%2C200","width":350,"height":200,"srcset":"https:\/\/i0.wp.com\/www.mcclaca.org\/wp-content\/uploads\/2023\/10\/kelly-sikkema-hS_eGxLjozs-unsplash-rsz.jpg?fit=1200%2C800&ssl=1&resize=350%2C200 1x, https:\/\/i0.wp.com\/www.mcclaca.org\/wp-content\/uploads\/2023\/10\/kelly-sikkema-hS_eGxLjozs-unsplash-rsz.jpg?fit=1200%2C800&ssl=1&resize=525%2C300 1.5x, https:\/\/i0.wp.com\/www.mcclaca.org\/wp-content\/uploads\/2023\/10\/kelly-sikkema-hS_eGxLjozs-unsplash-rsz.jpg?fit=1200%2C800&ssl=1&resize=700%2C400 2x, https:\/\/i0.wp.com\/www.mcclaca.org\/wp-content\/uploads\/2023\/10\/kelly-sikkema-hS_eGxLjozs-unsplash-rsz.jpg?fit=1200%2C800&ssl=1&resize=1050%2C600 3x"},"classes":[]},{"id":12218,"url":"https:\/\/www.mcclaca.org\/es\/mexico\/que-podemos-hacer-al-enterarnos-de-un-caso-de-abuso-sexual-en-nuestra-familia\/","url_meta":{"origin":12210,"position":2},"title":"\u00bfQu\u00e9 podemos hacer al enterarnos de un caso de abuso sexual en nuestra familia?","author":"Admin","date":"11 de octubre de 2023","format":false,"excerpt":"Guarda la calma. Cuando te enteres, sospeches o seas testigo de un caso de abuso sexual en tu familia respira profundo y enf\u00f3cate no en c\u00f3mo te sientes t\u00fa, sino en la v\u00edctima, sobre todo si se trata de un ni\u00f1o, ni\u00f1a o adolescente. \u00c9l o ella se acercaron a\u2026","rel":"","context":"Entrada similar","block_context":{"text":"Entrada similar","link":""},"img":{"alt_text":"","src":"https:\/\/i0.wp.com\/www.mcclaca.org\/wp-content\/uploads\/2023\/10\/FOTO-5-QUE-HACER-rsz.jpg?fit=1200%2C800&ssl=1&resize=350%2C200","width":350,"height":200,"srcset":"https:\/\/i0.wp.com\/www.mcclaca.org\/wp-content\/uploads\/2023\/10\/FOTO-5-QUE-HACER-rsz.jpg?fit=1200%2C800&ssl=1&resize=350%2C200 1x, https:\/\/i0.wp.com\/www.mcclaca.org\/wp-content\/uploads\/2023\/10\/FOTO-5-QUE-HACER-rsz.jpg?fit=1200%2C800&ssl=1&resize=525%2C300 1.5x, https:\/\/i0.wp.com\/www.mcclaca.org\/wp-content\/uploads\/2023\/10\/FOTO-5-QUE-HACER-rsz.jpg?fit=1200%2C800&ssl=1&resize=700%2C400 2x, https:\/\/i0.wp.com\/www.mcclaca.org\/wp-content\/uploads\/2023\/10\/FOTO-5-QUE-HACER-rsz.jpg?fit=1200%2C800&ssl=1&resize=1050%2C600 3x"},"classes":[]},{"id":12206,"url":"https:\/\/www.mcclaca.org\/es\/mexico\/senales-de-abuso-sexual-en-ninos\/","url_meta":{"origin":12210,"position":3},"title":"Se\u00f1ales de abuso sexual en ni\u00f1os\u00a0\u00a0\u00a0\u00a0\u00a0\u00a0","author":"Admin","date":"11 de octubre de 2023","format":false,"excerpt":"No hay una sola se\u00f1al a la que debas estar atento, pero por lo general, los cambios dr\u00e1sticos en su humor, comportamiento, h\u00e1bitos de higiene o alimenticios, sus juegos, dibujos, posturas, lenguaje pueden revelar situaciones de este tipo. Pon especial atenci\u00f3n si el ni\u00f1o o ni\u00f1a con el que convives:\u2026","rel":"","context":"Entrada similar","block_context":{"text":"Entrada similar","link":""},"img":{"alt_text":"","src":"https:\/\/i0.wp.com\/www.mcclaca.org\/wp-content\/uploads\/2023\/10\/FOTO-2-SENALES-DE-ABUSO-rsz.jpg?fit=1200%2C800&ssl=1&resize=350%2C200","width":350,"height":200,"srcset":"https:\/\/i0.wp.com\/www.mcclaca.org\/wp-content\/uploads\/2023\/10\/FOTO-2-SENALES-DE-ABUSO-rsz.jpg?fit=1200%2C800&ssl=1&resize=350%2C200 1x, https:\/\/i0.wp.com\/www.mcclaca.org\/wp-content\/uploads\/2023\/10\/FOTO-2-SENALES-DE-ABUSO-rsz.jpg?fit=1200%2C800&ssl=1&resize=525%2C300 1.5x, https:\/\/i0.wp.com\/www.mcclaca.org\/wp-content\/uploads\/2023\/10\/FOTO-2-SENALES-DE-ABUSO-rsz.jpg?fit=1200%2C800&ssl=1&resize=700%2C400 2x, https:\/\/i0.wp.com\/www.mcclaca.org\/wp-content\/uploads\/2023\/10\/FOTO-2-SENALES-DE-ABUSO-rsz.jpg?fit=1200%2C800&ssl=1&resize=1050%2C600 3x"},"classes":[]},{"id":12199,"url":"https:\/\/www.mcclaca.org\/es\/mexico\/que-es-abuso-sexual\/","url_meta":{"origin":12210,"position":4},"title":"\u00bfQue es abuso sexual?","author":"Admin","date":"11 de octubre de 2023","format":false,"excerpt":"\u00bfQue es el abuso sexual? Para hablar de abuso sexual, primero hay que hablar de sexualidad y el lugar que ocupa en nuestra vida. Cuando Dios cre\u00f3 al ser humano a su imagen y semejanza, y le confiri\u00f3 un lugar importante en la creaci\u00f3n y delante de \u00e9l, la sexualidad\u2026","rel":"","context":"Entrada similar","block_context":{"text":"Entrada similar","link":""},"img":{"alt_text":"","src":"https:\/\/i0.wp.com\/www.mcclaca.org\/wp-content\/uploads\/2023\/10\/FOTO-1-QUE-ES-ABUSO-rsz.jpg?fit=1200%2C748&ssl=1&resize=350%2C200","width":350,"height":200,"srcset":"https:\/\/i0.wp.com\/www.mcclaca.org\/wp-content\/uploads\/2023\/10\/FOTO-1-QUE-ES-ABUSO-rsz.jpg?fit=1200%2C748&ssl=1&resize=350%2C200 1x, https:\/\/i0.wp.com\/www.mcclaca.org\/wp-content\/uploads\/2023\/10\/FOTO-1-QUE-ES-ABUSO-rsz.jpg?fit=1200%2C748&ssl=1&resize=525%2C300 1.5x, https:\/\/i0.wp.com\/www.mcclaca.org\/wp-content\/uploads\/2023\/10\/FOTO-1-QUE-ES-ABUSO-rsz.jpg?fit=1200%2C748&ssl=1&resize=700%2C400 2x, https:\/\/i0.wp.com\/www.mcclaca.org\/wp-content\/uploads\/2023\/10\/FOTO-1-QUE-ES-ABUSO-rsz.jpg?fit=1200%2C748&ssl=1&resize=1050%2C600 3x"},"classes":[]},{"id":1323,"url":"https:\/\/www.mcclaca.org\/espanol\/quien-es-tu-forastero\/","url_meta":{"origin":12210,"position":5},"title":"\u00bfQui\u00e9n es tu \u201cforastero\u201d?","author":"Anna Vogt","date":"13 de febrero de 2013","format":false,"excerpt":"Por Saulo Padilla, Coordinador de Educaci\u00f3n en Inmigraci\u00f3n, CCM EE. UU. Soy un forastero En 1993 y 1995, llev\u00e9 un grupo de j\u00f3venes a una conferencia en Ciudad Ju\u00e1rez, M\u00e9xico. Las dos veces, cuando cruzamos la frontera me separaron del grupo y me interrogaron acerca de mis documentos Canadienses. En\u2026","rel":"","context":"Entrada similar","block_context":{"text":"Entrada similar","link":""},"img":{"alt_text":"","src":"","width":0,"height":0},"classes":[]}],"_links":{"self":[{"href":"https:\/\/www.mcclaca.org\/es\/wp-json\/wp\/v2\/pages\/12210","targetHints":{"allow":["GET"]}}],"collection":[{"href":"https:\/\/www.mcclaca.org\/es\/wp-json\/wp\/v2\/pages"}],"about":[{"href":"https:\/\/www.mcclaca.org\/es\/wp-json\/wp\/v2\/types\/page"}],"author":[{"embeddable":true,"href":"https:\/\/www.mcclaca.org\/es\/wp-json\/wp\/v2\/users\/5"}],"replies":[{"embeddable":true,"href":"https:\/\/www.mcclaca.org\/es\/wp-json\/wp\/v2\/comments?post=12210"}],"version-history":[{"count":1,"href":"https:\/\/www.mcclaca.org\/es\/wp-json\/wp\/v2\/pages\/12210\/revisions"}],"predecessor-version":[{"id":12213,"href":"https:\/\/www.mcclaca.org\/es\/wp-json\/wp\/v2\/pages\/12210\/revisions\/12213"}],"up":[{"embeddable":true,"href":"https:\/\/www.mcclaca.org\/es\/wp-json\/wp\/v2\/pages\/5859"}],"wp:featuredmedia":[{"embeddable":true,"href":"https:\/\/www.mcclaca.org\/es\/wp-json\/wp\/v2\/media\/12211"}],"wp:attachment":[{"href":"https:\/\/www.mcclaca.org\/es\/wp-json\/wp\/v2\/media?parent=12210"}],"curies":[{"name":"wp","href":"https:\/\/api.w.org\/{rel}","templated":true}]}}