{"id":12214,"date":"2023-10-11T14:52:52","date_gmt":"2023-10-11T19:52:52","guid":{"rendered":"https:\/\/www.mcclaca.org\/?page_id=12214"},"modified":"2023-10-24T13:01:44","modified_gmt":"2023-10-24T18:01:44","slug":"que-nos-ensena-la-palabra-sobre-el-abuso-sexual","status":"publish","type":"page","link":"https:\/\/www.mcclaca.org\/es\/mexico\/que-nos-ensena-la-palabra-sobre-el-abuso-sexual\/","title":{"rendered":"\u00bfQu\u00e9 nos ense\u00f1a la Palabra sobre el abuso sexual?"},"content":{"rendered":"\n<p>La palabra de Dios nos da un ejemplo de lo que no debemos hacer cuando se revela un caso de abuso sexual. Y es parte de la historia del rey David y sus hijos.<\/p>\n\n\n\n<p>2 Samuel 13 nos cuenta el abuso sexual al que fue sometida Tamar, la \u00fanica hija del rey, princesa de Israel, por parte, nada m\u00e1s y nada menos que de su medio hermano Amn\u00f3n. Como hemos dicho en el art\u00edculo \u201c\u00bfQu\u00e9 es abuso sexual?\u201d, el agresor sexual planea y elige el momento y la forma en que cometer\u00e1 el abuso y este caso no fue la excepci\u00f3n a la regla. Al pr\u00edncipe Amn\u00f3n le gustaba su media hermana Tamar y plane\u00f3 toda una estrategia para hacerla ir a su habitaci\u00f3n y violarla, a pesar de que ella le rog\u00f3 que no lo hiciera. Una vez cometida la agresi\u00f3n, Amn\u00f3n la echa de su presencia y ella va a refugiarse con su hermano Absal\u00f3n. La historia dice que cuando el rey David se entera se enfurece, pero que no reprende a Amn\u00f3n porque \u201clo quer\u00eda mucho porque era su hijo mayor\u201d. Y Absal\u00f3n, tampoco dijo nada, pero comenz\u00f3 a odiar a su medio hermano Amn\u00f3n por lo que le hab\u00eda hecho a Tamar, hasta que lo mat\u00f3.<\/p>\n\n\n\n<p><strong>\u00bfQu\u00e9 podemos aprender de esta historia?<\/strong><\/p>\n\n\n\n<ul class=\"wp-block-list\">\n<li>Nadie est\u00e1 a salvo de ser v\u00edctima de abuso sexual. No importa tu edad, estatus, posici\u00f3n social, la familia de la que vengas, como en el caso de la princesa Tamar.<\/li>\n\n\n\n<li>El abuso sexual es una ofensa que se queda no solo en el cuerpo, sino tambi\u00e9n en el alma y cuyas repercusiones alcanzan a toda la familia.<\/li>\n\n\n\n<li>Las v\u00edctimas de abuso sexual necesitan justicia y sentirse acompa\u00f1ados, escuchados y seguros. A pesar de que la ofensa la vivi\u00f3 Tamar, al final la historia se resolvi\u00f3 entre los hombres de la familia, de una forma inadecuada, y ella desaparece de escena.<\/li>\n\n\n\n<li>Cuando el abuso sexual se descubre, toda la familia entra en crisis. Y es comprensible que surjan un sinn\u00famero de respuestas, pero guardar el silencio, mantener el secreto, guardar las apariencias y fingir que \u201cno pas\u00f3 nada\u201d, ya no puede ser una de ellas. David se equivoc\u00f3 al no hacer justicia en un caso tan grave, solo porque sent\u00eda mucho cari\u00f1o por el agresor, en este caso, su hijo mayor.<\/li>\n\n\n\n<li>Los casos de abuso sexual no pueden resolverse al interior de la familia, porque son delitos, no \u201cerrores\u201d. La v\u00edctima necesita justicia y protecci\u00f3n, y eso implica intervenci\u00f3n de las autoridades.<\/li>\n\n\n\n<li>Tamar hizo lo correcto al acudir a su hermano para contarle lo que hab\u00eda pasado. La forma en la que actu\u00f3 Absal\u00f3n despu\u00e9s (2 Samuel 13:23-39), no fue su culpa. La v\u00edctima siempre tiene derecho a denunciar a su agresor.<\/li>\n<\/ul>\n\n\n\n<p>El abuso sexual no tiene justificaci\u00f3n alguna delante de Dios. No tiene nada que ver con el deseo o la \u201cprovocaci\u00f3n\u201d. Es, por el contrario, la decisi\u00f3n de una persona que hace mal uso de su poder, influencia, contactos, relaciones, etc\u00e9tera, para transgredir los l\u00edmites m\u00e1s preciados de otra, sin importarle nada c\u00f3mo se siente \u00e9l o ella.<\/p>\n\n\n\n<p>Si quieres saber m\u00e1s, consulta:<\/p>\n\n\n\n<p><strong>Abuso sexual infantil y abusos en general! que nos dice la biblia?<\/strong><\/p>\n\n\n\n<figure class=\"wp-block-embed is-type-video is-provider-youtube wp-block-embed-youtube wp-embed-aspect-16-9 wp-has-aspect-ratio\"><div class=\"wp-block-embed__wrapper\">\n<span class=\"embed-youtube\" style=\"text-align:center; display: block;\"><iframe class=\"youtube-player\" width=\"750\" height=\"422\" src=\"https:\/\/www.youtube.com\/embed\/2zQE4y0me1w?version=3&#038;rel=1&#038;showsearch=0&#038;showinfo=1&#038;iv_load_policy=1&#038;fs=1&#038;hl=es-ES&#038;autohide=2&#038;wmode=transparent\" allowfullscreen=\"true\" style=\"border:0;\" sandbox=\"allow-scripts allow-same-origin allow-popups allow-presentation allow-popups-to-escape-sandbox\"><\/iframe><\/span>\n<\/div><\/figure>\n","protected":false},"excerpt":{"rendered":"<p>La palabra de Dios nos da un ejemplo de lo que no debemos hacer cuando se revela un caso de abuso sexual. Y es parte de la historia del rey David y sus hijos. 2 Samuel 13 nos cuenta el abuso sexual al que fue sometida Tamar, la \u00fanica hija del rey, princesa de Israel, [&hellip;]<\/p>\n","protected":false},"author":5,"featured_media":12216,"parent":5859,"menu_order":0,"comment_status":"closed","ping_status":"closed","template":"","meta":{"nf_dc_page":"","jetpack_post_was_ever_published":false,"footnotes":""},"class_list":["post-12214","page","type-page","status-publish","has-post-thumbnail","hentry"],"jetpack_sharing_enabled":true,"jetpack_shortlink":"https:\/\/wp.me\/P7pJjQ-3b0","jetpack-related-posts":[{"id":12199,"url":"https:\/\/www.mcclaca.org\/es\/mexico\/que-es-abuso-sexual\/","url_meta":{"origin":12214,"position":0},"title":"\u00bfQue es abuso sexual?","author":"Admin","date":"11 de octubre de 2023","format":false,"excerpt":"\u00bfQue es el abuso sexual? Para hablar de abuso sexual, primero hay que hablar de sexualidad y el lugar que ocupa en nuestra vida. Cuando Dios cre\u00f3 al ser humano a su imagen y semejanza, y le confiri\u00f3 un lugar importante en la creaci\u00f3n y delante de \u00e9l, la sexualidad\u2026","rel":"","context":"Entrada similar","block_context":{"text":"Entrada similar","link":""},"img":{"alt_text":"","src":"https:\/\/i0.wp.com\/www.mcclaca.org\/wp-content\/uploads\/2023\/10\/FOTO-1-QUE-ES-ABUSO-rsz.jpg?fit=1200%2C748&ssl=1&resize=350%2C200","width":350,"height":200,"srcset":"https:\/\/i0.wp.com\/www.mcclaca.org\/wp-content\/uploads\/2023\/10\/FOTO-1-QUE-ES-ABUSO-rsz.jpg?fit=1200%2C748&ssl=1&resize=350%2C200 1x, https:\/\/i0.wp.com\/www.mcclaca.org\/wp-content\/uploads\/2023\/10\/FOTO-1-QUE-ES-ABUSO-rsz.jpg?fit=1200%2C748&ssl=1&resize=525%2C300 1.5x, https:\/\/i0.wp.com\/www.mcclaca.org\/wp-content\/uploads\/2023\/10\/FOTO-1-QUE-ES-ABUSO-rsz.jpg?fit=1200%2C748&ssl=1&resize=700%2C400 2x, https:\/\/i0.wp.com\/www.mcclaca.org\/wp-content\/uploads\/2023\/10\/FOTO-1-QUE-ES-ABUSO-rsz.jpg?fit=1200%2C748&ssl=1&resize=1050%2C600 3x"},"classes":[]},{"id":12229,"url":"https:\/\/www.mcclaca.org\/es\/mexico\/proteccion-contra-el-abuso-acoso-y-la-explotacion-sexual-en-mexico\/","url_meta":{"origin":12214,"position":1},"title":"Protecci\u00f3n contra el abuso, acoso y la explotaci\u00f3n sexual en M\u00e9xico","author":"Admin","date":"19 de octubre de 2023","format":false,"excerpt":"\u00a1Gracias por tu inter\u00e9s en la protecci\u00f3n de ni\u00f1as y ni\u00f1os! En esta p\u00e1gina encontrar\u00e1s una serie de art\u00edculos informativos y algunos recursos audiovisuales cuya intenci\u00f3n es ayudarte a profundizar en el tema y saber c\u00f3mo abordarlo con las ni\u00f1as, ni\u00f1os y otras personas a tu alrededor, as\u00ed como obtener\u2026","rel":"","context":"Entrada similar","block_context":{"text":"Entrada similar","link":""},"img":{"alt_text":"","src":"https:\/\/i0.wp.com\/www.mcclaca.org\/wp-content\/uploads\/2023\/10\/kelly-sikkema-hS_eGxLjozs-unsplash-rsz.jpg?fit=1200%2C800&ssl=1&resize=350%2C200","width":350,"height":200,"srcset":"https:\/\/i0.wp.com\/www.mcclaca.org\/wp-content\/uploads\/2023\/10\/kelly-sikkema-hS_eGxLjozs-unsplash-rsz.jpg?fit=1200%2C800&ssl=1&resize=350%2C200 1x, https:\/\/i0.wp.com\/www.mcclaca.org\/wp-content\/uploads\/2023\/10\/kelly-sikkema-hS_eGxLjozs-unsplash-rsz.jpg?fit=1200%2C800&ssl=1&resize=525%2C300 1.5x, https:\/\/i0.wp.com\/www.mcclaca.org\/wp-content\/uploads\/2023\/10\/kelly-sikkema-hS_eGxLjozs-unsplash-rsz.jpg?fit=1200%2C800&ssl=1&resize=700%2C400 2x, https:\/\/i0.wp.com\/www.mcclaca.org\/wp-content\/uploads\/2023\/10\/kelly-sikkema-hS_eGxLjozs-unsplash-rsz.jpg?fit=1200%2C800&ssl=1&resize=1050%2C600 3x"},"classes":[]},{"id":12218,"url":"https:\/\/www.mcclaca.org\/es\/mexico\/que-podemos-hacer-al-enterarnos-de-un-caso-de-abuso-sexual-en-nuestra-familia\/","url_meta":{"origin":12214,"position":2},"title":"\u00bfQu\u00e9 podemos hacer al enterarnos de un caso de abuso sexual en nuestra familia?","author":"Admin","date":"11 de octubre de 2023","format":false,"excerpt":"Guarda la calma. Cuando te enteres, sospeches o seas testigo de un caso de abuso sexual en tu familia respira profundo y enf\u00f3cate no en c\u00f3mo te sientes t\u00fa, sino en la v\u00edctima, sobre todo si se trata de un ni\u00f1o, ni\u00f1a o adolescente. \u00c9l o ella se acercaron a\u2026","rel":"","context":"Entrada similar","block_context":{"text":"Entrada similar","link":""},"img":{"alt_text":"","src":"https:\/\/i0.wp.com\/www.mcclaca.org\/wp-content\/uploads\/2023\/10\/FOTO-5-QUE-HACER-rsz.jpg?fit=1200%2C800&ssl=1&resize=350%2C200","width":350,"height":200,"srcset":"https:\/\/i0.wp.com\/www.mcclaca.org\/wp-content\/uploads\/2023\/10\/FOTO-5-QUE-HACER-rsz.jpg?fit=1200%2C800&ssl=1&resize=350%2C200 1x, https:\/\/i0.wp.com\/www.mcclaca.org\/wp-content\/uploads\/2023\/10\/FOTO-5-QUE-HACER-rsz.jpg?fit=1200%2C800&ssl=1&resize=525%2C300 1.5x, https:\/\/i0.wp.com\/www.mcclaca.org\/wp-content\/uploads\/2023\/10\/FOTO-5-QUE-HACER-rsz.jpg?fit=1200%2C800&ssl=1&resize=700%2C400 2x, https:\/\/i0.wp.com\/www.mcclaca.org\/wp-content\/uploads\/2023\/10\/FOTO-5-QUE-HACER-rsz.jpg?fit=1200%2C800&ssl=1&resize=1050%2C600 3x"},"classes":[]},{"id":12206,"url":"https:\/\/www.mcclaca.org\/es\/mexico\/senales-de-abuso-sexual-en-ninos\/","url_meta":{"origin":12214,"position":3},"title":"Se\u00f1ales de abuso sexual en ni\u00f1os\u00a0\u00a0\u00a0\u00a0\u00a0\u00a0","author":"Admin","date":"11 de octubre de 2023","format":false,"excerpt":"No hay una sola se\u00f1al a la que debas estar atento, pero por lo general, los cambios dr\u00e1sticos en su humor, comportamiento, h\u00e1bitos de higiene o alimenticios, sus juegos, dibujos, posturas, lenguaje pueden revelar situaciones de este tipo. Pon especial atenci\u00f3n si el ni\u00f1o o ni\u00f1a con el que convives:\u2026","rel":"","context":"Entrada similar","block_context":{"text":"Entrada similar","link":""},"img":{"alt_text":"","src":"https:\/\/i0.wp.com\/www.mcclaca.org\/wp-content\/uploads\/2023\/10\/FOTO-2-SENALES-DE-ABUSO-rsz.jpg?fit=1200%2C800&ssl=1&resize=350%2C200","width":350,"height":200,"srcset":"https:\/\/i0.wp.com\/www.mcclaca.org\/wp-content\/uploads\/2023\/10\/FOTO-2-SENALES-DE-ABUSO-rsz.jpg?fit=1200%2C800&ssl=1&resize=350%2C200 1x, https:\/\/i0.wp.com\/www.mcclaca.org\/wp-content\/uploads\/2023\/10\/FOTO-2-SENALES-DE-ABUSO-rsz.jpg?fit=1200%2C800&ssl=1&resize=525%2C300 1.5x, https:\/\/i0.wp.com\/www.mcclaca.org\/wp-content\/uploads\/2023\/10\/FOTO-2-SENALES-DE-ABUSO-rsz.jpg?fit=1200%2C800&ssl=1&resize=700%2C400 2x, https:\/\/i0.wp.com\/www.mcclaca.org\/wp-content\/uploads\/2023\/10\/FOTO-2-SENALES-DE-ABUSO-rsz.jpg?fit=1200%2C800&ssl=1&resize=1050%2C600 3x"},"classes":[]},{"id":12210,"url":"https:\/\/www.mcclaca.org\/es\/mexico\/herramientas-de-prevencion\/","url_meta":{"origin":12214,"position":4},"title":"Herramientas de prevenci\u00f3n","author":"Admin","date":"11 de octubre de 2023","format":false,"excerpt":"\u00bfQu\u00e9 puedes hacer para prevenir el abuso sexual infantil? Rompe el silencio. Este es un tema tan terrible que no nos atrevemos a tocarlo con nuestros hijos e hijas y preferimos cerrar los ojos y desear con todas nuestras fuerzas, que nunca nos pase a nosotros. Pero \u00bfqu\u00e9 crees? Los\u2026","rel":"","context":"Entrada similar","block_context":{"text":"Entrada similar","link":""},"img":{"alt_text":"","src":"https:\/\/i0.wp.com\/www.mcclaca.org\/wp-content\/uploads\/2023\/10\/FOTO-3-PREVENCION-scaled.jpg?fit=1200%2C800&ssl=1&resize=350%2C200","width":350,"height":200,"srcset":"https:\/\/i0.wp.com\/www.mcclaca.org\/wp-content\/uploads\/2023\/10\/FOTO-3-PREVENCION-scaled.jpg?fit=1200%2C800&ssl=1&resize=350%2C200 1x, https:\/\/i0.wp.com\/www.mcclaca.org\/wp-content\/uploads\/2023\/10\/FOTO-3-PREVENCION-scaled.jpg?fit=1200%2C800&ssl=1&resize=525%2C300 1.5x, https:\/\/i0.wp.com\/www.mcclaca.org\/wp-content\/uploads\/2023\/10\/FOTO-3-PREVENCION-scaled.jpg?fit=1200%2C800&ssl=1&resize=700%2C400 2x, https:\/\/i0.wp.com\/www.mcclaca.org\/wp-content\/uploads\/2023\/10\/FOTO-3-PREVENCION-scaled.jpg?fit=1200%2C800&ssl=1&resize=1050%2C600 3x"},"classes":[]},{"id":5859,"url":"https:\/\/www.mcclaca.org\/es\/mexico\/","url_meta":{"origin":12214,"position":5},"title":"Mexico","author":"Ted Oswald","date":"15 de abril de 2016","format":false,"excerpt":"CCM M\u00e9xico comenz\u00f3 su trabajo en 1985 despu\u00e9s del devastador terremoto del mismo a\u00f1o. Inicialmente el enfoque fue de ayuda humanitaria pero r\u00e1pidamente pas\u00f3 a ser de desarrollo ya que las comunidades afectadas necesitaban superar la crisis. Con el paso del tiempo el perfil de trabajo avanz\u00f3 al desarrollo, la\u2026","rel":"","context":"Entrada similar","block_context":{"text":"Entrada similar","link":""},"img":{"alt_text":"","src":"","width":0,"height":0},"classes":[]}],"_links":{"self":[{"href":"https:\/\/www.mcclaca.org\/es\/wp-json\/wp\/v2\/pages\/12214","targetHints":{"allow":["GET"]}}],"collection":[{"href":"https:\/\/www.mcclaca.org\/es\/wp-json\/wp\/v2\/pages"}],"about":[{"href":"https:\/\/www.mcclaca.org\/es\/wp-json\/wp\/v2\/types\/page"}],"author":[{"embeddable":true,"href":"https:\/\/www.mcclaca.org\/es\/wp-json\/wp\/v2\/users\/5"}],"replies":[{"embeddable":true,"href":"https:\/\/www.mcclaca.org\/es\/wp-json\/wp\/v2\/comments?post=12214"}],"version-history":[{"count":4,"href":"https:\/\/www.mcclaca.org\/es\/wp-json\/wp\/v2\/pages\/12214\/revisions"}],"predecessor-version":[{"id":12258,"href":"https:\/\/www.mcclaca.org\/es\/wp-json\/wp\/v2\/pages\/12214\/revisions\/12258"}],"up":[{"embeddable":true,"href":"https:\/\/www.mcclaca.org\/es\/wp-json\/wp\/v2\/pages\/5859"}],"wp:featuredmedia":[{"embeddable":true,"href":"https:\/\/www.mcclaca.org\/es\/wp-json\/wp\/v2\/media\/12216"}],"wp:attachment":[{"href":"https:\/\/www.mcclaca.org\/es\/wp-json\/wp\/v2\/media?parent=12214"}],"curies":[{"name":"wp","href":"https:\/\/api.w.org\/{rel}","templated":true}]}}