{"id":12218,"date":"2023-10-11T14:53:42","date_gmt":"2023-10-11T19:53:42","guid":{"rendered":"https:\/\/www.mcclaca.org\/?page_id=12218"},"modified":"2023-10-24T13:09:26","modified_gmt":"2023-10-24T18:09:26","slug":"que-podemos-hacer-al-enterarnos-de-un-caso-de-abuso-sexual-en-nuestra-familia","status":"publish","type":"page","link":"https:\/\/www.mcclaca.org\/es\/mexico\/que-podemos-hacer-al-enterarnos-de-un-caso-de-abuso-sexual-en-nuestra-familia\/","title":{"rendered":"\u00bfQu\u00e9 podemos hacer al enterarnos de un caso de abuso sexual en nuestra familia?"},"content":{"rendered":"\n<h2 class=\"wp-block-heading\"><strong>Guarda la calma<\/strong>. <\/h2>\n\n\n\n<p>Cuando te enteres, sospeches o seas testigo de un caso de abuso sexual en tu familia respira profundo y <strong>enf\u00f3cate<\/strong> no en c\u00f3mo te sientes t\u00fa, sino <strong>en la v\u00edctima<\/strong>, sobre todo si se trata de un ni\u00f1o, ni\u00f1a o adolescente. \u00c9l o ella se acercaron a contarte lo que estaba pasando, o se lo contaron a alguien m\u00e1s porque necesitan ayuda.<\/p>\n\n\n\n<h2 class=\"wp-block-heading\"><strong>Protege a la v\u00edctima<\/strong>. <\/h2>\n\n\n\n<p>Si es necesario al\u00e9jala del agresor. Esto implica sacarla de su casa si el agresor es su padre, hermano o familiar cercano, o pedirle al agresor que abandone el domicilio de la v\u00edctima. Piensa esto: el agresor va a ser en la mayor\u00eda de los casos una persona con f\u00e1cil acceso a la v\u00edctima, tu papel es protegerla lo mejor posible.<\/p>\n\n\n\n<h2 class=\"wp-block-heading\"><strong>Evita esparcir rumores, comentarios o detalles sobre el caso entre muchas personas<\/strong>. <\/h2>\n\n\n\n<p>No significa guardar silencio o mantener el secreto, pero debes tomar en cuenta que hacer del conocimiento del caso entre muchas personas podr\u00eda implicar la revictimizaci\u00f3n de la persona agredida. Las personas querr\u00e1n saber m\u00e1s y m\u00e1s y emitir\u00e1n su propio juicio sobre la situaci\u00f3n, lo que puede llegar a avergonzar o confundir a la v\u00edctima o a ti.<\/p>\n\n\n\n<h2 class=\"wp-block-heading\"><strong>Busca ayuda de un profesional (consejero, pastor, terapeuta, abogado, etc.) para ti en primer lugar, y luego para la v\u00edctima<\/strong>. <\/h2>\n\n\n\n<p>\u00bfHas viajado en avi\u00f3n? Cuando los sobrecargos dan las instrucciones sobre qu\u00e9 hacer en caso de que ocurra un accidente durante el vuelo y llegan a las mascarillas de ox\u00edgeno, lo que siempre dicen es que la mascarilla te la debes colocar primero t\u00fa, y luego ayudar a quien lo requiera. Podr\u00eda sonar ego\u00edsta, pero si lo piensas un poco tiene mucho sentido. Si por querer ayudar a otros t\u00fa te quedas sin ox\u00edgeno, no solo puedes salir lastimado t\u00fa, sino aquellos a quienes quer\u00edas ayudar. Lo mismo pasa cuando tratas de volcarte sobre la v\u00edctima sin estar bien preparado t\u00fa mismo. T\u00f3mate un tiempo, respira, trata de asimilar la gravedad de la situaci\u00f3n y escucha el consejo de personas preparadas para responder a situaciones de trauma. \u00a1Ponte la mascarilla! Recuerda, lo m\u00e1s importante para la v\u00edctima es alejarla de su agresor.<\/p>\n\n\n\n<h2 class=\"wp-block-heading\"><strong>Denuncia.<\/strong><\/h2>\n\n\n\n<p><strong> <\/strong>S\u00ed, lo sabemos. Tomar la decisi\u00f3n de denunciar frente a las autoridades correspondientes a tu esposo, padre, suegro, t\u00edo, primo, hermano, sobrino, pastor, amigo, etc., NO ES F\u00c1CIL. Pero es necesario y tu responsabilidad como adulto cuidador y protector de los ni\u00f1os, ni\u00f1as y adolescentes que Dios ha puesto a tu cuidado. Por eso es necesario prepararte y afirmarte antes, e informarte sobre lo que vendr\u00e1 en cuanto al proceso penal. Mide tus fuerzas, como recomend\u00f3 Jes\u00fas, antes de salir a enfrentar al enemigo (Lucas 14:31). Fortalece tu coraz\u00f3n y ponte en manos de Dios, principal Defensor de los ni\u00f1os (Mateo 18:6-8). Busca aliados y compa\u00f1eros en este proceso.<\/p>\n\n\n\n<h2 class=\"wp-block-heading\"><strong>S\u00e9 un aliado seguro y firme<\/strong>. <\/h2>\n\n\n\n<p>Los agresores har\u00e1n todo lo posible para desacreditar, minimizar o racionalizar el abuso que cometieron. Sobre todo, argumentar\u00e1n que el ni\u00f1o, la ni\u00f1a o el adolescente \u201clos sedujeron\u201d, \u201clos provocaron\u201d, \u201clo buscaron\u201d. Dir\u00e1n que, si te pones del lado del ni\u00f1o, ni\u00f1a o adolescente, destruir\u00e1s a la familia, har\u00e1s que personas queridas enfermen y quiz\u00e1s hasta te acusar\u00e1n de querer hacerles da\u00f1o, \u00a1a ellos! Y la verdad es que s\u00ed. La familia s\u00ed va a entrar en crisis, pero no por tu culpa, o por la culpa del peque\u00f1o que decidi\u00f3 revelar el abuso. No pierdas la dimensi\u00f3n de las cosas, el \u00fanico culpable es el agresor que decidi\u00f3 hacer mal uso de su poder, posici\u00f3n, influencia y autoridad en la familia, para lastimar de una forma profunda a su v\u00edctima.<\/p>\n\n\n\n<h2 class=\"wp-block-heading\"><strong>Mantente firme.<\/strong> <\/h2>\n\n\n\n<p>En nuestra sociedad, la voz de los peque\u00f1os es menospreciada y pocas veces tomada en serio. Pero se ha comprobado que el 95% de los ni\u00f1os y ni\u00f1as que revelan una agresi\u00f3n sexual no la est\u00e1n inventando. En nuestra sociedad, adem\u00e1s, el sistema judicial adultoc\u00e9ntrico (centrado en los adultos y no en los ni\u00f1os), se forma de adultos que defienden a otros adultos. \u00a1Los ni\u00f1os, ni\u00f1as y adolescentes necesitan un aliado!<\/p>\n\n\n\n<p><\/p>\n\n\n\n<p>Si quieres saber m\u00e1s, te sugerimos consultar:<\/p>\n\n\n\n<p><strong>\u00bfC\u00f3mo ayudar a alguien que fue v\u00edctima de abuso sexual?<\/strong><\/p>\n\n\n\n<figure class=\"wp-block-embed is-type-video is-provider-youtube wp-block-embed-youtube wp-embed-aspect-16-9 wp-has-aspect-ratio\"><div class=\"wp-block-embed__wrapper\">\n<span class=\"embed-youtube\" style=\"text-align:center; display: block;\"><iframe class=\"youtube-player\" width=\"750\" height=\"422\" src=\"https:\/\/www.youtube.com\/embed\/wprzv2tCNvE?version=3&#038;rel=1&#038;showsearch=0&#038;showinfo=1&#038;iv_load_policy=1&#038;fs=1&#038;hl=es-ES&#038;autohide=2&#038;wmode=transparent\" allowfullscreen=\"true\" style=\"border:0;\" sandbox=\"allow-scripts allow-same-origin allow-popups allow-presentation allow-popups-to-escape-sandbox\"><\/iframe><\/span>\n<\/div><\/figure>\n\n\n\n<p><strong>C\u00f3mo ayudar a sanar a los que han sufrido abuso sexual<\/strong><\/p>\n\n\n\n<figure class=\"wp-block-embed is-type-video is-provider-youtube wp-block-embed-youtube wp-embed-aspect-16-9 wp-has-aspect-ratio\"><div class=\"wp-block-embed__wrapper\">\n<span class=\"embed-youtube\" style=\"text-align:center; display: block;\"><iframe class=\"youtube-player\" width=\"750\" height=\"422\" src=\"https:\/\/www.youtube.com\/embed\/xVMJakOPR5c?version=3&#038;rel=1&#038;showsearch=0&#038;showinfo=1&#038;iv_load_policy=1&#038;fs=1&#038;hl=es-ES&#038;autohide=2&#038;wmode=transparent\" allowfullscreen=\"true\" style=\"border:0;\" sandbox=\"allow-scripts allow-same-origin allow-popups allow-presentation allow-popups-to-escape-sandbox\"><\/iframe><\/span>\n<\/div><\/figure>\n","protected":false},"excerpt":{"rendered":"<p>Guarda la calma. Cuando te enteres, sospeches o seas testigo de un caso de abuso sexual en tu familia respira profundo y enf\u00f3cate no en c\u00f3mo te sientes t\u00fa, sino en la v\u00edctima, sobre todo si se trata de un ni\u00f1o, ni\u00f1a o adolescente. \u00c9l o ella se acercaron a contarte lo que estaba pasando, [&hellip;]<\/p>\n","protected":false},"author":5,"featured_media":12219,"parent":5859,"menu_order":0,"comment_status":"closed","ping_status":"closed","template":"","meta":{"nf_dc_page":"","jetpack_post_was_ever_published":false,"footnotes":""},"class_list":["post-12218","page","type-page","status-publish","has-post-thumbnail","hentry"],"jetpack_sharing_enabled":true,"jetpack_shortlink":"https:\/\/wp.me\/P7pJjQ-3b4","jetpack-related-posts":[{"id":12199,"url":"https:\/\/www.mcclaca.org\/es\/mexico\/que-es-abuso-sexual\/","url_meta":{"origin":12218,"position":0},"title":"\u00bfQue es abuso sexual?","author":"Admin","date":"11 de octubre de 2023","format":false,"excerpt":"\u00bfQue es el abuso sexual? Para hablar de abuso sexual, primero hay que hablar de sexualidad y el lugar que ocupa en nuestra vida. Cuando Dios cre\u00f3 al ser humano a su imagen y semejanza, y le confiri\u00f3 un lugar importante en la creaci\u00f3n y delante de \u00e9l, la sexualidad\u2026","rel":"","context":"Entrada similar","block_context":{"text":"Entrada similar","link":""},"img":{"alt_text":"","src":"https:\/\/i0.wp.com\/www.mcclaca.org\/wp-content\/uploads\/2023\/10\/FOTO-1-QUE-ES-ABUSO-rsz.jpg?fit=1200%2C748&ssl=1&resize=350%2C200","width":350,"height":200,"srcset":"https:\/\/i0.wp.com\/www.mcclaca.org\/wp-content\/uploads\/2023\/10\/FOTO-1-QUE-ES-ABUSO-rsz.jpg?fit=1200%2C748&ssl=1&resize=350%2C200 1x, https:\/\/i0.wp.com\/www.mcclaca.org\/wp-content\/uploads\/2023\/10\/FOTO-1-QUE-ES-ABUSO-rsz.jpg?fit=1200%2C748&ssl=1&resize=525%2C300 1.5x, https:\/\/i0.wp.com\/www.mcclaca.org\/wp-content\/uploads\/2023\/10\/FOTO-1-QUE-ES-ABUSO-rsz.jpg?fit=1200%2C748&ssl=1&resize=700%2C400 2x, https:\/\/i0.wp.com\/www.mcclaca.org\/wp-content\/uploads\/2023\/10\/FOTO-1-QUE-ES-ABUSO-rsz.jpg?fit=1200%2C748&ssl=1&resize=1050%2C600 3x"},"classes":[]},{"id":12214,"url":"https:\/\/www.mcclaca.org\/es\/mexico\/que-nos-ensena-la-palabra-sobre-el-abuso-sexual\/","url_meta":{"origin":12218,"position":1},"title":"\u00bfQu\u00e9 nos ense\u00f1a la Palabra sobre el abuso sexual?","author":"Admin","date":"11 de octubre de 2023","format":false,"excerpt":"La palabra de Dios nos da un ejemplo de lo que no debemos hacer cuando se revela un caso de abuso sexual. Y es parte de la historia del rey David y sus hijos. 2 Samuel 13 nos cuenta el abuso sexual al que fue sometida Tamar, la \u00fanica hija\u2026","rel":"","context":"Entrada similar","block_context":{"text":"Entrada similar","link":""},"img":{"alt_text":"","src":"https:\/\/i0.wp.com\/www.mcclaca.org\/wp-content\/uploads\/2023\/10\/FOTO-4-PALABRA-Y-ABUSO-scaled.jpg?fit=1200%2C800&ssl=1&resize=350%2C200","width":350,"height":200,"srcset":"https:\/\/i0.wp.com\/www.mcclaca.org\/wp-content\/uploads\/2023\/10\/FOTO-4-PALABRA-Y-ABUSO-scaled.jpg?fit=1200%2C800&ssl=1&resize=350%2C200 1x, https:\/\/i0.wp.com\/www.mcclaca.org\/wp-content\/uploads\/2023\/10\/FOTO-4-PALABRA-Y-ABUSO-scaled.jpg?fit=1200%2C800&ssl=1&resize=525%2C300 1.5x, https:\/\/i0.wp.com\/www.mcclaca.org\/wp-content\/uploads\/2023\/10\/FOTO-4-PALABRA-Y-ABUSO-scaled.jpg?fit=1200%2C800&ssl=1&resize=700%2C400 2x, https:\/\/i0.wp.com\/www.mcclaca.org\/wp-content\/uploads\/2023\/10\/FOTO-4-PALABRA-Y-ABUSO-scaled.jpg?fit=1200%2C800&ssl=1&resize=1050%2C600 3x"},"classes":[]},{"id":12210,"url":"https:\/\/www.mcclaca.org\/es\/mexico\/herramientas-de-prevencion\/","url_meta":{"origin":12218,"position":2},"title":"Herramientas de prevenci\u00f3n","author":"Admin","date":"11 de octubre de 2023","format":false,"excerpt":"\u00bfQu\u00e9 puedes hacer para prevenir el abuso sexual infantil? Rompe el silencio. Este es un tema tan terrible que no nos atrevemos a tocarlo con nuestros hijos e hijas y preferimos cerrar los ojos y desear con todas nuestras fuerzas, que nunca nos pase a nosotros. Pero \u00bfqu\u00e9 crees? Los\u2026","rel":"","context":"Entrada similar","block_context":{"text":"Entrada similar","link":""},"img":{"alt_text":"","src":"https:\/\/i0.wp.com\/www.mcclaca.org\/wp-content\/uploads\/2023\/10\/FOTO-3-PREVENCION-scaled.jpg?fit=1200%2C800&ssl=1&resize=350%2C200","width":350,"height":200,"srcset":"https:\/\/i0.wp.com\/www.mcclaca.org\/wp-content\/uploads\/2023\/10\/FOTO-3-PREVENCION-scaled.jpg?fit=1200%2C800&ssl=1&resize=350%2C200 1x, https:\/\/i0.wp.com\/www.mcclaca.org\/wp-content\/uploads\/2023\/10\/FOTO-3-PREVENCION-scaled.jpg?fit=1200%2C800&ssl=1&resize=525%2C300 1.5x, https:\/\/i0.wp.com\/www.mcclaca.org\/wp-content\/uploads\/2023\/10\/FOTO-3-PREVENCION-scaled.jpg?fit=1200%2C800&ssl=1&resize=700%2C400 2x, https:\/\/i0.wp.com\/www.mcclaca.org\/wp-content\/uploads\/2023\/10\/FOTO-3-PREVENCION-scaled.jpg?fit=1200%2C800&ssl=1&resize=1050%2C600 3x"},"classes":[]},{"id":12229,"url":"https:\/\/www.mcclaca.org\/es\/mexico\/proteccion-contra-el-abuso-acoso-y-la-explotacion-sexual-en-mexico\/","url_meta":{"origin":12218,"position":3},"title":"Protecci\u00f3n contra el abuso, acoso y la explotaci\u00f3n sexual en M\u00e9xico","author":"Admin","date":"19 de octubre de 2023","format":false,"excerpt":"\u00a1Gracias por tu inter\u00e9s en la protecci\u00f3n de ni\u00f1as y ni\u00f1os! En esta p\u00e1gina encontrar\u00e1s una serie de art\u00edculos informativos y algunos recursos audiovisuales cuya intenci\u00f3n es ayudarte a profundizar en el tema y saber c\u00f3mo abordarlo con las ni\u00f1as, ni\u00f1os y otras personas a tu alrededor, as\u00ed como obtener\u2026","rel":"","context":"Entrada similar","block_context":{"text":"Entrada similar","link":""},"img":{"alt_text":"","src":"https:\/\/i0.wp.com\/www.mcclaca.org\/wp-content\/uploads\/2023\/10\/kelly-sikkema-hS_eGxLjozs-unsplash-rsz.jpg?fit=1200%2C800&ssl=1&resize=350%2C200","width":350,"height":200,"srcset":"https:\/\/i0.wp.com\/www.mcclaca.org\/wp-content\/uploads\/2023\/10\/kelly-sikkema-hS_eGxLjozs-unsplash-rsz.jpg?fit=1200%2C800&ssl=1&resize=350%2C200 1x, https:\/\/i0.wp.com\/www.mcclaca.org\/wp-content\/uploads\/2023\/10\/kelly-sikkema-hS_eGxLjozs-unsplash-rsz.jpg?fit=1200%2C800&ssl=1&resize=525%2C300 1.5x, https:\/\/i0.wp.com\/www.mcclaca.org\/wp-content\/uploads\/2023\/10\/kelly-sikkema-hS_eGxLjozs-unsplash-rsz.jpg?fit=1200%2C800&ssl=1&resize=700%2C400 2x, https:\/\/i0.wp.com\/www.mcclaca.org\/wp-content\/uploads\/2023\/10\/kelly-sikkema-hS_eGxLjozs-unsplash-rsz.jpg?fit=1200%2C800&ssl=1&resize=1050%2C600 3x"},"classes":[]},{"id":12206,"url":"https:\/\/www.mcclaca.org\/es\/mexico\/senales-de-abuso-sexual-en-ninos\/","url_meta":{"origin":12218,"position":4},"title":"Se\u00f1ales de abuso sexual en ni\u00f1os\u00a0\u00a0\u00a0\u00a0\u00a0\u00a0","author":"Admin","date":"11 de octubre de 2023","format":false,"excerpt":"No hay una sola se\u00f1al a la que debas estar atento, pero por lo general, los cambios dr\u00e1sticos en su humor, comportamiento, h\u00e1bitos de higiene o alimenticios, sus juegos, dibujos, posturas, lenguaje pueden revelar situaciones de este tipo. Pon especial atenci\u00f3n si el ni\u00f1o o ni\u00f1a con el que convives:\u2026","rel":"","context":"Entrada similar","block_context":{"text":"Entrada similar","link":""},"img":{"alt_text":"","src":"https:\/\/i0.wp.com\/www.mcclaca.org\/wp-content\/uploads\/2023\/10\/FOTO-2-SENALES-DE-ABUSO-rsz.jpg?fit=1200%2C800&ssl=1&resize=350%2C200","width":350,"height":200,"srcset":"https:\/\/i0.wp.com\/www.mcclaca.org\/wp-content\/uploads\/2023\/10\/FOTO-2-SENALES-DE-ABUSO-rsz.jpg?fit=1200%2C800&ssl=1&resize=350%2C200 1x, https:\/\/i0.wp.com\/www.mcclaca.org\/wp-content\/uploads\/2023\/10\/FOTO-2-SENALES-DE-ABUSO-rsz.jpg?fit=1200%2C800&ssl=1&resize=525%2C300 1.5x, https:\/\/i0.wp.com\/www.mcclaca.org\/wp-content\/uploads\/2023\/10\/FOTO-2-SENALES-DE-ABUSO-rsz.jpg?fit=1200%2C800&ssl=1&resize=700%2C400 2x, https:\/\/i0.wp.com\/www.mcclaca.org\/wp-content\/uploads\/2023\/10\/FOTO-2-SENALES-DE-ABUSO-rsz.jpg?fit=1200%2C800&ssl=1&resize=1050%2C600 3x"},"classes":[]},{"id":1925,"url":"https:\/\/www.mcclaca.org\/espanol\/imaginate-que-fueras-tan-valiente\/","url_meta":{"origin":12218,"position":5},"title":"Imag\u00ednate que fueras tan valiente","author":"Anna Vogt","date":"16 de octubre de 2013","format":false,"excerpt":"Por Anna Vogt, una trabajadora en CCM Colombia y JUSTAPAZ, una organizaci\u00f3n Menonita para la vivencia de la justicia, la noviolencia y la paz para una vida digna y reconciliada con toda la creaci\u00f3n. Imag\u00ednate que fueras un joven de 18 a\u00f1os. Imagine que para toda tu vida hubieras crecido\u2026","rel":"","context":"Entrada similar","block_context":{"text":"Entrada similar","link":""},"img":{"alt_text":"Young colombia soldier","src":"https:\/\/lacaadvocacy.files.wordpress.com\/2013\/09\/young-colombia-soldier.jpg?w=350&h=200&crop=1","width":350,"height":200,"srcset":"https:\/\/lacaadvocacy.files.wordpress.com\/2013\/09\/young-colombia-soldier.jpg?w=350&h=200&crop=1 1x, https:\/\/lacaadvocacy.files.wordpress.com\/2013\/09\/young-colombia-soldier.jpg?w=525&h=300&crop=1 1.5x"},"classes":[]}],"_links":{"self":[{"href":"https:\/\/www.mcclaca.org\/es\/wp-json\/wp\/v2\/pages\/12218","targetHints":{"allow":["GET"]}}],"collection":[{"href":"https:\/\/www.mcclaca.org\/es\/wp-json\/wp\/v2\/pages"}],"about":[{"href":"https:\/\/www.mcclaca.org\/es\/wp-json\/wp\/v2\/types\/page"}],"author":[{"embeddable":true,"href":"https:\/\/www.mcclaca.org\/es\/wp-json\/wp\/v2\/users\/5"}],"replies":[{"embeddable":true,"href":"https:\/\/www.mcclaca.org\/es\/wp-json\/wp\/v2\/comments?post=12218"}],"version-history":[{"count":2,"href":"https:\/\/www.mcclaca.org\/es\/wp-json\/wp\/v2\/pages\/12218\/revisions"}],"predecessor-version":[{"id":12259,"href":"https:\/\/www.mcclaca.org\/es\/wp-json\/wp\/v2\/pages\/12218\/revisions\/12259"}],"up":[{"embeddable":true,"href":"https:\/\/www.mcclaca.org\/es\/wp-json\/wp\/v2\/pages\/5859"}],"wp:featuredmedia":[{"embeddable":true,"href":"https:\/\/www.mcclaca.org\/es\/wp-json\/wp\/v2\/media\/12219"}],"wp:attachment":[{"href":"https:\/\/www.mcclaca.org\/es\/wp-json\/wp\/v2\/media?parent=12218"}],"curies":[{"name":"wp","href":"https:\/\/api.w.org\/{rel}","templated":true}]}}