{"id":5853,"date":"2016-04-15T10:51:59","date_gmt":"2016-04-15T14:51:59","guid":{"rendered":"http:\/\/www.mcclaca.org\/es\/?page_id=5853"},"modified":"2016-06-30T10:20:56","modified_gmt":"2016-06-30T14:20:56","slug":"bolivia","status":"publish","type":"page","link":"https:\/\/www.mcclaca.org\/es\/bolivia\/","title":{"rendered":"Bolivia"},"content":{"rendered":"<p>CCM en Bolivia trabaja con asociados en una variedad de \u00e1reas incluyendo la construcci\u00f3n de paz y prevenci\u00f3n de conflictos, conservaci\u00f3n y seguridad alimentaria, acceso a agua y la generaci\u00f3n de ingresos. Tambi\u00e9n manejamos nuestro propio proyecto que busca llegar a los Menonitas que hablan Bajo Alem\u00e1n a trav\u00e9s de publicaciones en alem\u00e1n y un centro social y una biblioteca. Recientemente el programa Semilla nos ha ayudado a trabajar en el occidente del pa\u00eds, la regi\u00f3n andina de Bolivia, y apoyar a asociados a trav\u00e9s de trabajadores de dos a\u00f1os. En el pr\u00f3ximo ciclo \u00a0de Semilla, tendremos trabajadores con organizaciones que est\u00e1n enfocadas en justicia ambiental, sistemas de agua comunitaria, empoderamiento de j\u00f3venes y huertas urbanas, conservaci\u00f3n de suelos y producci\u00f3n de Maca, y tambi\u00e9n con mujeres de familias mineras. El CCM aprecia mucho la bendici\u00f3n constante de la diversidad cultural que est\u00e1 presente en el Estado\u00a0<em>Plurinacional\u00a0<\/em>de Bolivia y poder experimentarlo con un equipo de personas que provienen de todas las Am\u00e9ricas.<\/p>\n<p>Para saber m\u00e1s sobre la vida del equipo de CCM Bolivia, ve este video, hecho por Fredy Hiebert:<\/p>\n<p><span class=\"embed-youtube\" style=\"text-align:center; display: block;\"><iframe class=\"youtube-player\" width=\"750\" height=\"422\" src=\"https:\/\/www.youtube.com\/embed\/is8VtfQXokA?version=3&#038;rel=1&#038;showsearch=0&#038;showinfo=1&#038;iv_load_policy=1&#038;fs=1&#038;hl=es-ES&#038;autohide=2&#038;wmode=transparent\" allowfullscreen=\"true\" style=\"border:0;\" sandbox=\"allow-scripts allow-same-origin allow-popups allow-presentation allow-popups-to-escape-sandbox\"><\/iframe><\/span><\/p>\n<p><img data-recalc-dims=\"1\" fetchpriority=\"high\" decoding=\"async\" data-attachment-id=\"6703\" data-permalink=\"https:\/\/www.mcclaca.org\/es\/bolivia\/img_7577-2-2\/\" data-orig-file=\"https:\/\/i0.wp.com\/www.mcclaca.org\/wp-content\/uploads\/2016\/04\/IMG_7577-1.jpg?fit=3289%2C1123&amp;ssl=1\" data-orig-size=\"3289,1123\" data-comments-opened=\"1\" data-image-meta=\"{&quot;aperture&quot;:&quot;5.6&quot;,&quot;credit&quot;:&quot;&quot;,&quot;camera&quot;:&quot;Canon EOS REBEL T5i&quot;,&quot;caption&quot;:&quot;&quot;,&quot;created_timestamp&quot;:&quot;1458317540&quot;,&quot;copyright&quot;:&quot;&quot;,&quot;focal_length&quot;:&quot;23&quot;,&quot;iso&quot;:&quot;100&quot;,&quot;shutter_speed&quot;:&quot;0.025&quot;,&quot;title&quot;:&quot;&quot;,&quot;orientation&quot;:&quot;1&quot;}\" data-image-title=\"IMG_7577\" data-image-description=\"\" data-image-caption=\"\" data-large-file=\"https:\/\/i0.wp.com\/www.mcclaca.org\/wp-content\/uploads\/2016\/04\/IMG_7577-1.jpg?fit=750%2C256&amp;ssl=1\" class=\"aligncenter wp-image-6703 size-large\" src=\"https:\/\/i0.wp.com\/www.mcclaca.org\/wp-content\/uploads\/2016\/04\/IMG_7577-1.jpg?resize=750%2C256&#038;ssl=1\" alt=\"IMG_7577\" width=\"750\" height=\"256\" srcset=\"https:\/\/i0.wp.com\/www.mcclaca.org\/wp-content\/uploads\/2016\/04\/IMG_7577-1.jpg?resize=1024%2C350&amp;ssl=1 1024w, https:\/\/i0.wp.com\/www.mcclaca.org\/wp-content\/uploads\/2016\/04\/IMG_7577-1.jpg?resize=300%2C102&amp;ssl=1 300w, https:\/\/i0.wp.com\/www.mcclaca.org\/wp-content\/uploads\/2016\/04\/IMG_7577-1.jpg?resize=768%2C262&amp;ssl=1 768w, https:\/\/i0.wp.com\/www.mcclaca.org\/wp-content\/uploads\/2016\/04\/IMG_7577-1.jpg?w=1500&amp;ssl=1 1500w, https:\/\/i0.wp.com\/www.mcclaca.org\/wp-content\/uploads\/2016\/04\/IMG_7577-1.jpg?w=2250&amp;ssl=1 2250w\" sizes=\"(max-width: 750px) 100vw, 750px\" \/><\/p>\n<p>&nbsp;<\/p>\n","protected":false},"excerpt":{"rendered":"<p>CCM en Bolivia trabaja con asociados en una variedad de \u00e1reas incluyendo la construcci\u00f3n de paz y prevenci\u00f3n de conflictos, conservaci\u00f3n y seguridad alimentaria, acceso a agua y la generaci\u00f3n de ingresos. Tambi\u00e9n manejamos nuestro propio proyecto que busca llegar a los Menonitas que hablan Bajo Alem\u00e1n a trav\u00e9s de publicaciones en alem\u00e1n y un [&hellip;]<\/p>\n","protected":false},"author":2,"featured_media":5567,"parent":0,"menu_order":0,"comment_status":"closed","ping_status":"closed","template":"","meta":{"nf_dc_page":"","jetpack_post_was_ever_published":false,"footnotes":""},"class_list":["post-5853","page","type-page","status-publish","has-post-thumbnail","hentry"],"jetpack_sharing_enabled":true,"jetpack_shortlink":"https:\/\/wp.me\/P7pJjQ-1wp","jetpack-related-posts":[{"id":1105,"url":"https:\/\/www.mcclaca.org\/espanol\/tres-formas-de-paz-en-bolivia\/","url_meta":{"origin":5853,"position":0},"title":"Tres formas de paz en Bolivia","author":"Anna Vogt","date":"20 de noviembre de 2012","format":false,"excerpt":"Por Adrienne Wiebe, CCM Am\u00e9rica Latina Las Menonitas han interpretado la llamada b\u00edblica a la paz de varias maneras en su historia. En un viaje reciente, vi en Santa Cruz, Bolivia tres formas en las que las Menonitas estuvieron viviendo esta llamada a la paz. Una forma de la vida\u2026","rel":"","context":"Entrada similar","block_context":{"text":"Entrada similar","link":""},"img":{"alt_text":"","src":"https:\/\/lacaadvocacy.files.wordpress.com\/2012\/11\/img_4866.jpg?w=350&h=200&crop=1","width":350,"height":200},"classes":[]},{"id":1343,"url":"https:\/\/www.mcclaca.org\/espanol\/la-cuestion-de-la-quinoa-parte-1\/","url_meta":{"origin":5853,"position":1},"title":"La Cuesti\u00f3n de la Qu\u00ednoa: Parte 1","author":"Anna Vogt","date":"19 de febrero de 2013","format":false,"excerpt":"Por Kyle Navis, CCM Bolivia 2013 es el A\u00f1o internacional de la Quinoa (International Year of the Quinoa), seg\u00fan una declaraci\u00f3n de las Naciones Unidas y el gobierno de Bolivia, \"reconociendo a los pueblos ind\u00edgenas andinos, que han mantenido, controlado, protegido y preservado la qu\u00ednoa como alimento para las generaciones\u2026","rel":"","context":"Entrada similar","block_context":{"text":"Entrada similar","link":""},"img":{"alt_text":"","src":"","width":0,"height":0},"classes":[]},{"id":1380,"url":"https:\/\/www.mcclaca.org\/espanol\/la-cuestion-de-la-quinoa-parte-3-justicia\/","url_meta":{"origin":5853,"position":2},"title":"La Cuesti\u00f3n de la Quinoa Parte 3: Justicia","author":"Anna Vogt","date":"1 de marzo de 2013","format":false,"excerpt":"Por Kyle Navis, CCM Bolivia Con el aumento del precio de la quinua, como \u00a0una realidad, y la preocupaci\u00f3n por sus efectos sobre la capacidad de los pa\u00edses productores para proporcionar un acceso asequible para los consumidores nacionales, me decid\u00ed a sentarse y hablar con el colega de Bolivia de\u2026","rel":"","context":"Entrada similar","block_context":{"text":"Entrada similar","link":""},"img":{"alt_text":"quinoa woman","src":"https:\/\/lacaadvocacy.files.wordpress.com\/2013\/02\/quinoa-woman.jpg?w=350&h=200&crop=1","width":350,"height":200},"classes":[]},{"id":5855,"url":"https:\/\/www.mcclaca.org\/es\/colombia\/","url_meta":{"origin":5853,"position":3},"title":"Colombia","author":"Ted Oswald","date":"15 de abril de 2016","format":false,"excerpt":"El CCM ha apoyado el trabajo en Colombia por medio de nuestros socios anabautistas desde 1976. En el 2002, el CCM abri\u00f3 una oficina en Bogot\u00e1 para darles un acompa\u00f1amiento mas cercano durante la era de los desplazamientos masivos debido al conflicto armado. El CCM apoya el trabajo de las\u2026","rel":"","context":"Entrada similar","block_context":{"text":"Entrada similar","link":""},"img":{"alt_text":"MCC Colombia logo","src":"https:\/\/i0.wp.com\/www.mcclaca.org\/wp-content\/uploads\/2016\/04\/MCC-Colombia-logo-1024x121.jpg?resize=350%2C200","width":350,"height":200,"srcset":"https:\/\/i0.wp.com\/www.mcclaca.org\/wp-content\/uploads\/2016\/04\/MCC-Colombia-logo-1024x121.jpg?resize=350%2C200 1x, https:\/\/i0.wp.com\/www.mcclaca.org\/wp-content\/uploads\/2016\/04\/MCC-Colombia-logo-1024x121.jpg?resize=525%2C300 1.5x, https:\/\/i0.wp.com\/www.mcclaca.org\/wp-content\/uploads\/2016\/04\/MCC-Colombia-logo-1024x121.jpg?resize=700%2C400 2x"},"classes":[]},{"id":5873,"url":"https:\/\/www.mcclaca.org\/es\/programas\/","url_meta":{"origin":5853,"position":4},"title":"Programas","author":"Ted Oswald","date":"15 de abril de 2016","format":false,"excerpt":"CCM tiene programas de pa\u00eds en los siguientes pa\u00edses de la regi\u00f3n LACA: Bolivia Colombia Guatemala\u00a0(administra proyectos en El Salvador) Haiti Honduras Mexico Nicaragua\u00a0(administra proyectos en Costa Rica) \u00a0","rel":"","context":"Entrada similar","block_context":{"text":"Entrada similar","link":""},"img":{"alt_text":"","src":"https:\/\/i0.wp.com\/www.mcclaca.org\/wp-content\/uploads\/2016\/04\/Where-we-work.jpg?fit=741%2C360&ssl=1&resize=350%2C200","width":350,"height":200,"srcset":"https:\/\/i0.wp.com\/www.mcclaca.org\/wp-content\/uploads\/2016\/04\/Where-we-work.jpg?fit=741%2C360&ssl=1&resize=350%2C200 1x, https:\/\/i0.wp.com\/www.mcclaca.org\/wp-content\/uploads\/2016\/04\/Where-we-work.jpg?fit=741%2C360&ssl=1&resize=525%2C300 1.5x, https:\/\/i0.wp.com\/www.mcclaca.org\/wp-content\/uploads\/2016\/04\/Where-we-work.jpg?fit=741%2C360&ssl=1&resize=700%2C400 2x"},"classes":[]},{"id":1246,"url":"https:\/\/www.mcclaca.org\/espanol\/bolivia-coca-y-la-guerra-contra-las-drogas\/","url_meta":{"origin":5853,"position":5},"title":"Bolivia, Coca, y la \u201cGuerra contra las Drogas\u201d","author":"Anna Vogt","date":"23 de enero de 2013","format":false,"excerpt":"La coca, la materia prima para la coca\u00edna, se ha utilizado en los Andes durante miles de a\u00f1os como un estimulante suave y una hierba medicinal sagrada. \u00bfC\u00f3mo encaja esta pr\u00e1ctica ind\u00edgena con la actual \"guerra contra las drogas\"? Kyle Navis, de MCC Bolivia, describe el reciente cambio de perspectiva\u2026","rel":"","context":"Entrada similar","block_context":{"text":"Entrada similar","link":""},"img":{"alt_text":"Bolivians chewing coca leaves","src":"https:\/\/lacaadvocacy.files.wordpress.com\/2013\/01\/bolivians-chew-coca-leaf-007.jpg?w=350&h=200&crop=1","width":350,"height":200},"classes":[]}],"_links":{"self":[{"href":"https:\/\/www.mcclaca.org\/es\/wp-json\/wp\/v2\/pages\/5853","targetHints":{"allow":["GET"]}}],"collection":[{"href":"https:\/\/www.mcclaca.org\/es\/wp-json\/wp\/v2\/pages"}],"about":[{"href":"https:\/\/www.mcclaca.org\/es\/wp-json\/wp\/v2\/types\/page"}],"author":[{"embeddable":true,"href":"https:\/\/www.mcclaca.org\/es\/wp-json\/wp\/v2\/users\/2"}],"replies":[{"embeddable":true,"href":"https:\/\/www.mcclaca.org\/es\/wp-json\/wp\/v2\/comments?post=5853"}],"version-history":[{"count":5,"href":"https:\/\/www.mcclaca.org\/es\/wp-json\/wp\/v2\/pages\/5853\/revisions"}],"predecessor-version":[{"id":6994,"href":"https:\/\/www.mcclaca.org\/es\/wp-json\/wp\/v2\/pages\/5853\/revisions\/6994"}],"wp:featuredmedia":[{"embeddable":true,"href":"https:\/\/www.mcclaca.org\/es\/wp-json\/wp\/v2\/media\/5567"}],"wp:attachment":[{"href":"https:\/\/www.mcclaca.org\/es\/wp-json\/wp\/v2\/media?parent=5853"}],"curies":[{"name":"wp","href":"https:\/\/api.w.org\/{rel}","templated":true}]}}