{"id":5855,"date":"2016-04-15T10:53:40","date_gmt":"2016-04-15T14:53:40","guid":{"rendered":"http:\/\/www.mcclaca.org\/es\/?page_id=5855"},"modified":"2016-06-15T16:04:53","modified_gmt":"2016-06-15T20:04:53","slug":"colombia","status":"publish","type":"page","link":"https:\/\/www.mcclaca.org\/es\/colombia\/","title":{"rendered":"Colombia"},"content":{"rendered":"<p><img data-recalc-dims=\"1\" fetchpriority=\"high\" decoding=\"async\" data-attachment-id=\"5566\" data-permalink=\"https:\/\/www.mcclaca.org\/es\/colombia\/mcc-colombia-logo-2\/\" data-orig-file=\"https:\/\/i0.wp.com\/www.mcclaca.org\/wp-content\/uploads\/2016\/04\/MCC-Colombia-logo.jpg?fit=1538%2C181&amp;ssl=1\" data-orig-size=\"1538,181\" data-comments-opened=\"1\" data-image-meta=\"{&quot;aperture&quot;:&quot;0&quot;,&quot;credit&quot;:&quot;&quot;,&quot;camera&quot;:&quot;&quot;,&quot;caption&quot;:&quot;&quot;,&quot;created_timestamp&quot;:&quot;0&quot;,&quot;copyright&quot;:&quot;&quot;,&quot;focal_length&quot;:&quot;0&quot;,&quot;iso&quot;:&quot;0&quot;,&quot;shutter_speed&quot;:&quot;0&quot;,&quot;title&quot;:&quot;&quot;,&quot;orientation&quot;:&quot;1&quot;}\" data-image-title=\"MCC Colombia logo\" data-image-description=\"\" data-image-caption=\"\" data-large-file=\"https:\/\/i0.wp.com\/www.mcclaca.org\/wp-content\/uploads\/2016\/04\/MCC-Colombia-logo.jpg?fit=750%2C89&amp;ssl=1\" class=\"aligncenter wp-image-5566 size-large\" src=\"https:\/\/i0.wp.com\/www.mcclaca.org\/wp-content\/uploads\/2016\/04\/MCC-Colombia-logo.jpg?resize=750%2C89&#038;ssl=1\" alt=\"MCC Colombia logo\" width=\"750\" height=\"89\" srcset=\"https:\/\/i0.wp.com\/www.mcclaca.org\/wp-content\/uploads\/2016\/04\/MCC-Colombia-logo.jpg?resize=1024%2C121&amp;ssl=1 1024w, https:\/\/i0.wp.com\/www.mcclaca.org\/wp-content\/uploads\/2016\/04\/MCC-Colombia-logo.jpg?resize=300%2C35&amp;ssl=1 300w, https:\/\/i0.wp.com\/www.mcclaca.org\/wp-content\/uploads\/2016\/04\/MCC-Colombia-logo.jpg?resize=768%2C90&amp;ssl=1 768w, https:\/\/i0.wp.com\/www.mcclaca.org\/wp-content\/uploads\/2016\/04\/MCC-Colombia-logo.jpg?w=1538&amp;ssl=1 1538w\" sizes=\"(max-width: 750px) 100vw, 750px\" \/><\/p>\n<p>El CCM ha apoyado el trabajo en Colombia por medio de nuestros socios anabautistas desde 1976. En el 2002, el CCM abri\u00f3 una oficina en Bogot\u00e1 para darles un acompa\u00f1amiento mas cercano durante la era de los desplazamientos masivos debido al conflicto armado. El CCM apoya el trabajo de las iglesias e instituciones involucradas en actividades de construcci\u00f3n de paz mediante un espectro \u00e1mplio de intervenciones y paradigmas. Estas intervenciones inluyen diveras iniciativas tales como apoyo a desarrollo agr\u00edcola en comunidades afectadas por la violencia, programaci\u00f3n con ni\u00f1os y j\u00f3venes, atenci\u00f3n de emergencia a personas en condiciones de desplazamiento, apoyo psico-social para peronas afectadas por el conflicto armado, organizaci\u00f3n comunitaria y desarrollo de ciudadan\u00eda. Los socios del CCM se involucran con iniciativas de incidencia y construcci\u00f3n de paz a nivel local, nacional, e internacional relacionada al conflicto armado. En el 2015, el CCM apoy\u00f3 a 30 iglesias o instituciones Anabautistas en Colombia mediante proyectos o colocaci\u00f3n de personal.<\/p>\n<p>Adem\u00e1s de los trabajadores de servicio que vienen por tres a\u00f1os a servir con cinco socios institucionales, trabajamos <a href=\"https:\/\/semillacolombia.wordpress.com\/\" target=\"_blank\">con el programa Semilla de dos a\u00f1os<\/a>, ahora en el cuarto ciclo, y programas de un a\u00f1o que son YAMEN y SALT. En este momento en el equipo somos casi 30 personas representando a diez naciones diferentes.<\/p>\n<p><img data-recalc-dims=\"1\" decoding=\"async\" data-attachment-id=\"6023\" data-permalink=\"https:\/\/www.mcclaca.org\/es\/colombia\/img_7192-2\/\" data-orig-file=\"https:\/\/i0.wp.com\/www.mcclaca.org\/wp-content\/uploads\/2016\/04\/IMG_7192.jpg?fit=3681%2C2320&amp;ssl=1\" data-orig-size=\"3681,2320\" data-comments-opened=\"1\" data-image-meta=\"{&quot;aperture&quot;:&quot;2.8&quot;,&quot;credit&quot;:&quot;unknown&quot;,&quot;camera&quot;:&quot;Canon EOS DIGITAL REBEL XTi&quot;,&quot;caption&quot;:&quot;&quot;,&quot;created_timestamp&quot;:&quot;1460843524&quot;,&quot;copyright&quot;:&quot;&quot;,&quot;focal_length&quot;:&quot;24&quot;,&quot;iso&quot;:&quot;200&quot;,&quot;shutter_speed&quot;:&quot;0.003125&quot;,&quot;title&quot;:&quot;&quot;,&quot;orientation&quot;:&quot;0&quot;}\" data-image-title=\"IMG_7192\" data-image-description=\"\" data-image-caption=\"\" data-large-file=\"https:\/\/i0.wp.com\/www.mcclaca.org\/wp-content\/uploads\/2016\/04\/IMG_7192.jpg?fit=750%2C472&amp;ssl=1\" class=\"aligncenter wp-image-6023 size-large\" src=\"https:\/\/i0.wp.com\/www.mcclaca.org\/wp-content\/uploads\/2016\/04\/IMG_7192.jpg?resize=750%2C472&#038;ssl=1\" alt=\"IMG_7192\" width=\"750\" height=\"472\" srcset=\"https:\/\/i0.wp.com\/www.mcclaca.org\/wp-content\/uploads\/2016\/04\/IMG_7192.jpg?resize=1024%2C645&amp;ssl=1 1024w, https:\/\/i0.wp.com\/www.mcclaca.org\/wp-content\/uploads\/2016\/04\/IMG_7192.jpg?resize=300%2C189&amp;ssl=1 300w, https:\/\/i0.wp.com\/www.mcclaca.org\/wp-content\/uploads\/2016\/04\/IMG_7192.jpg?resize=768%2C484&amp;ssl=1 768w, https:\/\/i0.wp.com\/www.mcclaca.org\/wp-content\/uploads\/2016\/04\/IMG_7192.jpg?w=1500&amp;ssl=1 1500w, https:\/\/i0.wp.com\/www.mcclaca.org\/wp-content\/uploads\/2016\/04\/IMG_7192.jpg?w=2250&amp;ssl=1 2250w\" sizes=\"(max-width: 750px) 100vw, 750px\" \/><\/p>\n","protected":false},"excerpt":{"rendered":"<p>El CCM ha apoyado el trabajo en Colombia por medio de nuestros socios anabautistas desde 1976. En el 2002, el CCM abri\u00f3 una oficina en Bogot\u00e1 para darles un acompa\u00f1amiento mas cercano durante la era de los desplazamientos masivos debido al conflicto armado. El CCM apoya el trabajo de las iglesias e instituciones involucradas en [&hellip;]<\/p>\n","protected":false},"author":2,"featured_media":5566,"parent":0,"menu_order":0,"comment_status":"closed","ping_status":"closed","template":"","meta":{"nf_dc_page":"","jetpack_post_was_ever_published":false,"footnotes":""},"class_list":["post-5855","page","type-page","status-publish","has-post-thumbnail","hentry"],"jetpack_sharing_enabled":true,"jetpack_shortlink":"https:\/\/wp.me\/P7pJjQ-1wr","jetpack-related-posts":[{"id":5858,"url":"https:\/\/www.mcclaca.org\/es\/honduras\/","url_meta":{"origin":5855,"position":0},"title":"Honduras","author":"Ted Oswald","date":"15 de abril de 2016","format":false,"excerpt":"La presencia del Comit\u00e9 Central Menonita (CCM) en Honduras se inici\u00f3 en 1980 a petici\u00f3n de la Iglesia Evang\u00e9lica Menonita Hondure\u00f1a (IEMH) que estaba trabajando con los refugiados salvadore\u00f1os en la parte occidental del pa\u00eds. CCM apoy\u00f3 la asistencia a los refugiados con recursos materiales y personal del CCM de\u2026","rel":"","context":"Entrada similar","block_context":{"text":"Entrada similar","link":""},"img":{"alt_text":"","src":"https:\/\/i0.wp.com\/www.mcclaca.org\/wp-content\/uploads\/2016\/04\/Mcc-Honduras-1-1024x120.jpg?resize=350%2C200","width":350,"height":200,"srcset":"https:\/\/i0.wp.com\/www.mcclaca.org\/wp-content\/uploads\/2016\/04\/Mcc-Honduras-1-1024x120.jpg?resize=350%2C200 1x, https:\/\/i0.wp.com\/www.mcclaca.org\/wp-content\/uploads\/2016\/04\/Mcc-Honduras-1-1024x120.jpg?resize=525%2C300 1.5x, https:\/\/i0.wp.com\/www.mcclaca.org\/wp-content\/uploads\/2016\/04\/Mcc-Honduras-1-1024x120.jpg?resize=700%2C400 2x"},"classes":[]},{"id":5696,"url":"https:\/\/www.mcclaca.org\/es\/mennonite-central-committee-mcc\/","url_meta":{"origin":5855,"position":1},"title":"Comit\u00e9 Central Menonita (CCM)","author":"Ted Oswald","date":"15 de abril de 2016","format":false,"excerpt":"El Comit\u00e9 Central Menonita (CCM), un ministerio mundial de las iglesias anabautistas, comparte el amor de Dios y su compasi\u00f3n por todos en el nombre de Cristo respondiendo a las necesidades b\u00e1sicas humanas y trabajando por la paz y la justicia. En todos nuestros programas estamos comprometidos a estar en\u2026","rel":"","context":"Entrada similar","block_context":{"text":"Entrada similar","link":""},"img":{"alt_text":"","src":"https:\/\/i0.wp.com\/www.mcclaca.org\/wp-content\/uploads\/2016\/04\/MCC-logotype-2-color-large-English-e1465852237163.png?fit=700%2C224&ssl=1&resize=350%2C200","width":350,"height":200,"srcset":"https:\/\/i0.wp.com\/www.mcclaca.org\/wp-content\/uploads\/2016\/04\/MCC-logotype-2-color-large-English-e1465852237163.png?fit=700%2C224&ssl=1&resize=350%2C200 1x, https:\/\/i0.wp.com\/www.mcclaca.org\/wp-content\/uploads\/2016\/04\/MCC-logotype-2-color-large-English-e1465852237163.png?fit=700%2C224&ssl=1&resize=525%2C300 1.5x, https:\/\/i0.wp.com\/www.mcclaca.org\/wp-content\/uploads\/2016\/04\/MCC-logotype-2-color-large-English-e1465852237163.png?fit=700%2C224&ssl=1&resize=700%2C400 2x"},"classes":[]},{"id":5856,"url":"https:\/\/www.mcclaca.org\/es\/guatemala-el-salvador\/","url_meta":{"origin":5855,"position":2},"title":"Guatemala &#038; El Salvador","author":"Ted Oswald","date":"15 de abril de 2016","format":false,"excerpt":"CCM inici\u00f3 su trabajo en Guatemala en 1976 despu\u00e9s de un devastador terremoto en el pa\u00eds, que mat\u00f3 a m\u00e1s de 25.000 personas y desplazo a 1,25 millones. CCM inici\u00f3 su trabajo en El Salvador en 1981 en respuesta a la crisis de refugiados, generada por la guerra civil que\u2026","rel":"","context":"Entrada similar","block_context":{"text":"Entrada similar","link":""},"img":{"alt_text":"","src":"","width":0,"height":0},"classes":[]},{"id":1474,"url":"https:\/\/www.mcclaca.org\/espanol\/colombia-jornada-de-oracion-y-accion-2013\/","url_meta":{"origin":5855,"position":3},"title":"Colombia: Jornada de Oraci\u00f3n y Acci\u00f3n 2013","author":"Anna Vogt","date":"19 de marzo de 2013","format":false,"excerpt":"Por Rebekah Sears, CCM Colombia Despu\u00e9s de 50 a\u00f1os de conflicto armado interno que han desplazado m\u00e1s de 5 millones de personas, destruyendo innumerables vidas, nos juntamos con nuestros hermanos y hermanas colombianos para La Jornada de Oraci\u00f3n y Acci\u00f3n para Colombia 2013 para decir \u201cAhora es el Momento por\u2026","rel":"","context":"Entrada similar","block_context":{"text":"Entrada similar","link":""},"img":{"alt_text":"","src":"","width":0,"height":0},"classes":[]},{"id":5859,"url":"https:\/\/www.mcclaca.org\/es\/mexico\/","url_meta":{"origin":5855,"position":4},"title":"Mexico","author":"Ted Oswald","date":"15 de abril de 2016","format":false,"excerpt":"CCM M\u00e9xico comenz\u00f3 su trabajo en 1985 despu\u00e9s del devastador terremoto del mismo a\u00f1o. Inicialmente el enfoque fue de ayuda humanitaria pero r\u00e1pidamente pas\u00f3 a ser de desarrollo ya que las comunidades afectadas necesitaban superar la crisis. Con el paso del tiempo el perfil de trabajo avanz\u00f3 al desarrollo, la\u2026","rel":"","context":"Entrada similar","block_context":{"text":"Entrada similar","link":""},"img":{"alt_text":"","src":"","width":0,"height":0},"classes":[]},{"id":607,"url":"https:\/\/www.mcclaca.org\/espanol\/","url_meta":{"origin":5855,"position":5},"title":"Espa\u00f1ol","author":"Anna Vogt","date":"22 de mayo de 2012","format":false,"excerpt":"La Incidencia en CCM de Am\u00e9rica Latina y el Caribe Este es el blog del Programa de Incidencia para la secci\u00f3n de Am\u00e9rica Latina y el Caribe del Comit\u00e9 Central Menonita (CCM).\u00a0Es un sitio para compartir ideas, historias y acci\u00f3nes con respecto a temas cr\u00edticas en la regi\u00f3n. CCM es\u2026","rel":"","context":"Entrada similar","block_context":{"text":"Entrada similar","link":""},"img":{"alt_text":"","src":"","width":0,"height":0},"classes":[]}],"_links":{"self":[{"href":"https:\/\/www.mcclaca.org\/es\/wp-json\/wp\/v2\/pages\/5855","targetHints":{"allow":["GET"]}}],"collection":[{"href":"https:\/\/www.mcclaca.org\/es\/wp-json\/wp\/v2\/pages"}],"about":[{"href":"https:\/\/www.mcclaca.org\/es\/wp-json\/wp\/v2\/types\/page"}],"author":[{"embeddable":true,"href":"https:\/\/www.mcclaca.org\/es\/wp-json\/wp\/v2\/users\/2"}],"replies":[{"embeddable":true,"href":"https:\/\/www.mcclaca.org\/es\/wp-json\/wp\/v2\/comments?post=5855"}],"version-history":[{"count":4,"href":"https:\/\/www.mcclaca.org\/es\/wp-json\/wp\/v2\/pages\/5855\/revisions"}],"predecessor-version":[{"id":6891,"href":"https:\/\/www.mcclaca.org\/es\/wp-json\/wp\/v2\/pages\/5855\/revisions\/6891"}],"wp:featuredmedia":[{"embeddable":true,"href":"https:\/\/www.mcclaca.org\/es\/wp-json\/wp\/v2\/media\/5566"}],"wp:attachment":[{"href":"https:\/\/www.mcclaca.org\/es\/wp-json\/wp\/v2\/media?parent=5855"}],"curies":[{"name":"wp","href":"https:\/\/api.w.org\/{rel}","templated":true}]}}