{"id":5857,"date":"2016-04-15T10:54:04","date_gmt":"2016-04-15T14:54:04","guid":{"rendered":"http:\/\/www.mcclaca.org\/es\/?page_id=5857"},"modified":"2016-06-27T16:11:19","modified_gmt":"2016-06-27T20:11:19","slug":"haiti","status":"publish","type":"page","link":"https:\/\/www.mcclaca.org\/es\/haiti\/","title":{"rendered":"Haiti"},"content":{"rendered":"<p>El CCM en Haiti ha estado trabajando con asociados Haitianos desde 1958 para mejor las vidas de los mas vulnerables en el pa\u00eds. El trabajo de CCM en Hait\u00ed ha incluido: proyectos de alivio a desastres; salud publica; educaci\u00f3n; generaci\u00f3n de ingresos ; reforestaci\u00f3n y protecci\u00f3n del medio ambiente; viviendas; agricultura sustentable; sanaci\u00f3n de trauma; y \u00a0construcci\u00f3n de paz. Para saber mas sobre el trabajo de CCM Hait\u00ed, visita<a href=\"http:\/\/www.haitimcc.org\/projects\"> nuestro sitio web<\/a> y puede \u00a0seguir <a href=\"http:\/\/www.haitimcc.org\/blog\">el blog<\/a> para estar actualizado con noticias y reflexiones desde nuestro equipo. Para conectarse con el trabajo y ver las muchas manaras en que puedes aportar, vista la <a href=\"http:\/\/www.haitimcc.org\/get-involved\">pagina de como involucrarse<\/a>.<\/p>\n<p><img data-recalc-dims=\"1\" fetchpriority=\"high\" decoding=\"async\" data-attachment-id=\"6087\" data-permalink=\"https:\/\/www.mcclaca.org\/es\/haiti\/mcc-haiti-team-pic-2\/\" data-orig-file=\"https:\/\/i0.wp.com\/www.mcclaca.org\/wp-content\/uploads\/2016\/04\/MCC-Haiti-team-pic.jpeg?fit=500%2C320&amp;ssl=1\" data-orig-size=\"500,320\" data-comments-opened=\"1\" data-image-meta=\"{&quot;aperture&quot;:&quot;0&quot;,&quot;credit&quot;:&quot;&quot;,&quot;camera&quot;:&quot;&quot;,&quot;caption&quot;:&quot;&quot;,&quot;created_timestamp&quot;:&quot;1458301395&quot;,&quot;copyright&quot;:&quot;&quot;,&quot;focal_length&quot;:&quot;0&quot;,&quot;iso&quot;:&quot;0&quot;,&quot;shutter_speed&quot;:&quot;0&quot;,&quot;title&quot;:&quot;&quot;,&quot;orientation&quot;:&quot;0&quot;}\" data-image-title=\"MCC Haiti team pic\" data-image-description=\"\" data-image-caption=\"\" data-large-file=\"https:\/\/i0.wp.com\/www.mcclaca.org\/wp-content\/uploads\/2016\/04\/MCC-Haiti-team-pic.jpeg?fit=500%2C320&amp;ssl=1\" class=\"aligncenter wp-image-6087 size-full\" src=\"https:\/\/i0.wp.com\/www.mcclaca.org\/wp-content\/uploads\/2016\/04\/MCC-Haiti-team-pic.jpeg?resize=500%2C320&#038;ssl=1\" alt=\"MCC Haiti team pic\" width=\"500\" height=\"320\" srcset=\"https:\/\/i0.wp.com\/www.mcclaca.org\/wp-content\/uploads\/2016\/04\/MCC-Haiti-team-pic.jpeg?w=500&amp;ssl=1 500w, https:\/\/i0.wp.com\/www.mcclaca.org\/wp-content\/uploads\/2016\/04\/MCC-Haiti-team-pic.jpeg?resize=300%2C192&amp;ssl=1 300w\" sizes=\"(max-width: 500px) 100vw, 500px\" \/><\/p>\n","protected":false},"excerpt":{"rendered":"<p>El CCM en Haiti ha estado trabajando con asociados Haitianos desde 1958 para mejor las vidas de los mas vulnerables en el pa\u00eds. El trabajo de CCM en Hait\u00ed ha incluido: proyectos de alivio a desastres; salud publica; educaci\u00f3n; generaci\u00f3n de ingresos ; reforestaci\u00f3n y protecci\u00f3n del medio ambiente; viviendas; agricultura sustentable; sanaci\u00f3n de trauma; [&hellip;]<\/p>\n","protected":false},"author":2,"featured_media":6972,"parent":0,"menu_order":0,"comment_status":"closed","ping_status":"closed","template":"","meta":{"nf_dc_page":"","jetpack_post_was_ever_published":false,"footnotes":""},"class_list":["post-5857","page","type-page","status-publish","has-post-thumbnail","hentry"],"jetpack_sharing_enabled":true,"jetpack_shortlink":"https:\/\/wp.me\/P7pJjQ-1wt","jetpack-related-posts":[{"id":1785,"url":"https:\/\/www.mcclaca.org\/espanol\/ccm-haiti-y-socio-haitiano-hacen-incidencia-en-las-naciones-unidas-y-washington-dc\/","url_meta":{"origin":5857,"position":0},"title":"CCM Haiti y Socio Haitiano hacen incidencia en las Naciones Unidas y Washington DC","author":"Anna Vogt","date":"10 de julio de 2013","format":false,"excerpt":"Por Kristen y Wawa Chege, Analistas pol\u00edticos y los Coordinadores de Incidencia MCC Hait\u00ed En Washington DC, desde la izquierda: Theo Sitther (MCC DC), Jazm\u00edn Higgins (Church World Service), Kristen y Wawa Chege (MCC Hait\u00ed) En junio de 2013, el personal de incidencia de Hait\u00ed MCC viaj\u00f3 a Nueva York\u2026","rel":"","context":"Entrada similar","block_context":{"text":"Entrada similar","link":""},"img":{"alt_text":"DC.Advocacy.June.14.2013","src":"https:\/\/lacaadvocacy.files.wordpress.com\/2013\/07\/dc-advocacy-june-14-2013.jpg?w=350&h=200&crop=1","width":350,"height":200},"classes":[]},{"id":5894,"url":"https:\/\/www.mcclaca.org\/es\/latin-america-the-caribbean-laca-region\/","url_meta":{"origin":5857,"position":1},"title":"Am\u00e9rica Latina y el Caribe (LACA) Regi\u00f3n","author":"Ted Oswald","date":"15 de abril de 2016","format":false,"excerpt":"Nuestro blog viene de los programas de pa\u00edses y el programa regional de incidencia en Latinoam\u00e9rica y el Caribe (LACA) de CCM. Es un espacio para compartir ideas, historias y acciones sobre programas y asuntos de incidencia en la regi\u00f3n. Sin embargo, las opiniones expresadas en el blog no son\u2026","rel":"","context":"Entrada similar","block_context":{"text":"Entrada similar","link":""},"img":{"alt_text":"","src":"","width":0,"height":0},"classes":[]},{"id":795,"url":"https:\/\/www.mcclaca.org\/other-mcc-blogsotros-blogs-de-ccm\/","url_meta":{"origin":5857,"position":2},"title":"Other MCC Blogs\/Otros blogs de CCM","author":"Honduras Connecting Peoples","date":"31 de marzo de 2014","format":false,"excerpt":"MCC Latin American Advocacy CCM Am\u00e9rica Latina MCC Washington Memo Connecting Peoples Guatemala MCC Palestine Update MCC Haiti Advocacy","rel":"","context":"Entrada similar","block_context":{"text":"Entrada similar","link":""},"img":{"alt_text":"","src":"","width":0,"height":0},"classes":[]},{"id":5873,"url":"https:\/\/www.mcclaca.org\/es\/programas\/","url_meta":{"origin":5857,"position":3},"title":"Programas","author":"Ted Oswald","date":"15 de abril de 2016","format":false,"excerpt":"CCM tiene programas de pa\u00eds en los siguientes pa\u00edses de la regi\u00f3n LACA: Bolivia Colombia Guatemala\u00a0(administra proyectos en El Salvador) Haiti Honduras Mexico Nicaragua\u00a0(administra proyectos en Costa Rica) \u00a0","rel":"","context":"Entrada similar","block_context":{"text":"Entrada similar","link":""},"img":{"alt_text":"","src":"https:\/\/i0.wp.com\/www.mcclaca.org\/wp-content\/uploads\/2016\/04\/Where-we-work.jpg?fit=741%2C360&ssl=1&resize=350%2C200","width":350,"height":200,"srcset":"https:\/\/i0.wp.com\/www.mcclaca.org\/wp-content\/uploads\/2016\/04\/Where-we-work.jpg?fit=741%2C360&ssl=1&resize=350%2C200 1x, https:\/\/i0.wp.com\/www.mcclaca.org\/wp-content\/uploads\/2016\/04\/Where-we-work.jpg?fit=741%2C360&ssl=1&resize=525%2C300 1.5x, https:\/\/i0.wp.com\/www.mcclaca.org\/wp-content\/uploads\/2016\/04\/Where-we-work.jpg?fit=741%2C360&ssl=1&resize=700%2C400 2x"},"classes":[]},{"id":607,"url":"https:\/\/www.mcclaca.org\/espanol\/","url_meta":{"origin":5857,"position":4},"title":"Espa\u00f1ol","author":"Anna Vogt","date":"22 de mayo de 2012","format":false,"excerpt":"La Incidencia en CCM de Am\u00e9rica Latina y el Caribe Este es el blog del Programa de Incidencia para la secci\u00f3n de Am\u00e9rica Latina y el Caribe del Comit\u00e9 Central Menonita (CCM).\u00a0Es un sitio para compartir ideas, historias y acci\u00f3nes con respecto a temas cr\u00edticas en la regi\u00f3n. CCM es\u2026","rel":"","context":"Entrada similar","block_context":{"text":"Entrada similar","link":""},"img":{"alt_text":"","src":"","width":0,"height":0},"classes":[]},{"id":1588,"url":"https:\/\/www.mcclaca.org\/espanol\/haciendo-bien\/","url_meta":{"origin":5857,"position":5},"title":"Haciendo Bien","author":"Anna Vogt","date":"29 de mayo de 2013","format":false,"excerpt":"Por Marisa Shenk, CCM Nicaragua Durante la semana pasada he le\u00eddo varios art\u00edculos sobre \u201cmisiones\u201d y \u201ctrabajo de desarrollo\u201d. Cada uno me ha hecho pensar en como defino lo que estoy haciendo en Nicaragua y tambi\u00e9n como otros podr\u00edan definir mi trabajo (Trabajadora de desarrollo, misionera, maestra de ingles, turista)\u2026","rel":"","context":"Entrada similar","block_context":{"text":"Entrada similar","link":""},"img":{"alt_text":"","src":"","width":0,"height":0},"classes":[]}],"_links":{"self":[{"href":"https:\/\/www.mcclaca.org\/es\/wp-json\/wp\/v2\/pages\/5857","targetHints":{"allow":["GET"]}}],"collection":[{"href":"https:\/\/www.mcclaca.org\/es\/wp-json\/wp\/v2\/pages"}],"about":[{"href":"https:\/\/www.mcclaca.org\/es\/wp-json\/wp\/v2\/types\/page"}],"author":[{"embeddable":true,"href":"https:\/\/www.mcclaca.org\/es\/wp-json\/wp\/v2\/users\/2"}],"replies":[{"embeddable":true,"href":"https:\/\/www.mcclaca.org\/es\/wp-json\/wp\/v2\/comments?post=5857"}],"version-history":[{"count":6,"href":"https:\/\/www.mcclaca.org\/es\/wp-json\/wp\/v2\/pages\/5857\/revisions"}],"predecessor-version":[{"id":6971,"href":"https:\/\/www.mcclaca.org\/es\/wp-json\/wp\/v2\/pages\/5857\/revisions\/6971"}],"wp:featuredmedia":[{"embeddable":true,"href":"https:\/\/www.mcclaca.org\/es\/wp-json\/wp\/v2\/media\/6972"}],"wp:attachment":[{"href":"https:\/\/www.mcclaca.org\/es\/wp-json\/wp\/v2\/media?parent=5857"}],"curies":[{"name":"wp","href":"https:\/\/api.w.org\/{rel}","templated":true}]}}