{"id":5858,"date":"2016-04-15T10:54:12","date_gmt":"2016-04-15T14:54:12","guid":{"rendered":"http:\/\/www.mcclaca.org\/es\/?page_id=5858"},"modified":"2019-03-19T19:38:43","modified_gmt":"2019-03-20T00:38:43","slug":"honduras","status":"publish","type":"page","link":"https:\/\/www.mcclaca.org\/es\/honduras\/","title":{"rendered":"Honduras"},"content":{"rendered":"<p><img data-recalc-dims=\"1\" fetchpriority=\"high\" decoding=\"async\" data-attachment-id=\"10131\" data-permalink=\"https:\/\/www.mcclaca.org\/es\/honduras\/mcc-honduras\/\" data-orig-file=\"https:\/\/i0.wp.com\/www.mcclaca.org\/wp-content\/uploads\/2016\/04\/Mcc-Honduras-1.jpg?fit=1500%2C176&amp;ssl=1\" data-orig-size=\"1500,176\" data-comments-opened=\"1\" data-image-meta=\"{&quot;aperture&quot;:&quot;0&quot;,&quot;credit&quot;:&quot;&quot;,&quot;camera&quot;:&quot;&quot;,&quot;caption&quot;:&quot;&quot;,&quot;created_timestamp&quot;:&quot;0&quot;,&quot;copyright&quot;:&quot;&quot;,&quot;focal_length&quot;:&quot;0&quot;,&quot;iso&quot;:&quot;0&quot;,&quot;shutter_speed&quot;:&quot;0&quot;,&quot;title&quot;:&quot;&quot;,&quot;orientation&quot;:&quot;1&quot;}\" data-image-title=\"Mcc-Honduras\" data-image-description=\"\" data-image-caption=\"\" data-large-file=\"https:\/\/i0.wp.com\/www.mcclaca.org\/wp-content\/uploads\/2016\/04\/Mcc-Honduras-1.jpg?fit=750%2C88&amp;ssl=1\" class=\"size-large wp-image-10131 alignleft\" src=\"https:\/\/i0.wp.com\/www.mcclaca.org\/wp-content\/uploads\/2016\/04\/Mcc-Honduras-1.jpg?resize=750%2C88&#038;ssl=1\" alt=\"\" width=\"750\" height=\"88\" srcset=\"https:\/\/i0.wp.com\/www.mcclaca.org\/wp-content\/uploads\/2016\/04\/Mcc-Honduras-1.jpg?resize=1024%2C120&amp;ssl=1 1024w, https:\/\/i0.wp.com\/www.mcclaca.org\/wp-content\/uploads\/2016\/04\/Mcc-Honduras-1.jpg?resize=300%2C35&amp;ssl=1 300w, https:\/\/i0.wp.com\/www.mcclaca.org\/wp-content\/uploads\/2016\/04\/Mcc-Honduras-1.jpg?resize=768%2C90&amp;ssl=1 768w, https:\/\/i0.wp.com\/www.mcclaca.org\/wp-content\/uploads\/2016\/04\/Mcc-Honduras-1.jpg?w=1500&amp;ssl=1 1500w\" sizes=\"(max-width: 750px) 100vw, 750px\" \/>La presencia del Comit\u00e9 Central Menonita (CCM) en Honduras se inici\u00f3 en 1980 a petici\u00f3n de la Iglesia Evang\u00e9lica Menonita Hondure\u00f1a (IEMH) que estaba trabajando con los refugiados salvadore\u00f1os en la parte occidental del pa\u00eds. CCM apoy\u00f3 la asistencia a los refugiados con recursos materiales y personal del CCM de otros pa\u00edses de Am\u00e9rica Central visitaron a Honduras para apoyar el trabajo de la Iglesia Evang\u00e9lica Menonita Hondure\u00f1a (IEMH). Trabajadores del CCM empezaron a servir en Honduras a finales de 1981 para ayudar en la construcci\u00f3n de viviendas en el nuevo campo de refugiados \u201cMesa Grande\u201d, cerca de San Marcos de Ocotepeque, en el occidente de Honduras.<\/p>\n<p>Cuando el programa de refugiados empez\u00f3 a terminarse paulatinamente el CCM inicio a finales de los a\u00f1os 80 y durante los a\u00f1os 90 el acompa\u00f1amiento a otros proyectos de desarrollo comunitario en diferentes partes de Honduras a trav\u00e9s de una variedad de socios.<br \/>\nEl hurac\u00e1n Mitch, a finales de octubre de 1998, trajo profundos cambios al programa del CCM Honduras. En respuesta a un incremento tremendo de fondos de las iglesias Menonitas del Norte, el personal y el programa del CCM aumentaron dr\u00e1sticamente. En los siguientes a\u00f1os, el CCM dirigi\u00f3 una gran parte de sus esfuerzos a la reconstrucci\u00f3n de viviendas y los esfuerzos de atenci\u00f3n a la emergencia.<\/p>\n<p>M\u00e1s recientemente, el CCM Honduras est\u00e1 apoyando a socios locales con un enfoque en la ni\u00f1ez y la educaci\u00f3n familiar, la migraci\u00f3n, la agricultura sostenible, la prevenci\u00f3n de violencia y la construcci\u00f3n de paz. Trabajadores del CCM est\u00e1n sirviendo con socios locales en diferentes partes del pa\u00eds, apoyando su trabajo e iniciativas y est\u00e1n participando en iglesias locales.<\/p>\n<p><img data-recalc-dims=\"1\" decoding=\"async\" data-attachment-id=\"10125\" data-permalink=\"https:\/\/www.mcclaca.org\/es\/honduras\/group_photo\/\" data-orig-file=\"https:\/\/i0.wp.com\/www.mcclaca.org\/wp-content\/uploads\/2016\/04\/Group_Photo.jpg?fit=3695%2C2415&amp;ssl=1\" data-orig-size=\"3695,2415\" data-comments-opened=\"1\" data-image-meta=\"{&quot;aperture&quot;:&quot;5&quot;,&quot;credit&quot;:&quot;&quot;,&quot;camera&quot;:&quot;Canon EOS DIGITAL REBEL XS&quot;,&quot;caption&quot;:&quot;&quot;,&quot;created_timestamp&quot;:&quot;1538137905&quot;,&quot;copyright&quot;:&quot;&quot;,&quot;focal_length&quot;:&quot;18&quot;,&quot;iso&quot;:&quot;200&quot;,&quot;shutter_speed&quot;:&quot;0.02&quot;,&quot;title&quot;:&quot;&quot;,&quot;orientation&quot;:&quot;1&quot;}\" data-image-title=\"Group_Photo\" data-image-description=\"\" data-image-caption=\"\" data-large-file=\"https:\/\/i0.wp.com\/www.mcclaca.org\/wp-content\/uploads\/2016\/04\/Group_Photo.jpg?fit=750%2C490&amp;ssl=1\" class=\"aligncenter wp-image-10125 size-full\" src=\"https:\/\/i0.wp.com\/www.mcclaca.org\/wp-content\/uploads\/2016\/04\/Group_Photo.jpg?resize=750%2C490&#038;ssl=1\" alt=\"\" width=\"750\" height=\"490\" srcset=\"https:\/\/i0.wp.com\/www.mcclaca.org\/wp-content\/uploads\/2016\/04\/Group_Photo.jpg?w=3695&amp;ssl=1 3695w, https:\/\/i0.wp.com\/www.mcclaca.org\/wp-content\/uploads\/2016\/04\/Group_Photo.jpg?resize=300%2C196&amp;ssl=1 300w, https:\/\/i0.wp.com\/www.mcclaca.org\/wp-content\/uploads\/2016\/04\/Group_Photo.jpg?resize=768%2C502&amp;ssl=1 768w, https:\/\/i0.wp.com\/www.mcclaca.org\/wp-content\/uploads\/2016\/04\/Group_Photo.jpg?resize=1024%2C669&amp;ssl=1 1024w, https:\/\/i0.wp.com\/www.mcclaca.org\/wp-content\/uploads\/2016\/04\/Group_Photo.jpg?w=1500&amp;ssl=1 1500w, https:\/\/i0.wp.com\/www.mcclaca.org\/wp-content\/uploads\/2016\/04\/Group_Photo.jpg?w=2250&amp;ssl=1 2250w\" sizes=\"(max-width: 750px) 100vw, 750px\" \/><\/p>\n<p>&nbsp;<\/p>\n","protected":false},"excerpt":{"rendered":"<p>La presencia del Comit\u00e9 Central Menonita (CCM) en Honduras se inici\u00f3 en 1980 a petici\u00f3n de la Iglesia Evang\u00e9lica Menonita Hondure\u00f1a (IEMH) que estaba trabajando con los refugiados salvadore\u00f1os en la parte occidental del pa\u00eds. CCM apoy\u00f3 la asistencia a los refugiados con recursos materiales y personal del CCM de otros pa\u00edses de Am\u00e9rica Central [&hellip;]<\/p>\n","protected":false},"author":2,"featured_media":10136,"parent":0,"menu_order":0,"comment_status":"closed","ping_status":"closed","template":"","meta":{"nf_dc_page":"","jetpack_post_was_ever_published":false,"footnotes":""},"class_list":["post-5858","page","type-page","status-publish","has-post-thumbnail","hentry"],"jetpack_sharing_enabled":true,"jetpack_shortlink":"https:\/\/wp.me\/P7pJjQ-1wu","jetpack-related-posts":[{"id":6099,"url":"https:\/\/www.mcclaca.org\/partner-links\/","url_meta":{"origin":5858,"position":0},"title":"Partner Links","author":"Honduras Connecting Peoples","date":"30 de enero de 2012","format":false,"excerpt":"A look at MCC Honduras' partners and their websites! Proyecto MAMA, Facebook page, Global Families page Proyecto Paz y Justicia El Proyecto Paz y Justicia es un proyecto de la Iglesia Evang\u00e9lica Menonita basado en La Ceiba, Atl\u00e1ntida, que tiene varios programas sociales en \u00e1reas de construcci\u00f3n de paz, dentro\u2026","rel":"","context":"Entrada similar","block_context":{"text":"Entrada similar","link":""},"img":{"alt_text":"","src":"","width":0,"height":0},"classes":[]},{"id":5856,"url":"https:\/\/www.mcclaca.org\/es\/guatemala-el-salvador\/","url_meta":{"origin":5858,"position":1},"title":"Guatemala &#038; El Salvador","author":"Ted Oswald","date":"15 de abril de 2016","format":false,"excerpt":"CCM inici\u00f3 su trabajo en Guatemala en 1976 despu\u00e9s de un devastador terremoto en el pa\u00eds, que mat\u00f3 a m\u00e1s de 25.000 personas y desplazo a 1,25 millones. CCM inici\u00f3 su trabajo en El Salvador en 1981 en respuesta a la crisis de refugiados, generada por la guerra civil que\u2026","rel":"","context":"Entrada similar","block_context":{"text":"Entrada similar","link":""},"img":{"alt_text":"","src":"","width":0,"height":0},"classes":[]},{"id":802,"url":"https:\/\/www.mcclaca.org\/about-2\/connecting-peoples-honduras\/","url_meta":{"origin":5858,"position":2},"title":"Connecting Peoples Honduras","author":"Honduras Connecting Peoples","date":"31 de marzo de 2014","format":false,"excerpt":"The Connecting Peoples program is seen by the Mennonite Central Committee (MCC) as a peace-building initiative that seeks to break down barriers between people and to expand the understanding and \u201cworldview\u201d of participants in order to make long-lasting change, in both the sending and the receiving communities. The objectives underlying\u2026","rel":"","context":"Entrada similar","block_context":{"text":"Entrada similar","link":""},"img":{"alt_text":"","src":"","width":0,"height":0},"classes":[]},{"id":607,"url":"https:\/\/www.mcclaca.org\/espanol\/","url_meta":{"origin":5858,"position":3},"title":"Espa\u00f1ol","author":"Anna Vogt","date":"22 de mayo de 2012","format":false,"excerpt":"La Incidencia en CCM de Am\u00e9rica Latina y el Caribe Este es el blog del Programa de Incidencia para la secci\u00f3n de Am\u00e9rica Latina y el Caribe del Comit\u00e9 Central Menonita (CCM).\u00a0Es un sitio para compartir ideas, historias y acci\u00f3nes con respecto a temas cr\u00edticas en la regi\u00f3n. CCM es\u2026","rel":"","context":"Entrada similar","block_context":{"text":"Entrada similar","link":""},"img":{"alt_text":"","src":"","width":0,"height":0},"classes":[]},{"id":1105,"url":"https:\/\/www.mcclaca.org\/espanol\/tres-formas-de-paz-en-bolivia\/","url_meta":{"origin":5858,"position":4},"title":"Tres formas de paz en Bolivia","author":"Anna Vogt","date":"20 de noviembre de 2012","format":false,"excerpt":"Por Adrienne Wiebe, CCM Am\u00e9rica Latina Las Menonitas han interpretado la llamada b\u00edblica a la paz de varias maneras en su historia. En un viaje reciente, vi en Santa Cruz, Bolivia tres formas en las que las Menonitas estuvieron viviendo esta llamada a la paz. Una forma de la vida\u2026","rel":"","context":"Entrada similar","block_context":{"text":"Entrada similar","link":""},"img":{"alt_text":"","src":"https:\/\/lacaadvocacy.files.wordpress.com\/2012\/11\/img_4866.jpg?w=350&h=200&crop=1","width":350,"height":200},"classes":[]},{"id":6098,"url":"https:\/\/www.mcclaca.org\/resources\/","url_meta":{"origin":5858,"position":5},"title":"Resources\/Recursos","author":"Honduras Connecting Peoples","date":"30 de enero de 2012","format":false,"excerpt":"Resources for learning more about MCC and Honduras:\u00a0MCC Advocacy Websites\/ Sitios de web del CCM sobre la Incidencia Keep track of advocacy work coordinated throughout MCC.MCC Canada Ottawa Office MCC Latin American Advocacy, CCM Am\u00e9rica LatinaMCC U.S. Washington Office, their blog: Washington Memo MCC United Nations Liaison OfficeConnecting Peoples program\u2026","rel":"","context":"Entrada similar","block_context":{"text":"Entrada similar","link":""},"img":{"alt_text":"","src":"","width":0,"height":0},"classes":[]}],"_links":{"self":[{"href":"https:\/\/www.mcclaca.org\/es\/wp-json\/wp\/v2\/pages\/5858","targetHints":{"allow":["GET"]}}],"collection":[{"href":"https:\/\/www.mcclaca.org\/es\/wp-json\/wp\/v2\/pages"}],"about":[{"href":"https:\/\/www.mcclaca.org\/es\/wp-json\/wp\/v2\/types\/page"}],"author":[{"embeddable":true,"href":"https:\/\/www.mcclaca.org\/es\/wp-json\/wp\/v2\/users\/2"}],"replies":[{"embeddable":true,"href":"https:\/\/www.mcclaca.org\/es\/wp-json\/wp\/v2\/comments?post=5858"}],"version-history":[{"count":6,"href":"https:\/\/www.mcclaca.org\/es\/wp-json\/wp\/v2\/pages\/5858\/revisions"}],"predecessor-version":[{"id":10127,"href":"https:\/\/www.mcclaca.org\/es\/wp-json\/wp\/v2\/pages\/5858\/revisions\/10127"}],"wp:featuredmedia":[{"embeddable":true,"href":"https:\/\/www.mcclaca.org\/es\/wp-json\/wp\/v2\/media\/10136"}],"wp:attachment":[{"href":"https:\/\/www.mcclaca.org\/es\/wp-json\/wp\/v2\/media?parent=5858"}],"curies":[{"name":"wp","href":"https:\/\/api.w.org\/{rel}","templated":true}]}}