{"id":5859,"date":"2016-04-15T10:54:19","date_gmt":"2016-04-15T14:54:19","guid":{"rendered":"http:\/\/www.mcclaca.org\/es\/?page_id=5859"},"modified":"2023-10-19T13:15:55","modified_gmt":"2023-10-19T18:15:55","slug":"mexico","status":"publish","type":"page","link":"https:\/\/www.mcclaca.org\/es\/mexico\/","title":{"rendered":"Mexico"},"content":{"rendered":"<p>CCM M\u00e9xico comenz\u00f3 su trabajo en 1985 despu\u00e9s del devastador terremoto del mismo a\u00f1o. Inicialmente el enfoque fue de ayuda humanitaria pero r\u00e1pidamente pas\u00f3 a ser de desarrollo ya que las comunidades afectadas necesitaban superar la crisis. Con el paso del tiempo el perfil de trabajo avanz\u00f3 al desarrollo, la educaci\u00f3n y la paz. En los \u00faltimos a\u00f1os MCC ha adoptado lineas estrat\u00e9gicas de acci\u00f3n: Migraci\u00f3n, Educaci\u00f3n, Desarrollo Comunitario, ecumenismo y No violencia y Transformaci\u00f3n Positiva de Conflictos (paz), con especial \u00e9nfasis en mujeres y ni\u00f1os. Adem\u00e1s se mantiene el trabajo de apoyo con las comunidades menonitas de Bajo Alem\u00e1n y los programas de intercambio (SALT, IVEP y YAMEN). En todo este CCM M\u00e9xico ha sostenido una estrecha relaci\u00f3n de apoyo y trabajo con la Iglesia Menonita en general.<\/p>\n<div class=\"cb-cat-header\">\n<h2><strong><a href=\"https:\/\/www.mcclaca.org\/es\/mexico\/proteccion-contra-el-abuso-acoso-y-la-explotacion-sexual-en-mexico\/\">Protecci\u00f3n contra el abuso, acoso y la explotaci\u00f3n sexual en M\u00e9xico<\/a><\/strong><\/h2>\n<\/div>\n","protected":false},"excerpt":{"rendered":"<p>CCM M\u00e9xico comenz\u00f3 su trabajo en 1985 despu\u00e9s del devastador terremoto del mismo a\u00f1o. Inicialmente el enfoque fue de ayuda humanitaria pero r\u00e1pidamente pas\u00f3 a ser de desarrollo ya que las comunidades afectadas necesitaban superar la crisis. Con el paso del tiempo el perfil de trabajo avanz\u00f3 al desarrollo, la educaci\u00f3n y la paz. En [&hellip;]<\/p>\n","protected":false},"author":2,"featured_media":5568,"parent":0,"menu_order":0,"comment_status":"closed","ping_status":"closed","template":"","meta":{"nf_dc_page":"","jetpack_post_was_ever_published":false,"footnotes":""},"class_list":["post-5859","page","type-page","status-publish","has-post-thumbnail","hentry"],"jetpack_sharing_enabled":true,"jetpack_shortlink":"https:\/\/wp.me\/P7pJjQ-1wv","jetpack-related-posts":[{"id":5856,"url":"https:\/\/www.mcclaca.org\/es\/guatemala-el-salvador\/","url_meta":{"origin":5859,"position":0},"title":"Guatemala &#038; El Salvador","author":"Ted Oswald","date":"15 de abril de 2016","format":false,"excerpt":"CCM inici\u00f3 su trabajo en Guatemala en 1976 despu\u00e9s de un devastador terremoto en el pa\u00eds, que mat\u00f3 a m\u00e1s de 25.000 personas y desplazo a 1,25 millones. CCM inici\u00f3 su trabajo en El Salvador en 1981 en respuesta a la crisis de refugiados, generada por la guerra civil que\u2026","rel":"","context":"Entrada similar","block_context":{"text":"Entrada similar","link":""},"img":{"alt_text":"","src":"","width":0,"height":0},"classes":[]},{"id":1105,"url":"https:\/\/www.mcclaca.org\/espanol\/tres-formas-de-paz-en-bolivia\/","url_meta":{"origin":5859,"position":1},"title":"Tres formas de paz en Bolivia","author":"Anna Vogt","date":"20 de noviembre de 2012","format":false,"excerpt":"Por Adrienne Wiebe, CCM Am\u00e9rica Latina Las Menonitas han interpretado la llamada b\u00edblica a la paz de varias maneras en su historia. En un viaje reciente, vi en Santa Cruz, Bolivia tres formas en las que las Menonitas estuvieron viviendo esta llamada a la paz. Una forma de la vida\u2026","rel":"","context":"Entrada similar","block_context":{"text":"Entrada similar","link":""},"img":{"alt_text":"","src":"https:\/\/lacaadvocacy.files.wordpress.com\/2012\/11\/img_4866.jpg?w=350&h=200&crop=1","width":350,"height":200},"classes":[]},{"id":5858,"url":"https:\/\/www.mcclaca.org\/es\/honduras\/","url_meta":{"origin":5859,"position":2},"title":"Honduras","author":"Ted Oswald","date":"15 de abril de 2016","format":false,"excerpt":"La presencia del Comit\u00e9 Central Menonita (CCM) en Honduras se inici\u00f3 en 1980 a petici\u00f3n de la Iglesia Evang\u00e9lica Menonita Hondure\u00f1a (IEMH) que estaba trabajando con los refugiados salvadore\u00f1os en la parte occidental del pa\u00eds. CCM apoy\u00f3 la asistencia a los refugiados con recursos materiales y personal del CCM de\u2026","rel":"","context":"Entrada similar","block_context":{"text":"Entrada similar","link":""},"img":{"alt_text":"","src":"https:\/\/i0.wp.com\/www.mcclaca.org\/wp-content\/uploads\/2016\/04\/Mcc-Honduras-1-1024x120.jpg?resize=350%2C200","width":350,"height":200,"srcset":"https:\/\/i0.wp.com\/www.mcclaca.org\/wp-content\/uploads\/2016\/04\/Mcc-Honduras-1-1024x120.jpg?resize=350%2C200 1x, https:\/\/i0.wp.com\/www.mcclaca.org\/wp-content\/uploads\/2016\/04\/Mcc-Honduras-1-1024x120.jpg?resize=525%2C300 1.5x, https:\/\/i0.wp.com\/www.mcclaca.org\/wp-content\/uploads\/2016\/04\/Mcc-Honduras-1-1024x120.jpg?resize=700%2C400 2x"},"classes":[]},{"id":5860,"url":"https:\/\/www.mcclaca.org\/es\/nicaragua-costa-rica\/","url_meta":{"origin":5859,"position":3},"title":"Nicaragua &#038; Costa Rica","author":"Ted Oswald","date":"15 de abril de 2016","format":false,"excerpt":"El CCM comenz\u00f3 a trabajar en Nicaragua despu\u00e9s del devastador terremoto de 1972 en Managua y trabaj\u00f3 con asociados en respuestas de alivio y ayuda. \u00a0Con la presencia de iglesias Menonitas y Hermanos en Cristo, el CCM continu\u00f3 con mayor atenci\u00f3n en el desarollo social y construcci\u00f3n de paz en\u2026","rel":"","context":"Entrada similar","block_context":{"text":"Entrada similar","link":""},"img":{"alt_text":"","src":"https:\/\/i0.wp.com\/www.mcclaca.org\/wp-content\/uploads\/2016\/04\/14067968_668399556259_5782305845975861998_o-e1480969515267.jpg?resize=350%2C200","width":350,"height":200,"srcset":"https:\/\/i0.wp.com\/www.mcclaca.org\/wp-content\/uploads\/2016\/04\/14067968_668399556259_5782305845975861998_o-e1480969515267.jpg?resize=350%2C200 1x, https:\/\/i0.wp.com\/www.mcclaca.org\/wp-content\/uploads\/2016\/04\/14067968_668399556259_5782305845975861998_o-e1480969515267.jpg?resize=525%2C300 1.5x, https:\/\/i0.wp.com\/www.mcclaca.org\/wp-content\/uploads\/2016\/04\/14067968_668399556259_5782305845975861998_o-e1480969515267.jpg?resize=700%2C400 2x, https:\/\/i0.wp.com\/www.mcclaca.org\/wp-content\/uploads\/2016\/04\/14067968_668399556259_5782305845975861998_o-e1480969515267.jpg?resize=1050%2C600 3x, https:\/\/i0.wp.com\/www.mcclaca.org\/wp-content\/uploads\/2016\/04\/14067968_668399556259_5782305845975861998_o-e1480969515267.jpg?resize=1400%2C800 4x"},"classes":[]},{"id":607,"url":"https:\/\/www.mcclaca.org\/espanol\/","url_meta":{"origin":5859,"position":4},"title":"Espa\u00f1ol","author":"Anna Vogt","date":"22 de mayo de 2012","format":false,"excerpt":"La Incidencia en CCM de Am\u00e9rica Latina y el Caribe Este es el blog del Programa de Incidencia para la secci\u00f3n de Am\u00e9rica Latina y el Caribe del Comit\u00e9 Central Menonita (CCM).\u00a0Es un sitio para compartir ideas, historias y acci\u00f3nes con respecto a temas cr\u00edticas en la regi\u00f3n. CCM es\u2026","rel":"","context":"Entrada similar","block_context":{"text":"Entrada similar","link":""},"img":{"alt_text":"","src":"","width":0,"height":0},"classes":[]},{"id":5696,"url":"https:\/\/www.mcclaca.org\/es\/mennonite-central-committee-mcc\/","url_meta":{"origin":5859,"position":5},"title":"Comit\u00e9 Central Menonita (CCM)","author":"Ted Oswald","date":"15 de abril de 2016","format":false,"excerpt":"El Comit\u00e9 Central Menonita (CCM), un ministerio mundial de las iglesias anabautistas, comparte el amor de Dios y su compasi\u00f3n por todos en el nombre de Cristo respondiendo a las necesidades b\u00e1sicas humanas y trabajando por la paz y la justicia. En todos nuestros programas estamos comprometidos a estar en\u2026","rel":"","context":"Entrada similar","block_context":{"text":"Entrada similar","link":""},"img":{"alt_text":"","src":"https:\/\/i0.wp.com\/www.mcclaca.org\/wp-content\/uploads\/2016\/04\/MCC-logotype-2-color-large-English-e1465852237163.png?fit=700%2C224&ssl=1&resize=350%2C200","width":350,"height":200,"srcset":"https:\/\/i0.wp.com\/www.mcclaca.org\/wp-content\/uploads\/2016\/04\/MCC-logotype-2-color-large-English-e1465852237163.png?fit=700%2C224&ssl=1&resize=350%2C200 1x, https:\/\/i0.wp.com\/www.mcclaca.org\/wp-content\/uploads\/2016\/04\/MCC-logotype-2-color-large-English-e1465852237163.png?fit=700%2C224&ssl=1&resize=525%2C300 1.5x, https:\/\/i0.wp.com\/www.mcclaca.org\/wp-content\/uploads\/2016\/04\/MCC-logotype-2-color-large-English-e1465852237163.png?fit=700%2C224&ssl=1&resize=700%2C400 2x"},"classes":[]}],"_links":{"self":[{"href":"https:\/\/www.mcclaca.org\/es\/wp-json\/wp\/v2\/pages\/5859","targetHints":{"allow":["GET"]}}],"collection":[{"href":"https:\/\/www.mcclaca.org\/es\/wp-json\/wp\/v2\/pages"}],"about":[{"href":"https:\/\/www.mcclaca.org\/es\/wp-json\/wp\/v2\/types\/page"}],"author":[{"embeddable":true,"href":"https:\/\/www.mcclaca.org\/es\/wp-json\/wp\/v2\/users\/2"}],"replies":[{"embeddable":true,"href":"https:\/\/www.mcclaca.org\/es\/wp-json\/wp\/v2\/comments?post=5859"}],"version-history":[{"count":5,"href":"https:\/\/www.mcclaca.org\/es\/wp-json\/wp\/v2\/pages\/5859\/revisions"}],"predecessor-version":[{"id":12255,"href":"https:\/\/www.mcclaca.org\/es\/wp-json\/wp\/v2\/pages\/5859\/revisions\/12255"}],"wp:featuredmedia":[{"embeddable":true,"href":"https:\/\/www.mcclaca.org\/es\/wp-json\/wp\/v2\/media\/5568"}],"wp:attachment":[{"href":"https:\/\/www.mcclaca.org\/es\/wp-json\/wp\/v2\/media?parent=5859"}],"curies":[{"name":"wp","href":"https:\/\/api.w.org\/{rel}","templated":true}]}}