{"id":5867,"date":"2016-04-15T10:58:12","date_gmt":"2016-04-15T14:58:12","guid":{"rendered":"http:\/\/www.mcclaca.org\/es\/?page_id=5867"},"modified":"2016-05-20T10:59:33","modified_gmt":"2016-05-20T14:59:33","slug":"servir","status":"publish","type":"page","link":"https:\/\/www.mcclaca.org\/es\/servir\/","title":{"rendered":"Servir"},"content":{"rendered":"<h2>Current Openings<\/h2>\n<p>Mennonite Central Committee has open positions in the LACA region and around the world. Browse or search current openings by locations on MCC&#8217;s main website:<\/p>\n<p><span class=\"cb-button cb-red cb-normal cb-left\"><a href=\"http:\/\/mcc.org\/get-involved\/serve\/openings\" target=\"_blank\" rel=\"follow\">MCC U.S.<\/a><\/span><span class=\"cb-button cb-blue cb-normal cb-left\"><a href=\"http:\/\/mcccanada.ca\/get-involved\/serve\/openings\" target=\"_blank\" rel=\"follow\">MCC Canada<\/a><\/span><\/p>\n<p>&nbsp;<\/p>\n<h2>Young Adult Service Programs<\/h2>\n<p><strong><a href=\"http:\/\/mcc.org\/get-involved\/serve\/volunteer\/ivep\"><img data-recalc-dims=\"1\" decoding=\"async\" class=\"alignleft wp-image-4718\" src=\"https:\/\/i0.wp.com\/www.mcclaca.org\/wp-content\/uploads\/2016\/04\/IVEP.png?resize=200%2C67&#038;ssl=1\" alt=\"IVEP\" width=\"200\" height=\"67\" srcset=\"https:\/\/i0.wp.com\/www.mcclaca.org\/wp-content\/uploads\/2016\/04\/IVEP.png?resize=300%2C101&amp;ssl=1 300w, https:\/\/i0.wp.com\/www.mcclaca.org\/wp-content\/uploads\/2016\/04\/IVEP.png?w=454&amp;ssl=1 454w\" sizes=\"(max-width: 200px) 100vw, 200px\" \/><\/a><a href=\"http:\/\/mcc.org\/get-involved\/serve\/volunteer\/ivep\">The International Volunteer Exchange Program (IVEP)<\/a><\/strong><\/p>\n<p>IVEP is a yearlong work and cultural exchange opportunity for young, Christian adults. Every year 60 IVEP participants come from more than 25 countries around the world to volunteer in the U.S.<\/p>\n<p><strong><a href=\"http:\/\/mcc.org\/get-involved\/serve\/volunteer\/seed\"> Seed<\/a><a href=\"http:\/\/mcc.org\/get-involved\/serve\/volunteer\/seed\"><img data-recalc-dims=\"1\" decoding=\"async\" class=\"alignleft wp-image-4721\" src=\"https:\/\/i0.wp.com\/www.mcclaca.org\/wp-content\/uploads\/2016\/04\/seed.jpg?resize=200%2C61&#038;ssl=1\" alt=\"seed\" width=\"200\" height=\"61\" \/><\/a><\/strong><\/p>\n<p>Seed is a two-year program that brings together young adults ages 20-30\u00a0from around the world to reflect, serve and work for peace.<\/p>\n<p><strong><a href=\"http:\/\/mcc.org\/get-involved\/serve\/volunteer\/salt\"><img data-recalc-dims=\"1\" decoding=\"async\" class=\"alignleft wp-image-4729\" src=\"https:\/\/i0.wp.com\/www.mcclaca.org\/wp-content\/uploads\/2016\/04\/salt_logo-1.png?resize=200%2C77&#038;ssl=1\" alt=\"salt_logo\" width=\"200\" height=\"77\" srcset=\"https:\/\/i0.wp.com\/www.mcclaca.org\/wp-content\/uploads\/2016\/04\/salt_logo-1.png?w=414&amp;ssl=1 414w, https:\/\/i0.wp.com\/www.mcclaca.org\/wp-content\/uploads\/2016\/04\/salt_logo-1.png?resize=300%2C115&amp;ssl=1 300w\" sizes=\"(max-width: 200px) 100vw, 200px\" \/><\/a><a href=\"http:\/\/mcc.org\/get-involved\/serve\/volunteer\/salt\">Serving and Learning Together (SALT)<\/a><\/strong><\/p>\n<p>SALT is a year-long, cross-cultural service experience.<\/p>\n<p>&nbsp;<\/p>\n<p><strong><a href=\"http:\/\/mcc.org\/get-involved\/serve\/volunteer\/seed\"><img data-recalc-dims=\"1\" loading=\"lazy\" decoding=\"async\" class=\"alignleft wp-image-4722\" src=\"https:\/\/i0.wp.com\/www.mcclaca.org\/wp-content\/uploads\/2016\/04\/Yamen.jpg?resize=283%2C75&#038;ssl=1\" alt=\"Yamen\" width=\"283\" height=\"75\" \/><\/a><a href=\"http:\/\/mcc.org\/get-involved\/serve\/volunteer\/yamen\">Young Anabaptist Mennonite Exchange Network (YAMEN)<\/a><\/strong><\/p>\n<p>YAMEN is a year-long service opportunity for young,Christian adults from outside the U.S. and Canada.<\/p>\n<p>&nbsp;<\/p>\n<p>&nbsp;<\/p>\n","protected":false},"excerpt":{"rendered":"<p>Current Openings Mennonite Central Committee has open positions in the LACA region and around the world. Browse or search current openings by locations on MCC&#8217;s main website: &nbsp; Young Adult Service Programs The International Volunteer Exchange Program (IVEP) IVEP is a yearlong work and cultural exchange opportunity for young, Christian adults. Every year 60 IVEP [&hellip;]<\/p>\n","protected":false},"author":2,"featured_media":6719,"parent":0,"menu_order":0,"comment_status":"closed","ping_status":"closed","template":"page-full-width.php","meta":{"nf_dc_page":"","jetpack_post_was_ever_published":false,"footnotes":""},"class_list":["post-5867","page","type-page","status-publish","has-post-thumbnail","hentry"],"jetpack_sharing_enabled":true,"jetpack_shortlink":"https:\/\/wp.me\/P7pJjQ-1wD","jetpack-related-posts":[{"id":4323,"url":"https:\/\/www.mcclaca.org\/serve\/","url_meta":{"origin":5867,"position":0},"title":"Serve","author":"Ted Oswald","date":"6 de abril de 2016","format":false,"excerpt":"Current Openings Mennonite Central Committee has open positions in the LACA region and around the world. Browse or search current openings by locations on MCC's main website: \u00a0 Young Adult Service Programs The International Volunteer Exchange Program (IVEP) IVEP is a yearlong work and cultural exchange opportunity for young, Christian\u2026","rel":"","context":"Entrada similar","block_context":{"text":"Entrada similar","link":""},"img":{"alt_text":"","src":"https:\/\/i0.wp.com\/www.mcclaca.org\/wp-content\/uploads\/2016\/04\/RS41460_GSL2014_group2_crop-lpr.jpg?fit=1200%2C753&ssl=1&resize=350%2C200","width":350,"height":200,"srcset":"https:\/\/i0.wp.com\/www.mcclaca.org\/wp-content\/uploads\/2016\/04\/RS41460_GSL2014_group2_crop-lpr.jpg?fit=1200%2C753&ssl=1&resize=350%2C200 1x, https:\/\/i0.wp.com\/www.mcclaca.org\/wp-content\/uploads\/2016\/04\/RS41460_GSL2014_group2_crop-lpr.jpg?fit=1200%2C753&ssl=1&resize=525%2C300 1.5x, https:\/\/i0.wp.com\/www.mcclaca.org\/wp-content\/uploads\/2016\/04\/RS41460_GSL2014_group2_crop-lpr.jpg?fit=1200%2C753&ssl=1&resize=700%2C400 2x, https:\/\/i0.wp.com\/www.mcclaca.org\/wp-content\/uploads\/2016\/04\/RS41460_GSL2014_group2_crop-lpr.jpg?fit=1200%2C753&ssl=1&resize=1050%2C600 3x"},"classes":[]},{"id":75,"url":"https:\/\/www.mcclaca.org\/about-2\/young-adult-anabaptist-exchanges\/","url_meta":{"origin":5867,"position":1},"title":"Young Adult Anabaptist Exchanges","author":"Honduras Connecting Peoples","date":"31 de enero de 2012","format":false,"excerpt":"Below are some of the ways young adults can be involved in MCC for one-year cross-cultural service experiences. (These are the programs with which the Connecting Peoples program in Honduras works, but there are other service opportunities with various time frames found on the MCC website. ) For young adults\u2026","rel":"","context":"Entrada similar","block_context":{"text":"Entrada similar","link":""},"img":{"alt_text":"","src":"https:\/\/connectingpeopleshonduras.files.wordpress.com\/2012\/01\/salt-logo.jpg?w=350&h=200&crop=1","width":350,"height":200},"classes":[]},{"id":4297,"url":"https:\/\/www.mcclaca.org\/mexico\/","url_meta":{"origin":5867,"position":2},"title":"Mexico","author":"Ted Oswald","date":"6 de abril de 2016","format":false,"excerpt":"MCC began their work in Mexico after the devastating 1985 earthquake. Initially, MCC provided humanitarian aid, but the program quickly shifted to development to help affected communities move forward. Over the time, MCC Mexico developed a profile into a program with a focus on development, education and peace. In recent\u2026","rel":"","context":"Entrada similar","block_context":{"text":"Entrada similar","link":""},"img":{"alt_text":"MCC Mexico","src":"https:\/\/i0.wp.com\/www.mcclaca.org\/wp-content\/uploads\/2016\/04\/MCC-Mexico-1024x140.jpg?resize=350%2C200","width":350,"height":200,"srcset":"https:\/\/i0.wp.com\/www.mcclaca.org\/wp-content\/uploads\/2016\/04\/MCC-Mexico-1024x140.jpg?resize=350%2C200 1x, https:\/\/i0.wp.com\/www.mcclaca.org\/wp-content\/uploads\/2016\/04\/MCC-Mexico-1024x140.jpg?resize=525%2C300 1.5x, https:\/\/i0.wp.com\/www.mcclaca.org\/wp-content\/uploads\/2016\/04\/MCC-Mexico-1024x140.jpg?resize=700%2C400 2x"},"classes":[]},{"id":5859,"url":"https:\/\/www.mcclaca.org\/es\/mexico\/","url_meta":{"origin":5867,"position":3},"title":"Mexico","author":"Ted Oswald","date":"15 de abril de 2016","format":false,"excerpt":"CCM M\u00e9xico comenz\u00f3 su trabajo en 1985 despu\u00e9s del devastador terremoto del mismo a\u00f1o. Inicialmente el enfoque fue de ayuda humanitaria pero r\u00e1pidamente pas\u00f3 a ser de desarrollo ya que las comunidades afectadas necesitaban superar la crisis. Con el paso del tiempo el perfil de trabajo avanz\u00f3 al desarrollo, la\u2026","rel":"","context":"Entrada similar","block_context":{"text":"Entrada similar","link":""},"img":{"alt_text":"","src":"","width":0,"height":0},"classes":[]},{"id":999,"url":"https:\/\/www.mcclaca.org\/resources\/programas-de-servicio-ivepyamen\/","url_meta":{"origin":5867,"position":4},"title":"Programas de servicio: IVEP\/YAMEN","author":"Honduras Connecting Peoples","date":"2 de septiembre de 2014","format":false,"excerpt":"El CCM Honduras est\u00e1 recibiendo solicitudes para IVEP\/YAMEN agosto 2015-julio 2016! Aqu\u00ed encuentren respuestas a preguntas frecuentes: 1. Qu\u00e9 es IVEP y YAMEN, y cual es la diferencia? 2. Si me escogen como participante, c\u00f3mo se decide d\u00f3nde voy a servir? 3. Qu\u00e9 tipo de puestos hay? 4. C\u00f3mo puedo\u2026","rel":"","context":"Entrada similar","block_context":{"text":"Entrada similar","link":""},"img":{"alt_text":"MCC, IVEP, YAMEN info sheet sideways pdf","src":"https:\/\/connectingpeopleshonduras.files.wordpress.com\/2014\/09\/mcc-ivep-yamen-info-sheet-sideways-pdf.jpg?w=350&h=200&crop=1","width":350,"height":200},"classes":[]},{"id":4321,"url":"https:\/\/www.mcclaca.org\/colombia\/","url_meta":{"origin":5867,"position":5},"title":"Colombia","author":"Ted Oswald","date":"6 de abril de 2016","format":false,"excerpt":"MCC has supported work in Colombia via Anabaptist local partners since 1976.\u00a0In 2002, MCC opened an office in Bogota to provide closer accompaniment during the era of massive displacement caused by the armed violence.\u00a0MCC supports the work of Anabaptist churches and institutions engaged in peacebuilding activities.\u00a0 These activities include such\u2026","rel":"","context":"Entrada similar","block_context":{"text":"Entrada similar","link":""},"img":{"alt_text":"MCC Colombia logo","src":"https:\/\/i0.wp.com\/www.mcclaca.org\/wp-content\/uploads\/2016\/04\/MCC-Colombia-logo-1024x121.jpg?resize=350%2C200","width":350,"height":200,"srcset":"https:\/\/i0.wp.com\/www.mcclaca.org\/wp-content\/uploads\/2016\/04\/MCC-Colombia-logo-1024x121.jpg?resize=350%2C200 1x, https:\/\/i0.wp.com\/www.mcclaca.org\/wp-content\/uploads\/2016\/04\/MCC-Colombia-logo-1024x121.jpg?resize=525%2C300 1.5x, https:\/\/i0.wp.com\/www.mcclaca.org\/wp-content\/uploads\/2016\/04\/MCC-Colombia-logo-1024x121.jpg?resize=700%2C400 2x"},"classes":[]}],"_links":{"self":[{"href":"https:\/\/www.mcclaca.org\/es\/wp-json\/wp\/v2\/pages\/5867","targetHints":{"allow":["GET"]}}],"collection":[{"href":"https:\/\/www.mcclaca.org\/es\/wp-json\/wp\/v2\/pages"}],"about":[{"href":"https:\/\/www.mcclaca.org\/es\/wp-json\/wp\/v2\/types\/page"}],"author":[{"embeddable":true,"href":"https:\/\/www.mcclaca.org\/es\/wp-json\/wp\/v2\/users\/2"}],"replies":[{"embeddable":true,"href":"https:\/\/www.mcclaca.org\/es\/wp-json\/wp\/v2\/comments?post=5867"}],"version-history":[{"count":3,"href":"https:\/\/www.mcclaca.org\/es\/wp-json\/wp\/v2\/pages\/5867\/revisions"}],"predecessor-version":[{"id":6007,"href":"https:\/\/www.mcclaca.org\/es\/wp-json\/wp\/v2\/pages\/5867\/revisions\/6007"}],"wp:featuredmedia":[{"embeddable":true,"href":"https:\/\/www.mcclaca.org\/es\/wp-json\/wp\/v2\/media\/6719"}],"wp:attachment":[{"href":"https:\/\/www.mcclaca.org\/es\/wp-json\/wp\/v2\/media?parent=5867"}],"curies":[{"name":"wp","href":"https:\/\/api.w.org\/{rel}","templated":true}]}}