{"id":5894,"date":"2016-04-15T13:15:07","date_gmt":"2016-04-15T17:15:07","guid":{"rendered":"http:\/\/www.mcclaca.org\/es\/?page_id=5894"},"modified":"2016-06-13T16:08:09","modified_gmt":"2016-06-13T20:08:09","slug":"latin-america-the-caribbean-laca-region","status":"publish","type":"page","link":"https:\/\/www.mcclaca.org\/es\/latin-america-the-caribbean-laca-region\/","title":{"rendered":"Am\u00e9rica Latina y el Caribe (LACA) Regi\u00f3n"},"content":{"rendered":"<p>Nuestro blog viene de los programas de pa\u00edses y el programa regional de incidencia en Latinoam\u00e9rica y el Caribe (LACA) de CCM. Es un espacio para compartir ideas, historias y acciones sobre programas y asuntos de incidencia en la regi\u00f3n. Sin embargo, las opiniones expresadas en el blog no son necesariamente las opiniones de CCM.<\/p>\n<p>En Latinoam\u00e9rica y el Caribe, CCM tiene oficinas locales en siete pa\u00edses.<\/p>\n<ul>\n<li>Bolivia, con socios en Paraguay<\/li>\n<li>Colombia, con socios en Ecuador<\/li>\n<li>Guatemala, con socios y personal en El Salvador<\/li>\n<li>Hait\u00ed<\/li>\n<li>Honduras<\/li>\n<li>M\u00e9xico<\/li>\n<li>Nicaragua, con socios en Costa Rica<\/li>\n<\/ul>\n<p>El programa de Incidencia de LACA facilita an\u00e1lisis de contexto, planificaci\u00f3n estrat\u00e9gica para la incidencia, fortalecimiento organizacional y conexiones estrat\u00e9gicas entre socios. Apoyamos acciones de incidencia local y nacional con socios e iglesias en la regi\u00f3n , asi como tambi\u00e9n con iglesias y constituyentes en Canad\u00e1 y los Estados Unidos para abordar las causas estructurales de la pobreza, la violencia y la injusticia. CCM aprecia el trabajo de los socios y su conocimiento y percepci\u00f3n sobre los contextos locales; todo nuestro apoyo a la incidencia pol\u00edtica viene del trabajo y experticia de los socios.<\/p>\n<p>Las prioridades de incidencia vienen de los temas identificados por parte de los socios locales. Actualmente, estas prioridades incluyen la migraci\u00f3n, el uso y cuidado de recursos naturales y el cambio clim\u00e1tico.<\/p>\n<p>Para m\u00e1s informaci\u00f3n, contacta a los representantes de CCM en su pa\u00eds o visita la secci\u00f3n <a href=\"https:\/\/www.mcclaca.org\/es\/conectar\/\" target=\"_blank\">\u201cEstar en Contacto\u201d<\/a> del blog.<\/p>\n<p>&nbsp;<\/p>\n","protected":false},"excerpt":{"rendered":"<p>Nuestro blog viene de los programas de pa\u00edses y el programa regional de incidencia en Latinoam\u00e9rica y el Caribe (LACA) de CCM. Es un espacio para compartir ideas, historias y acciones sobre programas y asuntos de incidencia en la regi\u00f3n. Sin embargo, las opiniones expresadas en el blog no son necesariamente las opiniones de CCM. [&hellip;]<\/p>\n","protected":false},"author":2,"featured_media":0,"parent":0,"menu_order":0,"comment_status":"closed","ping_status":"closed","template":"","meta":{"nf_dc_page":"","jetpack_post_was_ever_published":false,"footnotes":""},"class_list":["post-5894","page","type-page","status-publish","hentry"],"jetpack_sharing_enabled":true,"jetpack_shortlink":"https:\/\/wp.me\/P7pJjQ-1x4","jetpack-related-posts":[{"id":607,"url":"https:\/\/www.mcclaca.org\/espanol\/","url_meta":{"origin":5894,"position":0},"title":"Espa\u00f1ol","author":"Anna Vogt","date":"22 de mayo de 2012","format":false,"excerpt":"La Incidencia en CCM de Am\u00e9rica Latina y el Caribe Este es el blog del Programa de Incidencia para la secci\u00f3n de Am\u00e9rica Latina y el Caribe del Comit\u00e9 Central Menonita (CCM).\u00a0Es un sitio para compartir ideas, historias y acci\u00f3nes con respecto a temas cr\u00edticas en la regi\u00f3n. CCM es\u2026","rel":"","context":"Entrada similar","block_context":{"text":"Entrada similar","link":""},"img":{"alt_text":"","src":"","width":0,"height":0},"classes":[]},{"id":5855,"url":"https:\/\/www.mcclaca.org\/es\/colombia\/","url_meta":{"origin":5894,"position":1},"title":"Colombia","author":"Ted Oswald","date":"15 de abril de 2016","format":false,"excerpt":"El CCM ha apoyado el trabajo en Colombia por medio de nuestros socios anabautistas desde 1976. En el 2002, el CCM abri\u00f3 una oficina en Bogot\u00e1 para darles un acompa\u00f1amiento mas cercano durante la era de los desplazamientos masivos debido al conflicto armado. El CCM apoya el trabajo de las\u2026","rel":"","context":"Entrada similar","block_context":{"text":"Entrada similar","link":""},"img":{"alt_text":"MCC Colombia logo","src":"https:\/\/i0.wp.com\/www.mcclaca.org\/wp-content\/uploads\/2016\/04\/MCC-Colombia-logo-1024x121.jpg?resize=350%2C200","width":350,"height":200,"srcset":"https:\/\/i0.wp.com\/www.mcclaca.org\/wp-content\/uploads\/2016\/04\/MCC-Colombia-logo-1024x121.jpg?resize=350%2C200 1x, https:\/\/i0.wp.com\/www.mcclaca.org\/wp-content\/uploads\/2016\/04\/MCC-Colombia-logo-1024x121.jpg?resize=525%2C300 1.5x, https:\/\/i0.wp.com\/www.mcclaca.org\/wp-content\/uploads\/2016\/04\/MCC-Colombia-logo-1024x121.jpg?resize=700%2C400 2x"},"classes":[]},{"id":5873,"url":"https:\/\/www.mcclaca.org\/es\/programas\/","url_meta":{"origin":5894,"position":2},"title":"Programas","author":"Ted Oswald","date":"15 de abril de 2016","format":false,"excerpt":"CCM tiene programas de pa\u00eds en los siguientes pa\u00edses de la regi\u00f3n LACA: Bolivia Colombia Guatemala\u00a0(administra proyectos en El Salvador) Haiti Honduras Mexico Nicaragua\u00a0(administra proyectos en Costa Rica) \u00a0","rel":"","context":"Entrada similar","block_context":{"text":"Entrada similar","link":""},"img":{"alt_text":"","src":"https:\/\/i0.wp.com\/www.mcclaca.org\/wp-content\/uploads\/2016\/04\/Where-we-work.jpg?fit=741%2C360&ssl=1&resize=350%2C200","width":350,"height":200,"srcset":"https:\/\/i0.wp.com\/www.mcclaca.org\/wp-content\/uploads\/2016\/04\/Where-we-work.jpg?fit=741%2C360&ssl=1&resize=350%2C200 1x, https:\/\/i0.wp.com\/www.mcclaca.org\/wp-content\/uploads\/2016\/04\/Where-we-work.jpg?fit=741%2C360&ssl=1&resize=525%2C300 1.5x, https:\/\/i0.wp.com\/www.mcclaca.org\/wp-content\/uploads\/2016\/04\/Where-we-work.jpg?fit=741%2C360&ssl=1&resize=700%2C400 2x"},"classes":[]},{"id":5856,"url":"https:\/\/www.mcclaca.org\/es\/guatemala-el-salvador\/","url_meta":{"origin":5894,"position":3},"title":"Guatemala &#038; El Salvador","author":"Ted Oswald","date":"15 de abril de 2016","format":false,"excerpt":"CCM inici\u00f3 su trabajo en Guatemala en 1976 despu\u00e9s de un devastador terremoto en el pa\u00eds, que mat\u00f3 a m\u00e1s de 25.000 personas y desplazo a 1,25 millones. CCM inici\u00f3 su trabajo en El Salvador en 1981 en respuesta a la crisis de refugiados, generada por la guerra civil que\u2026","rel":"","context":"Entrada similar","block_context":{"text":"Entrada similar","link":""},"img":{"alt_text":"","src":"","width":0,"height":0},"classes":[]},{"id":5858,"url":"https:\/\/www.mcclaca.org\/es\/honduras\/","url_meta":{"origin":5894,"position":4},"title":"Honduras","author":"Ted Oswald","date":"15 de abril de 2016","format":false,"excerpt":"La presencia del Comit\u00e9 Central Menonita (CCM) en Honduras se inici\u00f3 en 1980 a petici\u00f3n de la Iglesia Evang\u00e9lica Menonita Hondure\u00f1a (IEMH) que estaba trabajando con los refugiados salvadore\u00f1os en la parte occidental del pa\u00eds. CCM apoy\u00f3 la asistencia a los refugiados con recursos materiales y personal del CCM de\u2026","rel":"","context":"Entrada similar","block_context":{"text":"Entrada similar","link":""},"img":{"alt_text":"","src":"https:\/\/i0.wp.com\/www.mcclaca.org\/wp-content\/uploads\/2016\/04\/Mcc-Honduras-1-1024x120.jpg?resize=350%2C200","width":350,"height":200,"srcset":"https:\/\/i0.wp.com\/www.mcclaca.org\/wp-content\/uploads\/2016\/04\/Mcc-Honduras-1-1024x120.jpg?resize=350%2C200 1x, https:\/\/i0.wp.com\/www.mcclaca.org\/wp-content\/uploads\/2016\/04\/Mcc-Honduras-1-1024x120.jpg?resize=525%2C300 1.5x, https:\/\/i0.wp.com\/www.mcclaca.org\/wp-content\/uploads\/2016\/04\/Mcc-Honduras-1-1024x120.jpg?resize=700%2C400 2x"},"classes":[]},{"id":5696,"url":"https:\/\/www.mcclaca.org\/es\/mennonite-central-committee-mcc\/","url_meta":{"origin":5894,"position":5},"title":"Comit\u00e9 Central Menonita (CCM)","author":"Ted Oswald","date":"15 de abril de 2016","format":false,"excerpt":"El Comit\u00e9 Central Menonita (CCM), un ministerio mundial de las iglesias anabautistas, comparte el amor de Dios y su compasi\u00f3n por todos en el nombre de Cristo respondiendo a las necesidades b\u00e1sicas humanas y trabajando por la paz y la justicia. En todos nuestros programas estamos comprometidos a estar en\u2026","rel":"","context":"Entrada similar","block_context":{"text":"Entrada similar","link":""},"img":{"alt_text":"","src":"https:\/\/i0.wp.com\/www.mcclaca.org\/wp-content\/uploads\/2016\/04\/MCC-logotype-2-color-large-English-e1465852237163.png?fit=700%2C224&ssl=1&resize=350%2C200","width":350,"height":200,"srcset":"https:\/\/i0.wp.com\/www.mcclaca.org\/wp-content\/uploads\/2016\/04\/MCC-logotype-2-color-large-English-e1465852237163.png?fit=700%2C224&ssl=1&resize=350%2C200 1x, https:\/\/i0.wp.com\/www.mcclaca.org\/wp-content\/uploads\/2016\/04\/MCC-logotype-2-color-large-English-e1465852237163.png?fit=700%2C224&ssl=1&resize=525%2C300 1.5x, https:\/\/i0.wp.com\/www.mcclaca.org\/wp-content\/uploads\/2016\/04\/MCC-logotype-2-color-large-English-e1465852237163.png?fit=700%2C224&ssl=1&resize=700%2C400 2x"},"classes":[]}],"_links":{"self":[{"href":"https:\/\/www.mcclaca.org\/es\/wp-json\/wp\/v2\/pages\/5894","targetHints":{"allow":["GET"]}}],"collection":[{"href":"https:\/\/www.mcclaca.org\/es\/wp-json\/wp\/v2\/pages"}],"about":[{"href":"https:\/\/www.mcclaca.org\/es\/wp-json\/wp\/v2\/types\/page"}],"author":[{"embeddable":true,"href":"https:\/\/www.mcclaca.org\/es\/wp-json\/wp\/v2\/users\/2"}],"replies":[{"embeddable":true,"href":"https:\/\/www.mcclaca.org\/es\/wp-json\/wp\/v2\/comments?post=5894"}],"version-history":[{"count":5,"href":"https:\/\/www.mcclaca.org\/es\/wp-json\/wp\/v2\/pages\/5894\/revisions"}],"predecessor-version":[{"id":6860,"href":"https:\/\/www.mcclaca.org\/es\/wp-json\/wp\/v2\/pages\/5894\/revisions\/6860"}],"wp:attachment":[{"href":"https:\/\/www.mcclaca.org\/es\/wp-json\/wp\/v2\/media?parent=5894"}],"curies":[{"name":"wp","href":"https:\/\/api.w.org\/{rel}","templated":true}]}}